{"id":11416,"date":"2024-04-04T16:10:30","date_gmt":"2024-04-04T14:10:30","guid":{"rendered":"https:\/\/24ice.com\/?post_type=product&#038;p=11416"},"modified":"2025-03-14T16:35:34","modified_gmt":"2025-03-14T15:35:34","slug":"watermelonmojito","status":"publish","type":"product","link":"https:\/\/24ice.com\/de\/produkt\/watermelonmojito\/","title":{"rendered":"Watermelon Mojito"},"content":{"rendered":"<p>Tauchen Sie ein in eine Welt voller erfrischender Aromen und endloser Sommerstimmung mit unserem Frozen Cocktail Watermelon Mojito.<\/p>\n<p><strong>Wie er schmeckt.<\/strong><\/p>\n<p>Der Watermelon Mojito ist eine k\u00f6stliche Abwandlung des klassischen Mojito, die traditionelle Minz- und Zitrusaromen mit der erfrischenden S\u00fc\u00dfe der Wassermelone kombiniert.<\/p>\n<p><strong>Wie es funktioniert.<\/strong><\/p>\n<p>Frieren Sie die fl\u00fcssigen Sticks bei einer Temperatur unter -18 \u00b0C ein (Standard-Gefrierschrank). Das Eis schmeckt am besten, wenn es vollst\u00e4ndig gefroren ist.<\/p>\n<p>Der Watermelon Mojito Frozen Cocktail enth\u00e4lt 5% Alkohol und nur 56 Kalorien. Erh\u00e4ltlich im 5er-Pack und 50er-Pack.<\/p>\n","protected":false},"excerpt":{"rendered":"<p>Tauchen Sie ein in eine Welt voller erfrischender Aromen und endloser Sommerstimmung mit unserem Frozen Cocktail Watermelon Mojito. Wie er schmeckt. Der Watermelon Mojito ist eine k\u00f6stliche Abwandlung des klassischen Mojito, die traditionelle Minz- und Zitrusaromen mit der erfrischenden S\u00fc\u00dfe der Wassermelone kombiniert. Wie es funktioniert. Frieren Sie die fl\u00fcssigen Sticks bei einer Temperatur unter [&hellip;]<\/p>\n","protected":false},"featured_media":11394,"template":"","meta":{"_acf_changed":false,"content-type":"","_improvement_type_select":"improve_an_existing","_thumb_yes_seoaic":false,"_frame_yes_seoaic":false,"seoaic_generate_description":"","seoaic_improve_instructions_prompt":"","seoaic_rollback_content_improvement":"","seoaic_idea_thumbnail_generator":"","thumbnail_generated":false,"thumbnail_generate_prompt":"","seoaic_article_description":""},"product_brand":[],"product_cat":[116],"product_tag":[],"class_list":{"0":"post-11416","1":"product","2":"type-product","3":"status-publish","4":"has-post-thumbnail","6":"product_cat-frozen-cocktail-de","8":"first","9":"instock","10":"taxable","11":"shipping-taxable","12":"purchasable","13":"product-type-simple"},"acf":[],"yoast_head":"<!-- This site is optimized with the Yoast SEO plugin v27.2 - https:\/\/yoast.com\/product\/yoast-seo-wordpress\/ -->\n<title>Watermelon Mojito 50-pack - DE - 24 ICE<\/title>\n<meta name=\"description\" content=\"Jetzt kaufen Watermelon Mojito 50-pack, ein Frozen Cocktail mit 5% Alkohol - Das 24 ICE Frozen Cocktail ist der Hit des Sommers!\" \/>\n<meta name=\"robots\" content=\"index, follow, max-snippet:-1, max-image-preview:large, max-video-preview:-1\" \/>\n<link rel=\"canonical\" href=\"https:\/\/24ice.com\/de\/produkt\/watermelonmojito\/\" \/>\n<meta property=\"og:locale\" content=\"de_DE\" \/>\n<meta property=\"og:type\" content=\"article\" \/>\n<meta property=\"og:title\" content=\"Watermelon Mojito 50-pack - DE - 24 ICE\" \/>\n<meta property=\"og:description\" content=\"Jetzt kaufen Watermelon Mojito 50-pack, ein Frozen Cocktail mit 5% Alkohol - Das 24 ICE Frozen Cocktail ist der Hit des Sommers!\" \/>\n<meta property=\"og:url\" content=\"https:\/\/24ice.com\/de\/produkt\/watermelonmojito\/\" \/>\n<meta property=\"og:site_name\" content=\"24 ICE\" \/>\n<meta property=\"article:publisher\" content=\"https:\/\/www.facebook.com\/24ICEAmsterdam\/\" \/>\n<meta property=\"article:modified_time\" content=\"2025-03-14T15:35:34+00:00\" \/>\n<meta property=\"og:image\" content=\"https:\/\/24ice.com\/wp-content\/uploads\/WAT50-Stick-Fruit-Shadow-HR-1116x1080.png\" \/>\n\t<meta property=\"og:image:width\" content=\"1116\" \/>\n\t<meta property=\"og:image:height\" content=\"1080\" \/>\n\t<meta property=\"og:image:type\" content=\"image\/png\" \/>\n<meta name=\"twitter:card\" content=\"summary_large_image\" \/>\n<meta name=\"twitter:label1\" content=\"Gesch\u00e4tzte Lesezeit\" \/>\n\t<meta name=\"twitter:data1\" content=\"2\u00a0Minuten\" \/>\n<script type=\"application\/ld+json\" class=\"yoast-schema-graph\">{\"@context\":\"https:\/\/schema.org\",\"@graph\":[{\"@type\":\"WebPage\",\"@id\":\"https:\/\/24ice.com\/de\/produkt\/watermelonmojito\/\",\"url\":\"https:\/\/24ice.com\/de\/produkt\/watermelonmojito\/\",\"name\":\"Watermelon Mojito 50-pack - DE - 24 ICE\",\"isPartOf\":{\"@id\":\"https:\/\/24ice.com\/de\/#website\"},\"primaryImageOfPage\":{\"@id\":\"https:\/\/24ice.com\/de\/produkt\/watermelonmojito\/#primaryimage\"},\"image\":{\"@id\":\"https:\/\/24ice.com\/de\/produkt\/watermelonmojito\/#primaryimage\"},\"thumbnailUrl\":\"https:\/\/24ice.com\/wp-content\/uploads\/WAT50-Stick-Fruit-Shadow-HR.png\",\"datePublished\":\"2024-04-04T14:10:30+00:00\",\"dateModified\":\"2025-03-14T15:35:34+00:00\",\"description\":\"Jetzt kaufen Watermelon Mojito 50-pack, ein Frozen Cocktail mit 5% Alkohol - Das 24 ICE Frozen Cocktail ist der Hit des Sommers!\",\"breadcrumb\":{\"@id\":\"https:\/\/24ice.com\/de\/produkt\/watermelonmojito\/#breadcrumb\"},\"inLanguage\":\"de\",\"potentialAction\":[{\"@type\":\"ReadAction\",\"target\":[\"https:\/\/24ice.com\/de\/produkt\/watermelonmojito\/\"]}]},{\"@type\":\"ImageObject\",\"inLanguage\":\"de\",\"@id\":\"https:\/\/24ice.com\/de\/produkt\/watermelonmojito\/#primaryimage\",\"url\":\"https:\/\/24ice.com\/wp-content\/uploads\/WAT50-Stick-Fruit-Shadow-HR.png\",\"contentUrl\":\"https:\/\/24ice.com\/wp-content\/uploads\/WAT50-Stick-Fruit-Shadow-HR.png\",\"width\":7323,\"height\":7087},{\"@type\":\"BreadcrumbList\",\"@id\":\"https:\/\/24ice.com\/de\/produkt\/watermelonmojito\/#breadcrumb\",\"itemListElement\":[{\"@type\":\"ListItem\",\"position\":1,\"name\":\"Home\",\"item\":\"https:\/\/24ice.com\/de\/\"},{\"@type\":\"ListItem\",\"position\":2,\"name\":\"Watermelon Mojito\"}]},{\"@type\":\"WebSite\",\"@id\":\"https:\/\/24ice.com\/de\/#website\",\"url\":\"https:\/\/24ice.com\/de\/\",\"name\":\"24 ICE\",\"description\":\"Frozen Cocktails\",\"publisher\":{\"@id\":\"https:\/\/24ice.com\/de\/#organization\"},\"potentialAction\":[{\"@type\":\"SearchAction\",\"target\":{\"@type\":\"EntryPoint\",\"urlTemplate\":\"https:\/\/24ice.com\/de\/?s={search_term_string}\"},\"query-input\":{\"@type\":\"PropertyValueSpecification\",\"valueRequired\":true,\"valueName\":\"search_term_string\"}}],\"inLanguage\":\"de\"},{\"@type\":\"Organization\",\"@id\":\"https:\/\/24ice.com\/de\/#organization\",\"name\":\"24 ICE B.V.\",\"url\":\"https:\/\/24ice.com\/de\/\",\"logo\":{\"@type\":\"ImageObject\",\"inLanguage\":\"de\",\"@id\":\"https:\/\/24ice.com\/de\/#\/schema\/logo\/image\/\",\"url\":\"https:\/\/24ice.com\/wp-content\/uploads\/24-ICE-Combi-Logo-Zwart.png\",\"contentUrl\":\"https:\/\/24ice.com\/wp-content\/uploads\/24-ICE-Combi-Logo-Zwart.png\",\"width\":5409,\"height\":1838,\"caption\":\"24 ICE B.V.\"},\"image\":{\"@id\":\"https:\/\/24ice.com\/de\/#\/schema\/logo\/image\/\"},\"sameAs\":[\"https:\/\/www.facebook.com\/24ICEAmsterdam\/\",\"https:\/\/www.instagram.com\/24_ice\/\",\"https:\/\/www.linkedin.com\/company\/24-ice\/\",\"https:\/\/www.youtube.com\/channel\/UCsiRoIO6jQG2JMFYbY1lrdA\"]}]}<\/script>\n<!-- \/ Yoast SEO plugin. -->","yoast_head_json":{"title":"Watermelon Mojito 50-pack - DE - 24 ICE","description":"Jetzt kaufen Watermelon Mojito 50-pack, ein Frozen Cocktail mit 5% Alkohol - Das 24 ICE Frozen Cocktail ist der Hit des Sommers!","robots":{"index":"index","follow":"follow","max-snippet":"max-snippet:-1","max-image-preview":"max-image-preview:large","max-video-preview":"max-video-preview:-1"},"canonical":"https:\/\/24ice.com\/de\/produkt\/watermelonmojito\/","og_locale":"de_DE","og_type":"article","og_title":"Watermelon Mojito 50-pack - DE - 24 ICE","og_description":"Jetzt kaufen Watermelon Mojito 50-pack, ein Frozen Cocktail mit 5% Alkohol - Das 24 ICE Frozen Cocktail ist der Hit des Sommers!","og_url":"https:\/\/24ice.com\/de\/produkt\/watermelonmojito\/","og_site_name":"24 ICE","article_publisher":"https:\/\/www.facebook.com\/24ICEAmsterdam\/","article_modified_time":"2025-03-14T15:35:34+00:00","og_image":[{"width":1116,"height":1080,"url":"https:\/\/24ice.com\/wp-content\/uploads\/WAT50-Stick-Fruit-Shadow-HR-1116x1080.png","type":"image\/png"}],"twitter_card":"summary_large_image","twitter_misc":{"Gesch\u00e4tzte Lesezeit":"2\u00a0Minuten"},"schema":{"@context":"https:\/\/schema.org","@graph":[{"@type":"WebPage","@id":"https:\/\/24ice.com\/de\/produkt\/watermelonmojito\/","url":"https:\/\/24ice.com\/de\/produkt\/watermelonmojito\/","name":"Watermelon Mojito 50-pack - DE - 24 ICE","isPartOf":{"@id":"https:\/\/24ice.com\/de\/#website"},"primaryImageOfPage":{"@id":"https:\/\/24ice.com\/de\/produkt\/watermelonmojito\/#primaryimage"},"image":{"@id":"https:\/\/24ice.com\/de\/produkt\/watermelonmojito\/#primaryimage"},"thumbnailUrl":"https:\/\/24ice.com\/wp-content\/uploads\/WAT50-Stick-Fruit-Shadow-HR.png","datePublished":"2024-04-04T14:10:30+00:00","dateModified":"2025-03-14T15:35:34+00:00","description":"Jetzt kaufen Watermelon Mojito 50-pack, ein Frozen Cocktail mit 5% Alkohol - Das 24 ICE Frozen Cocktail ist der Hit des Sommers!","breadcrumb":{"@id":"https:\/\/24ice.com\/de\/produkt\/watermelonmojito\/#breadcrumb"},"inLanguage":"de","potentialAction":[{"@type":"ReadAction","target":["https:\/\/24ice.com\/de\/produkt\/watermelonmojito\/"]}]},{"@type":"ImageObject","inLanguage":"de","@id":"https:\/\/24ice.com\/de\/produkt\/watermelonmojito\/#primaryimage","url":"https:\/\/24ice.com\/wp-content\/uploads\/WAT50-Stick-Fruit-Shadow-HR.png","contentUrl":"https:\/\/24ice.com\/wp-content\/uploads\/WAT50-Stick-Fruit-Shadow-HR.png","width":7323,"height":7087},{"@type":"BreadcrumbList","@id":"https:\/\/24ice.com\/de\/produkt\/watermelonmojito\/#breadcrumb","itemListElement":[{"@type":"ListItem","position":1,"name":"Home","item":"https:\/\/24ice.com\/de\/"},{"@type":"ListItem","position":2,"name":"Watermelon Mojito"}]},{"@type":"WebSite","@id":"https:\/\/24ice.com\/de\/#website","url":"https:\/\/24ice.com\/de\/","name":"24 ICE","description":"Frozen Cocktails","publisher":{"@id":"https:\/\/24ice.com\/de\/#organization"},"potentialAction":[{"@type":"SearchAction","target":{"@type":"EntryPoint","urlTemplate":"https:\/\/24ice.com\/de\/?s={search_term_string}"},"query-input":{"@type":"PropertyValueSpecification","valueRequired":true,"valueName":"search_term_string"}}],"inLanguage":"de"},{"@type":"Organization","@id":"https:\/\/24ice.com\/de\/#organization","name":"24 ICE B.V.","url":"https:\/\/24ice.com\/de\/","logo":{"@type":"ImageObject","inLanguage":"de","@id":"https:\/\/24ice.com\/de\/#\/schema\/logo\/image\/","url":"https:\/\/24ice.com\/wp-content\/uploads\/24-ICE-Combi-Logo-Zwart.png","contentUrl":"https:\/\/24ice.com\/wp-content\/uploads\/24-ICE-Combi-Logo-Zwart.png","width":5409,"height":1838,"caption":"24 ICE B.V."},"image":{"@id":"https:\/\/24ice.com\/de\/#\/schema\/logo\/image\/"},"sameAs":["https:\/\/www.facebook.com\/24ICEAmsterdam\/","https:\/\/www.instagram.com\/24_ice\/","https:\/\/www.linkedin.com\/company\/24-ice\/","https:\/\/www.youtube.com\/channel\/UCsiRoIO6jQG2JMFYbY1lrdA"]}]}},"_links":{"self":[{"href":"https:\/\/24ice.com\/de\/wp-json\/wp\/v2\/product\/11416","targetHints":{"allow":["GET"]}}],"collection":[{"href":"https:\/\/24ice.com\/de\/wp-json\/wp\/v2\/product"}],"about":[{"href":"https:\/\/24ice.com\/de\/wp-json\/wp\/v2\/types\/product"}],"wp:featuredmedia":[{"embeddable":true,"href":"https:\/\/24ice.com\/de\/wp-json\/wp\/v2\/media\/11394"}],"wp:attachment":[{"href":"https:\/\/24ice.com\/de\/wp-json\/wp\/v2\/media?parent=11416"}],"wp:term":[{"taxonomy":"product_brand","embeddable":true,"href":"https:\/\/24ice.com\/de\/wp-json\/wp\/v2\/product_brand?post=11416"},{"taxonomy":"product_cat","embeddable":true,"href":"https:\/\/24ice.com\/de\/wp-json\/wp\/v2\/product_cat?post=11416"},{"taxonomy":"product_tag","embeddable":true,"href":"https:\/\/24ice.com\/de\/wp-json\/wp\/v2\/product_tag?post=11416"}],"curies":[{"name":"wp","href":"https:\/\/api.w.org\/{rel}","templated":true}]}}