{"id":11585,"date":"2024-04-09T11:12:14","date_gmt":"2024-04-09T09:12:14","guid":{"rendered":"https:\/\/24ice.com\/?post_type=product&#038;p=11585"},"modified":"2025-04-30T09:28:03","modified_gmt":"2025-04-30T07:28:03","slug":"mix-packung-new","status":"publish","type":"product","link":"https:\/\/24ice.com\/de\/produkt\/mix-packung-new\/","title":{"rendered":"Mix Packung NEW"},"content":{"rendered":"<h2>Die neuesten Geschmacksrichtungen, jetzt in einer Mix-Packung!<\/h2>\n<p>Die erfrischenden Frozen Cocktails sind Eiscremes in allen m\u00f6glichen Farben und Geschmacksrichtungen. Wir k\u00f6nnen uns vorstellen, dass es schwer ist, aus all den Geschmacksrichtungen von 24 ICE zu w\u00e4hlen. Nat\u00fcrlich willst du sie alle probieren! Mit unserem Mix-Paket 2.0, das unsere f\u00fcnf neuesten Geschmacksrichtungen enth\u00e4lt, machen wir es Ihnen ein wenig leichter.<\/p>\n<p><strong>Die Geschmacksrichtungen<\/strong><\/p>\n<p>Wassermelone Mojito, Margarita, Passionsfrucht Martini, Strawberry Daiquiri und Mojito.<\/p>\n<p><strong>Wie es funktioniert<\/strong><\/p>\n<p>Frieren Sie die fl\u00fcssigen Sticks bei einer Temperatur von unter -18 \u00b0C ein (Standard-Gefrierschrank). Das Eis schmeckt am besten, wenn es vollst\u00e4ndig gefroren ist, enth\u00e4lt 5% Alkohol und nur 56 Kalorien pro St\u00fcck. Erh\u00e4ltlich in 5er-, 10er- und 50er-Packungen.<\/p>\n","protected":false},"excerpt":{"rendered":"<p>Die neuesten Geschmacksrichtungen, jetzt in einer Mix-Packung! Die erfrischenden Frozen Cocktails sind Eiscremes in allen m\u00f6glichen Farben und Geschmacksrichtungen. Wir k\u00f6nnen uns vorstellen, dass es schwer ist, aus all den Geschmacksrichtungen von 24 ICE zu w\u00e4hlen. Nat\u00fcrlich willst du sie alle probieren! Mit unserem Mix-Paket 2.0, das unsere f\u00fcnf neuesten Geschmacksrichtungen enth\u00e4lt, machen wir es [&hellip;]<\/p>\n","protected":false},"featured_media":11549,"template":"","meta":{"_acf_changed":false,"content-type":"","_improvement_type_select":"improve_an_existing","_thumb_yes_seoaic":false,"_frame_yes_seoaic":false,"seoaic_generate_description":"","seoaic_improve_instructions_prompt":"","seoaic_rollback_content_improvement":"","seoaic_idea_thumbnail_generator":"","thumbnail_generated":false,"thumbnail_generate_prompt":"","seoaic_article_description":""},"product_brand":[],"product_cat":[116],"product_tag":[140],"class_list":{"0":"post-11585","1":"product","2":"type-product","3":"status-publish","4":"has-post-thumbnail","6":"product_cat-frozen-cocktail-de","7":"product_tag-mix-de","9":"first","10":"instock","11":"taxable","12":"shipping-taxable","13":"purchasable","14":"product-type-simple"},"acf":[],"yoast_head":"<!-- This site is optimized with the Yoast SEO plugin v27.2 - https:\/\/yoast.com\/product\/yoast-seo-wordpress\/ -->\n<title>Mix Packung NEW 50-pack - 24 ICE<\/title>\n<meta name=\"description\" content=\"Kaufen Sie Mix Packung NEW 50-pack, einen Frozen Cocktail mit5% Alkohol- FREEZE THE FUN mit diesemFrozen Cocktail\" \/>\n<meta name=\"robots\" content=\"index, follow, max-snippet:-1, max-image-preview:large, max-video-preview:-1\" \/>\n<link rel=\"canonical\" href=\"https:\/\/24ice.com\/de\/produkt\/mix-packung-new\/\" \/>\n<meta property=\"og:locale\" content=\"de_DE\" \/>\n<meta property=\"og:type\" content=\"article\" \/>\n<meta property=\"og:title\" content=\"Mix Packung NEW 50-pack - 24 ICE\" \/>\n<meta property=\"og:description\" content=\"Kaufen Sie Mix Packung NEW 50-pack, einen Frozen Cocktail mit5% Alkohol- FREEZE THE FUN mit diesemFrozen Cocktail\" \/>\n<meta property=\"og:url\" content=\"https:\/\/24ice.com\/de\/produkt\/mix-packung-new\/\" \/>\n<meta property=\"og:site_name\" content=\"24 ICE\" \/>\n<meta property=\"article:publisher\" content=\"https:\/\/www.facebook.com\/24ICEAmsterdam\/\" \/>\n<meta property=\"article:modified_time\" content=\"2025-04-30T07:28:03+00:00\" \/>\n<meta property=\"og:image\" content=\"https:\/\/24ice.com\/wp-content\/uploads\/24-ICE-50-pack-Mix-Package-Nieuwe-smaken-1374x1080.png\" \/>\n\t<meta property=\"og:image:width\" content=\"1374\" \/>\n\t<meta property=\"og:image:height\" content=\"1080\" \/>\n\t<meta property=\"og:image:type\" content=\"image\/png\" \/>\n<meta name=\"twitter:card\" content=\"summary_large_image\" \/>\n<meta name=\"twitter:label1\" content=\"Gesch\u00e4tzte Lesezeit\" \/>\n\t<meta name=\"twitter:data1\" content=\"2\u00a0Minuten\" \/>\n<script type=\"application\/ld+json\" class=\"yoast-schema-graph\">{\"@context\":\"https:\/\/schema.org\",\"@graph\":[{\"@type\":\"WebPage\",\"@id\":\"https:\/\/24ice.com\/de\/produkt\/mix-packung-new\/\",\"url\":\"https:\/\/24ice.com\/de\/produkt\/mix-packung-new\/\",\"name\":\"Mix Packung NEW 50-pack - 24 ICE\",\"isPartOf\":{\"@id\":\"https:\/\/24ice.com\/de\/#website\"},\"primaryImageOfPage\":{\"@id\":\"https:\/\/24ice.com\/de\/produkt\/mix-packung-new\/#primaryimage\"},\"image\":{\"@id\":\"https:\/\/24ice.com\/de\/produkt\/mix-packung-new\/#primaryimage\"},\"thumbnailUrl\":\"https:\/\/24ice.com\/wp-content\/uploads\/24-ICE-50-pack-Mix-Package-Nieuwe-smaken.png\",\"datePublished\":\"2024-04-09T09:12:14+00:00\",\"dateModified\":\"2025-04-30T07:28:03+00:00\",\"description\":\"Kaufen Sie Mix Packung NEW 50-pack, einen Frozen Cocktail mit5% Alkohol- FREEZE THE FUN mit diesemFrozen Cocktail\",\"breadcrumb\":{\"@id\":\"https:\/\/24ice.com\/de\/produkt\/mix-packung-new\/#breadcrumb\"},\"inLanguage\":\"de\",\"potentialAction\":[{\"@type\":\"ReadAction\",\"target\":[\"https:\/\/24ice.com\/de\/produkt\/mix-packung-new\/\"]}]},{\"@type\":\"ImageObject\",\"inLanguage\":\"de\",\"@id\":\"https:\/\/24ice.com\/de\/produkt\/mix-packung-new\/#primaryimage\",\"url\":\"https:\/\/24ice.com\/wp-content\/uploads\/24-ICE-50-pack-Mix-Package-Nieuwe-smaken.png\",\"contentUrl\":\"https:\/\/24ice.com\/wp-content\/uploads\/24-ICE-50-pack-Mix-Package-Nieuwe-smaken.png\",\"width\":4637,\"height\":3646},{\"@type\":\"BreadcrumbList\",\"@id\":\"https:\/\/24ice.com\/de\/produkt\/mix-packung-new\/#breadcrumb\",\"itemListElement\":[{\"@type\":\"ListItem\",\"position\":1,\"name\":\"Home\",\"item\":\"https:\/\/24ice.com\/de\/\"},{\"@type\":\"ListItem\",\"position\":2,\"name\":\"Mix Packung NEW\"}]},{\"@type\":\"WebSite\",\"@id\":\"https:\/\/24ice.com\/de\/#website\",\"url\":\"https:\/\/24ice.com\/de\/\",\"name\":\"24 ICE\",\"description\":\"Frozen Cocktails\",\"publisher\":{\"@id\":\"https:\/\/24ice.com\/de\/#organization\"},\"potentialAction\":[{\"@type\":\"SearchAction\",\"target\":{\"@type\":\"EntryPoint\",\"urlTemplate\":\"https:\/\/24ice.com\/de\/?s={search_term_string}\"},\"query-input\":{\"@type\":\"PropertyValueSpecification\",\"valueRequired\":true,\"valueName\":\"search_term_string\"}}],\"inLanguage\":\"de\"},{\"@type\":\"Organization\",\"@id\":\"https:\/\/24ice.com\/de\/#organization\",\"name\":\"24 ICE B.V.\",\"url\":\"https:\/\/24ice.com\/de\/\",\"logo\":{\"@type\":\"ImageObject\",\"inLanguage\":\"de\",\"@id\":\"https:\/\/24ice.com\/de\/#\/schema\/logo\/image\/\",\"url\":\"https:\/\/24ice.com\/wp-content\/uploads\/24-ICE-Combi-Logo-Zwart.png\",\"contentUrl\":\"https:\/\/24ice.com\/wp-content\/uploads\/24-ICE-Combi-Logo-Zwart.png\",\"width\":5409,\"height\":1838,\"caption\":\"24 ICE B.V.\"},\"image\":{\"@id\":\"https:\/\/24ice.com\/de\/#\/schema\/logo\/image\/\"},\"sameAs\":[\"https:\/\/www.facebook.com\/24ICEAmsterdam\/\",\"https:\/\/www.instagram.com\/24_ice\/\",\"https:\/\/www.linkedin.com\/company\/24-ice\/\",\"https:\/\/www.youtube.com\/channel\/UCsiRoIO6jQG2JMFYbY1lrdA\"]}]}<\/script>\n<!-- \/ Yoast SEO plugin. -->","yoast_head_json":{"title":"Mix Packung NEW 50-pack - 24 ICE","description":"Kaufen Sie Mix Packung NEW 50-pack, einen Frozen Cocktail mit5% Alkohol- FREEZE THE FUN mit diesemFrozen Cocktail","robots":{"index":"index","follow":"follow","max-snippet":"max-snippet:-1","max-image-preview":"max-image-preview:large","max-video-preview":"max-video-preview:-1"},"canonical":"https:\/\/24ice.com\/de\/produkt\/mix-packung-new\/","og_locale":"de_DE","og_type":"article","og_title":"Mix Packung NEW 50-pack - 24 ICE","og_description":"Kaufen Sie Mix Packung NEW 50-pack, einen Frozen Cocktail mit5% Alkohol- FREEZE THE FUN mit diesemFrozen Cocktail","og_url":"https:\/\/24ice.com\/de\/produkt\/mix-packung-new\/","og_site_name":"24 ICE","article_publisher":"https:\/\/www.facebook.com\/24ICEAmsterdam\/","article_modified_time":"2025-04-30T07:28:03+00:00","og_image":[{"width":1374,"height":1080,"url":"https:\/\/24ice.com\/wp-content\/uploads\/24-ICE-50-pack-Mix-Package-Nieuwe-smaken-1374x1080.png","type":"image\/png"}],"twitter_card":"summary_large_image","twitter_misc":{"Gesch\u00e4tzte Lesezeit":"2\u00a0Minuten"},"schema":{"@context":"https:\/\/schema.org","@graph":[{"@type":"WebPage","@id":"https:\/\/24ice.com\/de\/produkt\/mix-packung-new\/","url":"https:\/\/24ice.com\/de\/produkt\/mix-packung-new\/","name":"Mix Packung NEW 50-pack - 24 ICE","isPartOf":{"@id":"https:\/\/24ice.com\/de\/#website"},"primaryImageOfPage":{"@id":"https:\/\/24ice.com\/de\/produkt\/mix-packung-new\/#primaryimage"},"image":{"@id":"https:\/\/24ice.com\/de\/produkt\/mix-packung-new\/#primaryimage"},"thumbnailUrl":"https:\/\/24ice.com\/wp-content\/uploads\/24-ICE-50-pack-Mix-Package-Nieuwe-smaken.png","datePublished":"2024-04-09T09:12:14+00:00","dateModified":"2025-04-30T07:28:03+00:00","description":"Kaufen Sie Mix Packung NEW 50-pack, einen Frozen Cocktail mit5% Alkohol- FREEZE THE FUN mit diesemFrozen Cocktail","breadcrumb":{"@id":"https:\/\/24ice.com\/de\/produkt\/mix-packung-new\/#breadcrumb"},"inLanguage":"de","potentialAction":[{"@type":"ReadAction","target":["https:\/\/24ice.com\/de\/produkt\/mix-packung-new\/"]}]},{"@type":"ImageObject","inLanguage":"de","@id":"https:\/\/24ice.com\/de\/produkt\/mix-packung-new\/#primaryimage","url":"https:\/\/24ice.com\/wp-content\/uploads\/24-ICE-50-pack-Mix-Package-Nieuwe-smaken.png","contentUrl":"https:\/\/24ice.com\/wp-content\/uploads\/24-ICE-50-pack-Mix-Package-Nieuwe-smaken.png","width":4637,"height":3646},{"@type":"BreadcrumbList","@id":"https:\/\/24ice.com\/de\/produkt\/mix-packung-new\/#breadcrumb","itemListElement":[{"@type":"ListItem","position":1,"name":"Home","item":"https:\/\/24ice.com\/de\/"},{"@type":"ListItem","position":2,"name":"Mix Packung NEW"}]},{"@type":"WebSite","@id":"https:\/\/24ice.com\/de\/#website","url":"https:\/\/24ice.com\/de\/","name":"24 ICE","description":"Frozen Cocktails","publisher":{"@id":"https:\/\/24ice.com\/de\/#organization"},"potentialAction":[{"@type":"SearchAction","target":{"@type":"EntryPoint","urlTemplate":"https:\/\/24ice.com\/de\/?s={search_term_string}"},"query-input":{"@type":"PropertyValueSpecification","valueRequired":true,"valueName":"search_term_string"}}],"inLanguage":"de"},{"@type":"Organization","@id":"https:\/\/24ice.com\/de\/#organization","name":"24 ICE B.V.","url":"https:\/\/24ice.com\/de\/","logo":{"@type":"ImageObject","inLanguage":"de","@id":"https:\/\/24ice.com\/de\/#\/schema\/logo\/image\/","url":"https:\/\/24ice.com\/wp-content\/uploads\/24-ICE-Combi-Logo-Zwart.png","contentUrl":"https:\/\/24ice.com\/wp-content\/uploads\/24-ICE-Combi-Logo-Zwart.png","width":5409,"height":1838,"caption":"24 ICE B.V."},"image":{"@id":"https:\/\/24ice.com\/de\/#\/schema\/logo\/image\/"},"sameAs":["https:\/\/www.facebook.com\/24ICEAmsterdam\/","https:\/\/www.instagram.com\/24_ice\/","https:\/\/www.linkedin.com\/company\/24-ice\/","https:\/\/www.youtube.com\/channel\/UCsiRoIO6jQG2JMFYbY1lrdA"]}]}},"_links":{"self":[{"href":"https:\/\/24ice.com\/de\/wp-json\/wp\/v2\/product\/11585","targetHints":{"allow":["GET"]}}],"collection":[{"href":"https:\/\/24ice.com\/de\/wp-json\/wp\/v2\/product"}],"about":[{"href":"https:\/\/24ice.com\/de\/wp-json\/wp\/v2\/types\/product"}],"wp:featuredmedia":[{"embeddable":true,"href":"https:\/\/24ice.com\/de\/wp-json\/wp\/v2\/media\/11549"}],"wp:attachment":[{"href":"https:\/\/24ice.com\/de\/wp-json\/wp\/v2\/media?parent=11585"}],"wp:term":[{"taxonomy":"product_brand","embeddable":true,"href":"https:\/\/24ice.com\/de\/wp-json\/wp\/v2\/product_brand?post=11585"},{"taxonomy":"product_cat","embeddable":true,"href":"https:\/\/24ice.com\/de\/wp-json\/wp\/v2\/product_cat?post=11585"},{"taxonomy":"product_tag","embeddable":true,"href":"https:\/\/24ice.com\/de\/wp-json\/wp\/v2\/product_tag?post=11585"}],"curies":[{"name":"wp","href":"https:\/\/api.w.org\/{rel}","templated":true}]}}