{"id":4756,"date":"2021-03-12T14:49:17","date_gmt":"2021-03-12T13:49:17","guid":{"rendered":"https:\/\/24ice.com\/product\/mojito-50-pack\/"},"modified":"2025-03-14T16:38:07","modified_gmt":"2025-03-14T15:38:07","slug":"mojito-50-pack","status":"publish","type":"product","link":"https:\/\/24ice.com\/de\/produkt\/mojito-50-pack\/","title":{"rendered":"Mojito ICE"},"content":{"rendered":"<h2><strong>Kubanische Party mit Mojito<\/strong><\/h2>\n<p><span style=\"font-weight: 400;\">Die erfrischenden Frozen Cocktails sind Poptails in allen m\u00f6glichen Farben und Geschmacksrichtungen. Eine dieser farbenfrohen Sorten ist das klassische Mojito\u00a0ICE.<\/span><\/p>\n<p><span style=\"font-weight: 400;\">Der Mojito ist einer der \u00e4ltesten kubanischen Cocktails. Heute ist er als erfrischender Durstl\u00f6scher aus dem Nachtleben nicht mehr wegzudenken und jetzt auch als Cocktaileis erh\u00e4ltlich. Der Original-Cocktail aus Kuba besteht aus 5\u00a0Grundzutaten: wei\u00dfer Rum, Zucker, Limettensaft, kohlens\u00e4urehaltiges Mineralwasser und Minze.<\/span><\/p>\n<p><b>Wie schmeckt es?<\/b><\/p>\n<p><span style=\"font-weight: 400;\">Das Mojito ICE schmeckt genau wie ein echter Mojito. Genie\u00dfen Sie diesen erfrischenden Sommer-Cocktail mit dem charakteristischen Minzgeschmack.<\/span><\/p>\n<p><b>Wie funktioniert es?<\/b><\/p>\n<p><span style=\"font-weight: 400;\">Legen Sie das fl\u00fcssige Produkt f\u00fcr 24\u00a0Stunden ins Gefrierfach (-18\u00a0\u00b0C), e voil\u00e0, schon sind Ihre Frozen Cocktails servierfertig.<\/span><\/p>\n<p><span style=\"font-weight: 400;\">Die Frozen Cocktails enthalten 5\u00a0% Alkohol und nur 56\u00a0Kalorien pro St\u00fcck. Erh\u00e4ltlich als 5er-Packung und als 50er-Packung.<\/span><\/p>\n","protected":false},"excerpt":{"rendered":"<p>Kubanische Party mit Mojito Die erfrischenden Frozen Cocktails sind Poptails in allen m\u00f6glichen Farben und Geschmacksrichtungen. Eine dieser farbenfrohen Sorten ist das klassische Mojito\u00a0ICE. Der Mojito ist einer der \u00e4ltesten kubanischen Cocktails. Heute ist er als erfrischender Durstl\u00f6scher aus dem Nachtleben nicht mehr wegzudenken und jetzt auch als Cocktaileis erh\u00e4ltlich. Der Original-Cocktail aus Kuba besteht [&hellip;]<\/p>\n","protected":false},"featured_media":4987,"template":"","meta":{"_acf_changed":false,"content-type":"","_improvement_type_select":"improve_an_existing","_thumb_yes_seoaic":false,"_frame_yes_seoaic":false,"seoaic_generate_description":"","seoaic_improve_instructions_prompt":"","seoaic_rollback_content_improvement":"","seoaic_idea_thumbnail_generator":"","thumbnail_generated":false,"thumbnail_generate_prompt":"","seoaic_article_description":""},"product_brand":[],"product_cat":[116],"product_tag":[],"class_list":{"0":"post-4756","1":"product","2":"type-product","3":"status-publish","4":"has-post-thumbnail","6":"product_cat-frozen-cocktail-de","8":"first","9":"instock","10":"taxable","11":"shipping-taxable","12":"purchasable","13":"product-type-simple"},"acf":[],"yoast_head":"<!-- This site is optimized with the Yoast SEO plugin v27.2 - https:\/\/yoast.com\/product\/yoast-seo-wordpress\/ -->\n<title>Mojito ICE 50-pack - 24 ICE - DE<\/title>\n<meta name=\"description\" content=\"Kaufen Sie Mojito ICE 50-pack, einen Frozen Cocktail mit5% Alkohol- FREEZE THE FUN mit diesemFrozen Cocktail\" \/>\n<meta name=\"robots\" content=\"index, follow, max-snippet:-1, max-image-preview:large, max-video-preview:-1\" \/>\n<link rel=\"canonical\" href=\"https:\/\/24ice.com\/de\/produkt\/mojito-50-pack\/\" \/>\n<meta property=\"og:locale\" content=\"de_DE\" \/>\n<meta property=\"og:type\" content=\"article\" \/>\n<meta property=\"og:title\" content=\"Mojito ICE 50-pack - 24 ICE - DE\" \/>\n<meta property=\"og:description\" content=\"Kaufen Sie Mojito ICE 50-pack, einen Frozen Cocktail mit5% Alkohol- FREEZE THE FUN mit diesemFrozen Cocktail\" \/>\n<meta property=\"og:url\" content=\"https:\/\/24ice.com\/de\/produkt\/mojito-50-pack\/\" \/>\n<meta property=\"og:site_name\" content=\"24 ICE\" \/>\n<meta property=\"article:publisher\" content=\"https:\/\/www.facebook.com\/24ICEAmsterdam\/\" \/>\n<meta property=\"article:modified_time\" content=\"2025-03-14T15:38:07+00:00\" \/>\n<meta property=\"og:image\" content=\"https:\/\/24ice.com\/wp-content\/uploads\/MOJ50-Stick-Fruit-Shadow-LR-1116x1080.png\" \/>\n\t<meta property=\"og:image:width\" content=\"1116\" \/>\n\t<meta property=\"og:image:height\" content=\"1080\" \/>\n\t<meta property=\"og:image:type\" content=\"image\/png\" \/>\n<meta name=\"twitter:card\" content=\"summary_large_image\" \/>\n<meta name=\"twitter:label1\" content=\"Gesch\u00e4tzte Lesezeit\" \/>\n\t<meta name=\"twitter:data1\" content=\"2\u00a0Minuten\" \/>\n<script type=\"application\/ld+json\" class=\"yoast-schema-graph\">{\"@context\":\"https:\/\/schema.org\",\"@graph\":[{\"@type\":\"WebPage\",\"@id\":\"https:\/\/24ice.com\/de\/produkt\/mojito-50-pack\/\",\"url\":\"https:\/\/24ice.com\/de\/produkt\/mojito-50-pack\/\",\"name\":\"Mojito ICE 50-pack - 24 ICE - DE\",\"isPartOf\":{\"@id\":\"https:\/\/24ice.com\/de\/#website\"},\"primaryImageOfPage\":{\"@id\":\"https:\/\/24ice.com\/de\/produkt\/mojito-50-pack\/#primaryimage\"},\"image\":{\"@id\":\"https:\/\/24ice.com\/de\/produkt\/mojito-50-pack\/#primaryimage\"},\"thumbnailUrl\":\"https:\/\/24ice.com\/wp-content\/uploads\/MOJ50-Stick-Fruit-Shadow-LR.png\",\"datePublished\":\"2021-03-12T13:49:17+00:00\",\"dateModified\":\"2025-03-14T15:38:07+00:00\",\"description\":\"Kaufen Sie Mojito ICE 50-pack, einen Frozen Cocktail mit5% Alkohol- FREEZE THE FUN mit diesemFrozen Cocktail\",\"breadcrumb\":{\"@id\":\"https:\/\/24ice.com\/de\/produkt\/mojito-50-pack\/#breadcrumb\"},\"inLanguage\":\"de\",\"potentialAction\":[{\"@type\":\"ReadAction\",\"target\":[\"https:\/\/24ice.com\/de\/produkt\/mojito-50-pack\/\"]}]},{\"@type\":\"ImageObject\",\"inLanguage\":\"de\",\"@id\":\"https:\/\/24ice.com\/de\/produkt\/mojito-50-pack\/#primaryimage\",\"url\":\"https:\/\/24ice.com\/wp-content\/uploads\/MOJ50-Stick-Fruit-Shadow-LR.png\",\"contentUrl\":\"https:\/\/24ice.com\/wp-content\/uploads\/MOJ50-Stick-Fruit-Shadow-LR.png\",\"width\":2441,\"height\":2362},{\"@type\":\"BreadcrumbList\",\"@id\":\"https:\/\/24ice.com\/de\/produkt\/mojito-50-pack\/#breadcrumb\",\"itemListElement\":[{\"@type\":\"ListItem\",\"position\":1,\"name\":\"Home\",\"item\":\"https:\/\/24ice.com\/de\/\"},{\"@type\":\"ListItem\",\"position\":2,\"name\":\"Mojito ICE\"}]},{\"@type\":\"WebSite\",\"@id\":\"https:\/\/24ice.com\/de\/#website\",\"url\":\"https:\/\/24ice.com\/de\/\",\"name\":\"24 ICE\",\"description\":\"Frozen Cocktails\",\"publisher\":{\"@id\":\"https:\/\/24ice.com\/de\/#organization\"},\"potentialAction\":[{\"@type\":\"SearchAction\",\"target\":{\"@type\":\"EntryPoint\",\"urlTemplate\":\"https:\/\/24ice.com\/de\/?s={search_term_string}\"},\"query-input\":{\"@type\":\"PropertyValueSpecification\",\"valueRequired\":true,\"valueName\":\"search_term_string\"}}],\"inLanguage\":\"de\"},{\"@type\":\"Organization\",\"@id\":\"https:\/\/24ice.com\/de\/#organization\",\"name\":\"24 ICE B.V.\",\"url\":\"https:\/\/24ice.com\/de\/\",\"logo\":{\"@type\":\"ImageObject\",\"inLanguage\":\"de\",\"@id\":\"https:\/\/24ice.com\/de\/#\/schema\/logo\/image\/\",\"url\":\"https:\/\/24ice.com\/wp-content\/uploads\/24-ICE-Combi-Logo-Zwart.png\",\"contentUrl\":\"https:\/\/24ice.com\/wp-content\/uploads\/24-ICE-Combi-Logo-Zwart.png\",\"width\":5409,\"height\":1838,\"caption\":\"24 ICE B.V.\"},\"image\":{\"@id\":\"https:\/\/24ice.com\/de\/#\/schema\/logo\/image\/\"},\"sameAs\":[\"https:\/\/www.facebook.com\/24ICEAmsterdam\/\",\"https:\/\/www.instagram.com\/24_ice\/\",\"https:\/\/www.linkedin.com\/company\/24-ice\/\",\"https:\/\/www.youtube.com\/channel\/UCsiRoIO6jQG2JMFYbY1lrdA\"]}]}<\/script>\n<!-- \/ Yoast SEO plugin. -->","yoast_head_json":{"title":"Mojito ICE 50-pack - 24 ICE - DE","description":"Kaufen Sie Mojito ICE 50-pack, einen Frozen Cocktail mit5% Alkohol- FREEZE THE FUN mit diesemFrozen Cocktail","robots":{"index":"index","follow":"follow","max-snippet":"max-snippet:-1","max-image-preview":"max-image-preview:large","max-video-preview":"max-video-preview:-1"},"canonical":"https:\/\/24ice.com\/de\/produkt\/mojito-50-pack\/","og_locale":"de_DE","og_type":"article","og_title":"Mojito ICE 50-pack - 24 ICE - DE","og_description":"Kaufen Sie Mojito ICE 50-pack, einen Frozen Cocktail mit5% Alkohol- FREEZE THE FUN mit diesemFrozen Cocktail","og_url":"https:\/\/24ice.com\/de\/produkt\/mojito-50-pack\/","og_site_name":"24 ICE","article_publisher":"https:\/\/www.facebook.com\/24ICEAmsterdam\/","article_modified_time":"2025-03-14T15:38:07+00:00","og_image":[{"width":1116,"height":1080,"url":"https:\/\/24ice.com\/wp-content\/uploads\/MOJ50-Stick-Fruit-Shadow-LR-1116x1080.png","type":"image\/png"}],"twitter_card":"summary_large_image","twitter_misc":{"Gesch\u00e4tzte Lesezeit":"2\u00a0Minuten"},"schema":{"@context":"https:\/\/schema.org","@graph":[{"@type":"WebPage","@id":"https:\/\/24ice.com\/de\/produkt\/mojito-50-pack\/","url":"https:\/\/24ice.com\/de\/produkt\/mojito-50-pack\/","name":"Mojito ICE 50-pack - 24 ICE - DE","isPartOf":{"@id":"https:\/\/24ice.com\/de\/#website"},"primaryImageOfPage":{"@id":"https:\/\/24ice.com\/de\/produkt\/mojito-50-pack\/#primaryimage"},"image":{"@id":"https:\/\/24ice.com\/de\/produkt\/mojito-50-pack\/#primaryimage"},"thumbnailUrl":"https:\/\/24ice.com\/wp-content\/uploads\/MOJ50-Stick-Fruit-Shadow-LR.png","datePublished":"2021-03-12T13:49:17+00:00","dateModified":"2025-03-14T15:38:07+00:00","description":"Kaufen Sie Mojito ICE 50-pack, einen Frozen Cocktail mit5% Alkohol- FREEZE THE FUN mit diesemFrozen Cocktail","breadcrumb":{"@id":"https:\/\/24ice.com\/de\/produkt\/mojito-50-pack\/#breadcrumb"},"inLanguage":"de","potentialAction":[{"@type":"ReadAction","target":["https:\/\/24ice.com\/de\/produkt\/mojito-50-pack\/"]}]},{"@type":"ImageObject","inLanguage":"de","@id":"https:\/\/24ice.com\/de\/produkt\/mojito-50-pack\/#primaryimage","url":"https:\/\/24ice.com\/wp-content\/uploads\/MOJ50-Stick-Fruit-Shadow-LR.png","contentUrl":"https:\/\/24ice.com\/wp-content\/uploads\/MOJ50-Stick-Fruit-Shadow-LR.png","width":2441,"height":2362},{"@type":"BreadcrumbList","@id":"https:\/\/24ice.com\/de\/produkt\/mojito-50-pack\/#breadcrumb","itemListElement":[{"@type":"ListItem","position":1,"name":"Home","item":"https:\/\/24ice.com\/de\/"},{"@type":"ListItem","position":2,"name":"Mojito ICE"}]},{"@type":"WebSite","@id":"https:\/\/24ice.com\/de\/#website","url":"https:\/\/24ice.com\/de\/","name":"24 ICE","description":"Frozen Cocktails","publisher":{"@id":"https:\/\/24ice.com\/de\/#organization"},"potentialAction":[{"@type":"SearchAction","target":{"@type":"EntryPoint","urlTemplate":"https:\/\/24ice.com\/de\/?s={search_term_string}"},"query-input":{"@type":"PropertyValueSpecification","valueRequired":true,"valueName":"search_term_string"}}],"inLanguage":"de"},{"@type":"Organization","@id":"https:\/\/24ice.com\/de\/#organization","name":"24 ICE B.V.","url":"https:\/\/24ice.com\/de\/","logo":{"@type":"ImageObject","inLanguage":"de","@id":"https:\/\/24ice.com\/de\/#\/schema\/logo\/image\/","url":"https:\/\/24ice.com\/wp-content\/uploads\/24-ICE-Combi-Logo-Zwart.png","contentUrl":"https:\/\/24ice.com\/wp-content\/uploads\/24-ICE-Combi-Logo-Zwart.png","width":5409,"height":1838,"caption":"24 ICE B.V."},"image":{"@id":"https:\/\/24ice.com\/de\/#\/schema\/logo\/image\/"},"sameAs":["https:\/\/www.facebook.com\/24ICEAmsterdam\/","https:\/\/www.instagram.com\/24_ice\/","https:\/\/www.linkedin.com\/company\/24-ice\/","https:\/\/www.youtube.com\/channel\/UCsiRoIO6jQG2JMFYbY1lrdA"]}]}},"_links":{"self":[{"href":"https:\/\/24ice.com\/de\/wp-json\/wp\/v2\/product\/4756","targetHints":{"allow":["GET"]}}],"collection":[{"href":"https:\/\/24ice.com\/de\/wp-json\/wp\/v2\/product"}],"about":[{"href":"https:\/\/24ice.com\/de\/wp-json\/wp\/v2\/types\/product"}],"wp:featuredmedia":[{"embeddable":true,"href":"https:\/\/24ice.com\/de\/wp-json\/wp\/v2\/media\/4987"}],"wp:attachment":[{"href":"https:\/\/24ice.com\/de\/wp-json\/wp\/v2\/media?parent=4756"}],"wp:term":[{"taxonomy":"product_brand","embeddable":true,"href":"https:\/\/24ice.com\/de\/wp-json\/wp\/v2\/product_brand?post=4756"},{"taxonomy":"product_cat","embeddable":true,"href":"https:\/\/24ice.com\/de\/wp-json\/wp\/v2\/product_cat?post=4756"},{"taxonomy":"product_tag","embeddable":true,"href":"https:\/\/24ice.com\/de\/wp-json\/wp\/v2\/product_tag?post=4756"}],"curies":[{"name":"wp","href":"https:\/\/api.w.org\/{rel}","templated":true}]}}