{"id":4761,"date":"2021-03-12T14:14:35","date_gmt":"2021-03-12T13:14:35","guid":{"rendered":"https:\/\/24ice.com\/product\/limoncello-5-pack\/"},"modified":"2025-03-14T16:39:50","modified_gmt":"2025-03-14T15:39:50","slug":"limoncello-5-pack","status":"publish","type":"product","link":"https:\/\/24ice.com\/de\/produkt\/limoncello-5-pack\/","title":{"rendered":"Limoncello ICE"},"content":{"rendered":"<h2><b>Italienische Zitronen<\/b><\/h2>\n<p><span style=\"font-weight: 400;\">Die erfrischenden Frozen Cocktails sind Poptails in allen m\u00f6glichen Farben und Geschmacksrichtungen. Eine dieser farbenfrohen Sorten ist das Limoncello\u00a0ICE.<\/span><\/p>\n<p><span style=\"font-weight: 400;\">Der genaue Ursprung des Limoncello ist nicht ganz gekl\u00e4rt. Sicher ist, dass das Getr\u00e4nk mindestens hundert Jahre alt ist. Limoncello ist ein italienischer Zitronenlik\u00f6r, der \u00fcberwiegend in S\u00fcditalien produziert wird. Der leckere Lik\u00f6r wird immer sehr kalt serviert (4-5\u00a0\u00b0C) und ist auch als Frozen Cocktail erh\u00e4ltlich. Traditionell wird Limoncello aus der Schale von Zitronen der Sorte Femminello St.\u00a0Teresa, auch bekannt als Sorrento-Zitronen oder Sfusato-Zitronen, hergestellt. Weitere Zutaten sind Wasser, Alkohol und Zucker.<\/span><\/p>\n<p><b>Wie schmeckt es?<\/b><\/p>\n<p><span style=\"font-weight: 400;\">Unser erfrischendes Limoncello ICE hat den traditionellen Zitronengeschmack.<\/span><\/p>\n<p><b>Wie funktioniert es?<\/b><\/p>\n<p><span style=\"font-weight: 400;\">Legen Sie das fl\u00fcssige Produkt f\u00fcr 24\u00a0Stunden ins Gefrierfach (-18\u00a0\u00b0C), e voil\u00e0, schon sind Ihre Frozen Cocktails servierfertig.<br \/>\n<\/span><span style=\"font-weight: 400;\">Die Frozen Cocktails enthalten 5\u00a0% Alkohol und nur 56\u00a0Kalorien pro St\u00fcck. Erh\u00e4ltlich als 5er-Packung und als 50er-Packung.<\/span><\/p>\n","protected":false},"excerpt":{"rendered":"<p>Italienische Zitronen Die erfrischenden Frozen Cocktails sind Poptails in allen m\u00f6glichen Farben und Geschmacksrichtungen. Eine dieser farbenfrohen Sorten ist das Limoncello\u00a0ICE. Der genaue Ursprung des Limoncello ist nicht ganz gekl\u00e4rt. Sicher ist, dass das Getr\u00e4nk mindestens hundert Jahre alt ist. Limoncello ist ein italienischer Zitronenlik\u00f6r, der \u00fcberwiegend in S\u00fcditalien produziert wird. Der leckere Lik\u00f6r wird [&hellip;]<\/p>\n","protected":false},"featured_media":11726,"template":"","meta":{"_acf_changed":false,"content-type":"","_improvement_type_select":"improve_an_existing","_thumb_yes_seoaic":false,"_frame_yes_seoaic":false,"seoaic_generate_description":"","seoaic_improve_instructions_prompt":"","seoaic_rollback_content_improvement":"","seoaic_idea_thumbnail_generator":"","thumbnail_generated":false,"thumbnail_generate_prompt":"","seoaic_article_description":""},"product_brand":[],"product_cat":[116],"product_tag":[],"class_list":{"0":"post-4761","1":"product","2":"type-product","3":"status-publish","4":"has-post-thumbnail","6":"product_cat-frozen-cocktail-de","8":"first","9":"instock","10":"taxable","11":"shipping-taxable","12":"purchasable","13":"product-type-simple"},"acf":[],"yoast_head":"<!-- This site is optimized with the Yoast SEO plugin v27.2 - https:\/\/yoast.com\/product\/yoast-seo-wordpress\/ -->\n<title>Limoncello ICE 5-pack - 24 ICE - DE<\/title>\n<meta name=\"description\" content=\"Kaufen Sie Limoncello ICE 5-pack, einen Frozen Cocktail mit5% Alkohol- FREEZE THE FUN mit diesemFrozen Cocktail\" \/>\n<meta name=\"robots\" content=\"index, follow, max-snippet:-1, max-image-preview:large, max-video-preview:-1\" \/>\n<link rel=\"canonical\" href=\"https:\/\/24ice.com\/de\/produkt\/limoncello-5-pack\/\" \/>\n<meta property=\"og:locale\" content=\"de_DE\" \/>\n<meta property=\"og:type\" content=\"article\" \/>\n<meta property=\"og:title\" content=\"Limoncello ICE 5-pack - 24 ICE - DE\" \/>\n<meta property=\"og:description\" content=\"Kaufen Sie Limoncello ICE 5-pack, einen Frozen Cocktail mit5% Alkohol- FREEZE THE FUN mit diesemFrozen Cocktail\" \/>\n<meta property=\"og:url\" content=\"https:\/\/24ice.com\/de\/produkt\/limoncello-5-pack\/\" \/>\n<meta property=\"og:site_name\" content=\"24 ICE\" \/>\n<meta property=\"article:publisher\" content=\"https:\/\/www.facebook.com\/24ICEAmsterdam\/\" \/>\n<meta property=\"article:modified_time\" content=\"2025-03-14T15:39:50+00:00\" \/>\n<meta property=\"og:image\" content=\"https:\/\/24ice.com\/wp-content\/uploads\/24-ICE-5-pack-Limoncello-917x1080.png\" \/>\n\t<meta property=\"og:image:width\" content=\"917\" \/>\n\t<meta property=\"og:image:height\" content=\"1080\" \/>\n\t<meta property=\"og:image:type\" content=\"image\/png\" \/>\n<meta name=\"twitter:card\" content=\"summary_large_image\" \/>\n<meta name=\"twitter:label1\" content=\"Gesch\u00e4tzte Lesezeit\" \/>\n\t<meta name=\"twitter:data1\" content=\"1\u00a0Minute\" \/>\n<script type=\"application\/ld+json\" class=\"yoast-schema-graph\">{\"@context\":\"https:\/\/schema.org\",\"@graph\":[{\"@type\":\"WebPage\",\"@id\":\"https:\/\/24ice.com\/de\/produkt\/limoncello-5-pack\/\",\"url\":\"https:\/\/24ice.com\/de\/produkt\/limoncello-5-pack\/\",\"name\":\"Limoncello ICE 5-pack - 24 ICE - DE\",\"isPartOf\":{\"@id\":\"https:\/\/24ice.com\/de\/#website\"},\"primaryImageOfPage\":{\"@id\":\"https:\/\/24ice.com\/de\/produkt\/limoncello-5-pack\/#primaryimage\"},\"image\":{\"@id\":\"https:\/\/24ice.com\/de\/produkt\/limoncello-5-pack\/#primaryimage\"},\"thumbnailUrl\":\"https:\/\/24ice.com\/wp-content\/uploads\/24-ICE-5-pack-Limoncello.png\",\"datePublished\":\"2021-03-12T13:14:35+00:00\",\"dateModified\":\"2025-03-14T15:39:50+00:00\",\"description\":\"Kaufen Sie Limoncello ICE 5-pack, einen Frozen Cocktail mit5% Alkohol- FREEZE THE FUN mit diesemFrozen Cocktail\",\"breadcrumb\":{\"@id\":\"https:\/\/24ice.com\/de\/produkt\/limoncello-5-pack\/#breadcrumb\"},\"inLanguage\":\"de\",\"potentialAction\":[{\"@type\":\"ReadAction\",\"target\":[\"https:\/\/24ice.com\/de\/produkt\/limoncello-5-pack\/\"]}]},{\"@type\":\"ImageObject\",\"inLanguage\":\"de\",\"@id\":\"https:\/\/24ice.com\/de\/produkt\/limoncello-5-pack\/#primaryimage\",\"url\":\"https:\/\/24ice.com\/wp-content\/uploads\/24-ICE-5-pack-Limoncello.png\",\"contentUrl\":\"https:\/\/24ice.com\/wp-content\/uploads\/24-ICE-5-pack-Limoncello.png\",\"width\":3096,\"height\":3646},{\"@type\":\"BreadcrumbList\",\"@id\":\"https:\/\/24ice.com\/de\/produkt\/limoncello-5-pack\/#breadcrumb\",\"itemListElement\":[{\"@type\":\"ListItem\",\"position\":1,\"name\":\"Home\",\"item\":\"https:\/\/24ice.com\/de\/\"},{\"@type\":\"ListItem\",\"position\":2,\"name\":\"Limoncello ICE\"}]},{\"@type\":\"WebSite\",\"@id\":\"https:\/\/24ice.com\/de\/#website\",\"url\":\"https:\/\/24ice.com\/de\/\",\"name\":\"24 ICE\",\"description\":\"Frozen Cocktails\",\"publisher\":{\"@id\":\"https:\/\/24ice.com\/de\/#organization\"},\"potentialAction\":[{\"@type\":\"SearchAction\",\"target\":{\"@type\":\"EntryPoint\",\"urlTemplate\":\"https:\/\/24ice.com\/de\/?s={search_term_string}\"},\"query-input\":{\"@type\":\"PropertyValueSpecification\",\"valueRequired\":true,\"valueName\":\"search_term_string\"}}],\"inLanguage\":\"de\"},{\"@type\":\"Organization\",\"@id\":\"https:\/\/24ice.com\/de\/#organization\",\"name\":\"24 ICE B.V.\",\"url\":\"https:\/\/24ice.com\/de\/\",\"logo\":{\"@type\":\"ImageObject\",\"inLanguage\":\"de\",\"@id\":\"https:\/\/24ice.com\/de\/#\/schema\/logo\/image\/\",\"url\":\"https:\/\/24ice.com\/wp-content\/uploads\/24-ICE-Combi-Logo-Zwart.png\",\"contentUrl\":\"https:\/\/24ice.com\/wp-content\/uploads\/24-ICE-Combi-Logo-Zwart.png\",\"width\":5409,\"height\":1838,\"caption\":\"24 ICE B.V.\"},\"image\":{\"@id\":\"https:\/\/24ice.com\/de\/#\/schema\/logo\/image\/\"},\"sameAs\":[\"https:\/\/www.facebook.com\/24ICEAmsterdam\/\",\"https:\/\/www.instagram.com\/24_ice\/\",\"https:\/\/www.linkedin.com\/company\/24-ice\/\",\"https:\/\/www.youtube.com\/channel\/UCsiRoIO6jQG2JMFYbY1lrdA\"]}]}<\/script>\n<!-- \/ Yoast SEO plugin. -->","yoast_head_json":{"title":"Limoncello ICE 5-pack - 24 ICE - DE","description":"Kaufen Sie Limoncello ICE 5-pack, einen Frozen Cocktail mit5% Alkohol- FREEZE THE FUN mit diesemFrozen Cocktail","robots":{"index":"index","follow":"follow","max-snippet":"max-snippet:-1","max-image-preview":"max-image-preview:large","max-video-preview":"max-video-preview:-1"},"canonical":"https:\/\/24ice.com\/de\/produkt\/limoncello-5-pack\/","og_locale":"de_DE","og_type":"article","og_title":"Limoncello ICE 5-pack - 24 ICE - DE","og_description":"Kaufen Sie Limoncello ICE 5-pack, einen Frozen Cocktail mit5% Alkohol- FREEZE THE FUN mit diesemFrozen Cocktail","og_url":"https:\/\/24ice.com\/de\/produkt\/limoncello-5-pack\/","og_site_name":"24 ICE","article_publisher":"https:\/\/www.facebook.com\/24ICEAmsterdam\/","article_modified_time":"2025-03-14T15:39:50+00:00","og_image":[{"width":917,"height":1080,"url":"https:\/\/24ice.com\/wp-content\/uploads\/24-ICE-5-pack-Limoncello-917x1080.png","type":"image\/png"}],"twitter_card":"summary_large_image","twitter_misc":{"Gesch\u00e4tzte Lesezeit":"1\u00a0Minute"},"schema":{"@context":"https:\/\/schema.org","@graph":[{"@type":"WebPage","@id":"https:\/\/24ice.com\/de\/produkt\/limoncello-5-pack\/","url":"https:\/\/24ice.com\/de\/produkt\/limoncello-5-pack\/","name":"Limoncello ICE 5-pack - 24 ICE - DE","isPartOf":{"@id":"https:\/\/24ice.com\/de\/#website"},"primaryImageOfPage":{"@id":"https:\/\/24ice.com\/de\/produkt\/limoncello-5-pack\/#primaryimage"},"image":{"@id":"https:\/\/24ice.com\/de\/produkt\/limoncello-5-pack\/#primaryimage"},"thumbnailUrl":"https:\/\/24ice.com\/wp-content\/uploads\/24-ICE-5-pack-Limoncello.png","datePublished":"2021-03-12T13:14:35+00:00","dateModified":"2025-03-14T15:39:50+00:00","description":"Kaufen Sie Limoncello ICE 5-pack, einen Frozen Cocktail mit5% Alkohol- FREEZE THE FUN mit diesemFrozen Cocktail","breadcrumb":{"@id":"https:\/\/24ice.com\/de\/produkt\/limoncello-5-pack\/#breadcrumb"},"inLanguage":"de","potentialAction":[{"@type":"ReadAction","target":["https:\/\/24ice.com\/de\/produkt\/limoncello-5-pack\/"]}]},{"@type":"ImageObject","inLanguage":"de","@id":"https:\/\/24ice.com\/de\/produkt\/limoncello-5-pack\/#primaryimage","url":"https:\/\/24ice.com\/wp-content\/uploads\/24-ICE-5-pack-Limoncello.png","contentUrl":"https:\/\/24ice.com\/wp-content\/uploads\/24-ICE-5-pack-Limoncello.png","width":3096,"height":3646},{"@type":"BreadcrumbList","@id":"https:\/\/24ice.com\/de\/produkt\/limoncello-5-pack\/#breadcrumb","itemListElement":[{"@type":"ListItem","position":1,"name":"Home","item":"https:\/\/24ice.com\/de\/"},{"@type":"ListItem","position":2,"name":"Limoncello ICE"}]},{"@type":"WebSite","@id":"https:\/\/24ice.com\/de\/#website","url":"https:\/\/24ice.com\/de\/","name":"24 ICE","description":"Frozen Cocktails","publisher":{"@id":"https:\/\/24ice.com\/de\/#organization"},"potentialAction":[{"@type":"SearchAction","target":{"@type":"EntryPoint","urlTemplate":"https:\/\/24ice.com\/de\/?s={search_term_string}"},"query-input":{"@type":"PropertyValueSpecification","valueRequired":true,"valueName":"search_term_string"}}],"inLanguage":"de"},{"@type":"Organization","@id":"https:\/\/24ice.com\/de\/#organization","name":"24 ICE B.V.","url":"https:\/\/24ice.com\/de\/","logo":{"@type":"ImageObject","inLanguage":"de","@id":"https:\/\/24ice.com\/de\/#\/schema\/logo\/image\/","url":"https:\/\/24ice.com\/wp-content\/uploads\/24-ICE-Combi-Logo-Zwart.png","contentUrl":"https:\/\/24ice.com\/wp-content\/uploads\/24-ICE-Combi-Logo-Zwart.png","width":5409,"height":1838,"caption":"24 ICE B.V."},"image":{"@id":"https:\/\/24ice.com\/de\/#\/schema\/logo\/image\/"},"sameAs":["https:\/\/www.facebook.com\/24ICEAmsterdam\/","https:\/\/www.instagram.com\/24_ice\/","https:\/\/www.linkedin.com\/company\/24-ice\/","https:\/\/www.youtube.com\/channel\/UCsiRoIO6jQG2JMFYbY1lrdA"]}]}},"_links":{"self":[{"href":"https:\/\/24ice.com\/de\/wp-json\/wp\/v2\/product\/4761","targetHints":{"allow":["GET"]}}],"collection":[{"href":"https:\/\/24ice.com\/de\/wp-json\/wp\/v2\/product"}],"about":[{"href":"https:\/\/24ice.com\/de\/wp-json\/wp\/v2\/types\/product"}],"wp:featuredmedia":[{"embeddable":true,"href":"https:\/\/24ice.com\/de\/wp-json\/wp\/v2\/media\/11726"}],"wp:attachment":[{"href":"https:\/\/24ice.com\/de\/wp-json\/wp\/v2\/media?parent=4761"}],"wp:term":[{"taxonomy":"product_brand","embeddable":true,"href":"https:\/\/24ice.com\/de\/wp-json\/wp\/v2\/product_brand?post=4761"},{"taxonomy":"product_cat","embeddable":true,"href":"https:\/\/24ice.com\/de\/wp-json\/wp\/v2\/product_cat?post=4761"},{"taxonomy":"product_tag","embeddable":true,"href":"https:\/\/24ice.com\/de\/wp-json\/wp\/v2\/product_tag?post=4761"}],"curies":[{"name":"wp","href":"https:\/\/api.w.org\/{rel}","templated":true}]}}