{"id":4767,"date":"2021-03-12T15:38:03","date_gmt":"2021-03-12T14:38:03","guid":{"rendered":"https:\/\/24ice.com\/product\/mojito-0-0-5-pack\/"},"modified":"2025-03-14T16:48:24","modified_gmt":"2025-03-14T15:48:24","slug":"mojito-0-0-5-pack","status":"publish","type":"product","link":"https:\/\/24ice.com\/de\/produkt\/mojito-0-0-5-pack\/","title":{"rendered":"0.0% Mojito ICE"},"content":{"rendered":"<h2><strong>Kubanische Party mit Mojito 0,0\u00a0%<\/strong><\/h2>\n<p><span style=\"font-weight: 400;\">Die erfrischenden Mocktails sind alkoholfreie Poptails. Die Mocktails sind in den Geschmacksrichtungen Mojito und Strawberry Daiquiri erh\u00e4ltlich.<\/span><\/p>\n<p><span style=\"font-weight: 400;\">Der Mojito ist einer der \u00e4ltesten kubanischen Cocktails. Heute ist er als erfrischender Durstl\u00f6scher aus dem Nachtleben nicht mehr wegzudenken und jetzt auch als Frozen Cocktail erh\u00e4ltlich.\u00a0<\/span><\/p>\n<p><b>Wie schmeckt es?<\/b><\/p>\n<p><span style=\"font-weight: 400;\">Das Mojito ICE 0,0\u00a0% schmeckt genau wie ein echter Mojito. Genie\u00dfen Sie diesen erfrischenden Sommer-Cocktail mit dem charakteristischen Minzgeschmack, aber ohne Rum.\u00a0<\/span><\/p>\n<p><span style=\"font-weight: 400;\">Die Frozen Cocktails enthalten 0\u00a0% Alkohol und nur 42\u00a0Kalorien pro St\u00fcck. Erh\u00e4ltlich als 5er-Packung und als 50er-Packung.<\/span><\/p>\n<p><b>Wie funktioniert es?<\/b><\/p>\n<p><span style=\"font-weight: 400;\">Legen Sie das fl\u00fcssige Produkt f\u00fcr 24\u00a0Stunden ins Gefrierfach (-18\u00a0\u00b0C), e voil\u00e0, schon sind Ihre Frozen Cocktails servierfertig.<\/span><\/p>\n<p><span style=\"font-weight: 400;\">Die Frozen Cocktails enthalten 5\u00a0% Alkohol und nur 56\u00a0Kalorien pro St\u00fcck. Erh\u00e4ltlich als 5er-Packung und als 50er-Packung.<\/span><\/p>\n","protected":false},"excerpt":{"rendered":"<p>Kubanische Party mit Mojito 0,0\u00a0% Die erfrischenden Mocktails sind alkoholfreie Poptails. Die Mocktails sind in den Geschmacksrichtungen Mojito und Strawberry Daiquiri erh\u00e4ltlich. Der Mojito ist einer der \u00e4ltesten kubanischen Cocktails. Heute ist er als erfrischender Durstl\u00f6scher aus dem Nachtleben nicht mehr wegzudenken und jetzt auch als Frozen Cocktail erh\u00e4ltlich.\u00a0 Wie schmeckt es? Das Mojito ICE [&hellip;]<\/p>\n","protected":false},"featured_media":5195,"template":"","meta":{"_acf_changed":false,"content-type":"","_improvement_type_select":"improve_an_existing","_thumb_yes_seoaic":false,"_frame_yes_seoaic":false,"seoaic_generate_description":"","seoaic_improve_instructions_prompt":"","seoaic_rollback_content_improvement":"","seoaic_idea_thumbnail_generator":"","thumbnail_generated":false,"thumbnail_generate_prompt":"","seoaic_article_description":""},"product_brand":[],"product_cat":[126],"product_tag":[],"class_list":{"0":"post-4767","1":"product","2":"type-product","3":"status-publish","4":"has-post-thumbnail","6":"product_cat-frozen-mocktail-de","8":"first","9":"instock","10":"taxable","11":"shipping-taxable","12":"purchasable","13":"product-type-simple"},"acf":[],"yoast_head":"<!-- This site is optimized with the Yoast SEO plugin v27.2 - https:\/\/yoast.com\/product\/yoast-seo-wordpress\/ -->\n<title>0.0% Mojito ICE 5-pack - 24 ICE - DE<\/title>\n<meta name=\"description\" content=\"Koop nu 0.0% Mojito ICE 5-pack, een Frozen Mocktail met 0.0% alcohol - De 24 ICE Frozen Mocktail is d\u00e9 hit van de zomer!\" \/>\n<meta name=\"robots\" content=\"index, follow, max-snippet:-1, max-image-preview:large, max-video-preview:-1\" \/>\n<link rel=\"canonical\" href=\"https:\/\/24ice.com\/de\/produkt\/mojito-0-0-5-pack\/\" \/>\n<meta property=\"og:locale\" content=\"de_DE\" \/>\n<meta property=\"og:type\" content=\"article\" \/>\n<meta property=\"og:title\" content=\"0.0% Mojito ICE 5-pack - 24 ICE - DE\" \/>\n<meta property=\"og:description\" content=\"Koop nu 0.0% Mojito ICE 5-pack, een Frozen Mocktail met 0.0% alcohol - De 24 ICE Frozen Mocktail is d\u00e9 hit van de zomer!\" \/>\n<meta property=\"og:url\" content=\"https:\/\/24ice.com\/de\/produkt\/mojito-0-0-5-pack\/\" \/>\n<meta property=\"og:site_name\" content=\"24 ICE\" \/>\n<meta property=\"article:publisher\" content=\"https:\/\/www.facebook.com\/24ICEAmsterdam\/\" \/>\n<meta property=\"article:modified_time\" content=\"2025-03-14T15:48:24+00:00\" \/>\n<meta property=\"og:image\" content=\"https:\/\/24ice.com\/wp-content\/uploads\/0.0_MOJ5-Stick-Fruit-Shadow-LR-810x1080.png\" \/>\n\t<meta property=\"og:image:width\" content=\"810\" \/>\n\t<meta property=\"og:image:height\" content=\"1080\" \/>\n\t<meta property=\"og:image:type\" content=\"image\/png\" \/>\n<meta name=\"twitter:card\" content=\"summary_large_image\" \/>\n<meta name=\"twitter:label1\" content=\"Gesch\u00e4tzte Lesezeit\" \/>\n\t<meta name=\"twitter:data1\" content=\"2\u00a0Minuten\" \/>\n<script type=\"application\/ld+json\" class=\"yoast-schema-graph\">{\"@context\":\"https:\/\/schema.org\",\"@graph\":[{\"@type\":\"WebPage\",\"@id\":\"https:\/\/24ice.com\/de\/produkt\/mojito-0-0-5-pack\/\",\"url\":\"https:\/\/24ice.com\/de\/produkt\/mojito-0-0-5-pack\/\",\"name\":\"0.0% Mojito ICE 5-pack - 24 ICE - DE\",\"isPartOf\":{\"@id\":\"https:\/\/24ice.com\/de\/#website\"},\"primaryImageOfPage\":{\"@id\":\"https:\/\/24ice.com\/de\/produkt\/mojito-0-0-5-pack\/#primaryimage\"},\"image\":{\"@id\":\"https:\/\/24ice.com\/de\/produkt\/mojito-0-0-5-pack\/#primaryimage\"},\"thumbnailUrl\":\"https:\/\/24ice.com\/wp-content\/uploads\/0.0_MOJ5-Stick-Fruit-Shadow-LR.png\",\"datePublished\":\"2021-03-12T14:38:03+00:00\",\"dateModified\":\"2025-03-14T15:48:24+00:00\",\"description\":\"Koop nu 0.0% Mojito ICE 5-pack, een Frozen Mocktail met 0.0% alcohol - De 24 ICE Frozen Mocktail is d\u00e9 hit van de zomer!\",\"breadcrumb\":{\"@id\":\"https:\/\/24ice.com\/de\/produkt\/mojito-0-0-5-pack\/#breadcrumb\"},\"inLanguage\":\"de\",\"potentialAction\":[{\"@type\":\"ReadAction\",\"target\":[\"https:\/\/24ice.com\/de\/produkt\/mojito-0-0-5-pack\/\"]}]},{\"@type\":\"ImageObject\",\"inLanguage\":\"de\",\"@id\":\"https:\/\/24ice.com\/de\/produkt\/mojito-0-0-5-pack\/#primaryimage\",\"url\":\"https:\/\/24ice.com\/wp-content\/uploads\/0.0_MOJ5-Stick-Fruit-Shadow-LR.png\",\"contentUrl\":\"https:\/\/24ice.com\/wp-content\/uploads\/0.0_MOJ5-Stick-Fruit-Shadow-LR.png\",\"width\":1772,\"height\":2362},{\"@type\":\"BreadcrumbList\",\"@id\":\"https:\/\/24ice.com\/de\/produkt\/mojito-0-0-5-pack\/#breadcrumb\",\"itemListElement\":[{\"@type\":\"ListItem\",\"position\":1,\"name\":\"Home\",\"item\":\"https:\/\/24ice.com\/de\/\"},{\"@type\":\"ListItem\",\"position\":2,\"name\":\"0.0% Mojito ICE\"}]},{\"@type\":\"WebSite\",\"@id\":\"https:\/\/24ice.com\/de\/#website\",\"url\":\"https:\/\/24ice.com\/de\/\",\"name\":\"24 ICE\",\"description\":\"Frozen Cocktails\",\"publisher\":{\"@id\":\"https:\/\/24ice.com\/de\/#organization\"},\"potentialAction\":[{\"@type\":\"SearchAction\",\"target\":{\"@type\":\"EntryPoint\",\"urlTemplate\":\"https:\/\/24ice.com\/de\/?s={search_term_string}\"},\"query-input\":{\"@type\":\"PropertyValueSpecification\",\"valueRequired\":true,\"valueName\":\"search_term_string\"}}],\"inLanguage\":\"de\"},{\"@type\":\"Organization\",\"@id\":\"https:\/\/24ice.com\/de\/#organization\",\"name\":\"24 ICE B.V.\",\"url\":\"https:\/\/24ice.com\/de\/\",\"logo\":{\"@type\":\"ImageObject\",\"inLanguage\":\"de\",\"@id\":\"https:\/\/24ice.com\/de\/#\/schema\/logo\/image\/\",\"url\":\"https:\/\/24ice.com\/wp-content\/uploads\/24-ICE-Combi-Logo-Zwart.png\",\"contentUrl\":\"https:\/\/24ice.com\/wp-content\/uploads\/24-ICE-Combi-Logo-Zwart.png\",\"width\":5409,\"height\":1838,\"caption\":\"24 ICE B.V.\"},\"image\":{\"@id\":\"https:\/\/24ice.com\/de\/#\/schema\/logo\/image\/\"},\"sameAs\":[\"https:\/\/www.facebook.com\/24ICEAmsterdam\/\",\"https:\/\/www.instagram.com\/24_ice\/\",\"https:\/\/www.linkedin.com\/company\/24-ice\/\",\"https:\/\/www.youtube.com\/channel\/UCsiRoIO6jQG2JMFYbY1lrdA\"]}]}<\/script>\n<!-- \/ Yoast SEO plugin. -->","yoast_head_json":{"title":"0.0% Mojito ICE 5-pack - 24 ICE - DE","description":"Koop nu 0.0% Mojito ICE 5-pack, een Frozen Mocktail met 0.0% alcohol - De 24 ICE Frozen Mocktail is d\u00e9 hit van de zomer!","robots":{"index":"index","follow":"follow","max-snippet":"max-snippet:-1","max-image-preview":"max-image-preview:large","max-video-preview":"max-video-preview:-1"},"canonical":"https:\/\/24ice.com\/de\/produkt\/mojito-0-0-5-pack\/","og_locale":"de_DE","og_type":"article","og_title":"0.0% Mojito ICE 5-pack - 24 ICE - DE","og_description":"Koop nu 0.0% Mojito ICE 5-pack, een Frozen Mocktail met 0.0% alcohol - De 24 ICE Frozen Mocktail is d\u00e9 hit van de zomer!","og_url":"https:\/\/24ice.com\/de\/produkt\/mojito-0-0-5-pack\/","og_site_name":"24 ICE","article_publisher":"https:\/\/www.facebook.com\/24ICEAmsterdam\/","article_modified_time":"2025-03-14T15:48:24+00:00","og_image":[{"width":810,"height":1080,"url":"https:\/\/24ice.com\/wp-content\/uploads\/0.0_MOJ5-Stick-Fruit-Shadow-LR-810x1080.png","type":"image\/png"}],"twitter_card":"summary_large_image","twitter_misc":{"Gesch\u00e4tzte Lesezeit":"2\u00a0Minuten"},"schema":{"@context":"https:\/\/schema.org","@graph":[{"@type":"WebPage","@id":"https:\/\/24ice.com\/de\/produkt\/mojito-0-0-5-pack\/","url":"https:\/\/24ice.com\/de\/produkt\/mojito-0-0-5-pack\/","name":"0.0% Mojito ICE 5-pack - 24 ICE - DE","isPartOf":{"@id":"https:\/\/24ice.com\/de\/#website"},"primaryImageOfPage":{"@id":"https:\/\/24ice.com\/de\/produkt\/mojito-0-0-5-pack\/#primaryimage"},"image":{"@id":"https:\/\/24ice.com\/de\/produkt\/mojito-0-0-5-pack\/#primaryimage"},"thumbnailUrl":"https:\/\/24ice.com\/wp-content\/uploads\/0.0_MOJ5-Stick-Fruit-Shadow-LR.png","datePublished":"2021-03-12T14:38:03+00:00","dateModified":"2025-03-14T15:48:24+00:00","description":"Koop nu 0.0% Mojito ICE 5-pack, een Frozen Mocktail met 0.0% alcohol - De 24 ICE Frozen Mocktail is d\u00e9 hit van de zomer!","breadcrumb":{"@id":"https:\/\/24ice.com\/de\/produkt\/mojito-0-0-5-pack\/#breadcrumb"},"inLanguage":"de","potentialAction":[{"@type":"ReadAction","target":["https:\/\/24ice.com\/de\/produkt\/mojito-0-0-5-pack\/"]}]},{"@type":"ImageObject","inLanguage":"de","@id":"https:\/\/24ice.com\/de\/produkt\/mojito-0-0-5-pack\/#primaryimage","url":"https:\/\/24ice.com\/wp-content\/uploads\/0.0_MOJ5-Stick-Fruit-Shadow-LR.png","contentUrl":"https:\/\/24ice.com\/wp-content\/uploads\/0.0_MOJ5-Stick-Fruit-Shadow-LR.png","width":1772,"height":2362},{"@type":"BreadcrumbList","@id":"https:\/\/24ice.com\/de\/produkt\/mojito-0-0-5-pack\/#breadcrumb","itemListElement":[{"@type":"ListItem","position":1,"name":"Home","item":"https:\/\/24ice.com\/de\/"},{"@type":"ListItem","position":2,"name":"0.0% Mojito ICE"}]},{"@type":"WebSite","@id":"https:\/\/24ice.com\/de\/#website","url":"https:\/\/24ice.com\/de\/","name":"24 ICE","description":"Frozen Cocktails","publisher":{"@id":"https:\/\/24ice.com\/de\/#organization"},"potentialAction":[{"@type":"SearchAction","target":{"@type":"EntryPoint","urlTemplate":"https:\/\/24ice.com\/de\/?s={search_term_string}"},"query-input":{"@type":"PropertyValueSpecification","valueRequired":true,"valueName":"search_term_string"}}],"inLanguage":"de"},{"@type":"Organization","@id":"https:\/\/24ice.com\/de\/#organization","name":"24 ICE B.V.","url":"https:\/\/24ice.com\/de\/","logo":{"@type":"ImageObject","inLanguage":"de","@id":"https:\/\/24ice.com\/de\/#\/schema\/logo\/image\/","url":"https:\/\/24ice.com\/wp-content\/uploads\/24-ICE-Combi-Logo-Zwart.png","contentUrl":"https:\/\/24ice.com\/wp-content\/uploads\/24-ICE-Combi-Logo-Zwart.png","width":5409,"height":1838,"caption":"24 ICE B.V."},"image":{"@id":"https:\/\/24ice.com\/de\/#\/schema\/logo\/image\/"},"sameAs":["https:\/\/www.facebook.com\/24ICEAmsterdam\/","https:\/\/www.instagram.com\/24_ice\/","https:\/\/www.linkedin.com\/company\/24-ice\/","https:\/\/www.youtube.com\/channel\/UCsiRoIO6jQG2JMFYbY1lrdA"]}]}},"_links":{"self":[{"href":"https:\/\/24ice.com\/de\/wp-json\/wp\/v2\/product\/4767","targetHints":{"allow":["GET"]}}],"collection":[{"href":"https:\/\/24ice.com\/de\/wp-json\/wp\/v2\/product"}],"about":[{"href":"https:\/\/24ice.com\/de\/wp-json\/wp\/v2\/types\/product"}],"wp:featuredmedia":[{"embeddable":true,"href":"https:\/\/24ice.com\/de\/wp-json\/wp\/v2\/media\/5195"}],"wp:attachment":[{"href":"https:\/\/24ice.com\/de\/wp-json\/wp\/v2\/media?parent=4767"}],"wp:term":[{"taxonomy":"product_brand","embeddable":true,"href":"https:\/\/24ice.com\/de\/wp-json\/wp\/v2\/product_brand?post=4767"},{"taxonomy":"product_cat","embeddable":true,"href":"https:\/\/24ice.com\/de\/wp-json\/wp\/v2\/product_cat?post=4767"},{"taxonomy":"product_tag","embeddable":true,"href":"https:\/\/24ice.com\/de\/wp-json\/wp\/v2\/product_tag?post=4767"}],"curies":[{"name":"wp","href":"https:\/\/api.w.org\/{rel}","templated":true}]}}