{"id":4772,"date":"2021-03-12T15:51:14","date_gmt":"2021-03-12T14:51:14","guid":{"rendered":"https:\/\/24ice.com\/product\/strawberry-daiquiri-0-0-50-pack\/"},"modified":"2025-03-14T16:47:39","modified_gmt":"2025-03-14T15:47:39","slug":"strawberry-daiquiri-0-0-50-pack","status":"publish","type":"product","link":"https:\/\/24ice.com\/de\/produkt\/strawberry-daiquiri-0-0-50-pack\/","title":{"rendered":"Strawberry Daiquiri ICE 0.0%"},"content":{"rendered":"<h2><b>Eiskalter Erdbeer-Mocktail (0,0\u00a0%)<\/b><\/h2>\n<p><span style=\"font-weight: 400;\">Die erfrischenden Mocktails sind alkoholfreie Poptails. Die Mocktails sind in den Geschmacksrichtungen Strawberry Daiquiri und Mojito erh\u00e4ltlich.<\/span><\/p>\n<p><span style=\"font-weight: 400;\">Der Strawberry Daiquiri Frozen Cocktail verdankt seine gro\u00dfe Beliebtheit der eiskalten Kombination von Limetten und Erdbeeren. Dieser Poptail ist eine beliebte Wahl bei Partyg\u00e4sten und Festivalbesuchern. Ein klassischer Strawberry Daiquiri besteht aus den folgenden Zutaten: Erdbeeren, wei\u00dfer Rum, frischer Limettensaft und Zuckersirup.\u00a0<\/span><\/p>\n<p><b>Wie schmeckt es?<\/b><\/p>\n<p><span style=\"font-weight: 400;\">Strawberry Daiquiri ICE ist ein erfrischender Cocktail mit dem s\u00fc\u00dfen Geschmack von Erdbeeren und einem Hauch von Limette, aber ohne Rum. <\/span><\/p>\n<p><b>Wie funktioniert es?<\/b><\/p>\n<p><span style=\"font-weight: 400;\">Legen Sie das fl\u00fcssige Produkt f\u00fcr 24 Stunden ins Gefrierfach (-18 \u00b0C), et voil\u00e0, schon sind Ihre Frozen Cocktails servierfertig.<\/span><\/p>\n<p><span style=\"font-weight: 400;\">Die Frozen Cocktails enthalten 5\u00a0% Alkohol und nur 56\u00a0Kalorien pro St\u00fcck. Erh\u00e4ltlich als 5er-Packung und als 50er-Packung.<\/span><\/p>\n","protected":false},"excerpt":{"rendered":"<p>Eiskalter Erdbeer-Mocktail (0,0\u00a0%) Die erfrischenden Mocktails sind alkoholfreie Poptails. Die Mocktails sind in den Geschmacksrichtungen Strawberry Daiquiri und Mojito erh\u00e4ltlich. Der Strawberry Daiquiri Frozen Cocktail verdankt seine gro\u00dfe Beliebtheit der eiskalten Kombination von Limetten und Erdbeeren. Dieser Poptail ist eine beliebte Wahl bei Partyg\u00e4sten und Festivalbesuchern. Ein klassischer Strawberry Daiquiri besteht aus den folgenden Zutaten: [&hellip;]<\/p>\n","protected":false},"featured_media":5219,"template":"","meta":{"_acf_changed":false,"content-type":"","_improvement_type_select":"improve_an_existing","_thumb_yes_seoaic":false,"_frame_yes_seoaic":false,"seoaic_generate_description":"","seoaic_improve_instructions_prompt":"","seoaic_rollback_content_improvement":"","seoaic_idea_thumbnail_generator":"","thumbnail_generated":false,"thumbnail_generate_prompt":"","seoaic_article_description":""},"product_brand":[],"product_cat":[126],"product_tag":[],"class_list":{"0":"post-4772","1":"product","2":"type-product","3":"status-publish","4":"has-post-thumbnail","6":"product_cat-frozen-mocktail-de","8":"first","9":"instock","10":"taxable","11":"shipping-taxable","12":"purchasable","13":"product-type-simple"},"acf":[],"yoast_head":"<!-- This site is optimized with the Yoast SEO plugin v27.2 - https:\/\/yoast.com\/product\/yoast-seo-wordpress\/ -->\n<title>Strawberry Daiquiri ICE 0.0% 50-pack - 24 ICE - DE<\/title>\n<meta name=\"description\" content=\"Kaufen Sie Strawberry Daiquiri ICE 0.0% 50-pack, einen Frozen Mocktail mit0.0% Alkohol- FREEZE THE FUN mit diesemFrozen Mocktail\" \/>\n<meta name=\"robots\" content=\"index, follow, max-snippet:-1, max-image-preview:large, max-video-preview:-1\" \/>\n<link rel=\"canonical\" href=\"https:\/\/24ice.com\/de\/produkt\/strawberry-daiquiri-0-0-50-pack\/\" \/>\n<meta property=\"og:locale\" content=\"de_DE\" \/>\n<meta property=\"og:type\" content=\"article\" \/>\n<meta property=\"og:title\" content=\"Strawberry Daiquiri ICE 0.0% 50-pack - 24 ICE - DE\" \/>\n<meta property=\"og:description\" content=\"Kaufen Sie Strawberry Daiquiri ICE 0.0% 50-pack, einen Frozen Mocktail mit0.0% Alkohol- FREEZE THE FUN mit diesemFrozen Mocktail\" \/>\n<meta property=\"og:url\" content=\"https:\/\/24ice.com\/de\/produkt\/strawberry-daiquiri-0-0-50-pack\/\" \/>\n<meta property=\"og:site_name\" content=\"24 ICE\" \/>\n<meta property=\"article:publisher\" content=\"https:\/\/www.facebook.com\/24ICEAmsterdam\/\" \/>\n<meta property=\"article:modified_time\" content=\"2025-03-14T15:47:39+00:00\" \/>\n<meta property=\"og:image\" content=\"https:\/\/24ice.com\/wp-content\/uploads\/0.0_STR50-Stick-Fruit-Shadow-LR-1116x1080.png\" \/>\n\t<meta property=\"og:image:width\" content=\"1116\" \/>\n\t<meta property=\"og:image:height\" content=\"1080\" \/>\n\t<meta property=\"og:image:type\" content=\"image\/png\" \/>\n<meta name=\"twitter:card\" content=\"summary_large_image\" \/>\n<meta name=\"twitter:label1\" content=\"Gesch\u00e4tzte Lesezeit\" \/>\n\t<meta name=\"twitter:data1\" content=\"2\u00a0Minuten\" \/>\n<script type=\"application\/ld+json\" class=\"yoast-schema-graph\">{\"@context\":\"https:\/\/schema.org\",\"@graph\":[{\"@type\":\"WebPage\",\"@id\":\"https:\/\/24ice.com\/de\/produkt\/strawberry-daiquiri-0-0-50-pack\/\",\"url\":\"https:\/\/24ice.com\/de\/produkt\/strawberry-daiquiri-0-0-50-pack\/\",\"name\":\"Strawberry Daiquiri ICE 0.0% 50-pack - 24 ICE - DE\",\"isPartOf\":{\"@id\":\"https:\/\/24ice.com\/de\/#website\"},\"primaryImageOfPage\":{\"@id\":\"https:\/\/24ice.com\/de\/produkt\/strawberry-daiquiri-0-0-50-pack\/#primaryimage\"},\"image\":{\"@id\":\"https:\/\/24ice.com\/de\/produkt\/strawberry-daiquiri-0-0-50-pack\/#primaryimage\"},\"thumbnailUrl\":\"https:\/\/24ice.com\/wp-content\/uploads\/0.0_STR50-Stick-Fruit-Shadow-LR.png\",\"datePublished\":\"2021-03-12T14:51:14+00:00\",\"dateModified\":\"2025-03-14T15:47:39+00:00\",\"description\":\"Kaufen Sie Strawberry Daiquiri ICE 0.0% 50-pack, einen Frozen Mocktail mit0.0% Alkohol- FREEZE THE FUN mit diesemFrozen Mocktail\",\"breadcrumb\":{\"@id\":\"https:\/\/24ice.com\/de\/produkt\/strawberry-daiquiri-0-0-50-pack\/#breadcrumb\"},\"inLanguage\":\"de\",\"potentialAction\":[{\"@type\":\"ReadAction\",\"target\":[\"https:\/\/24ice.com\/de\/produkt\/strawberry-daiquiri-0-0-50-pack\/\"]}]},{\"@type\":\"ImageObject\",\"inLanguage\":\"de\",\"@id\":\"https:\/\/24ice.com\/de\/produkt\/strawberry-daiquiri-0-0-50-pack\/#primaryimage\",\"url\":\"https:\/\/24ice.com\/wp-content\/uploads\/0.0_STR50-Stick-Fruit-Shadow-LR.png\",\"contentUrl\":\"https:\/\/24ice.com\/wp-content\/uploads\/0.0_STR50-Stick-Fruit-Shadow-LR.png\",\"width\":2441,\"height\":2362},{\"@type\":\"BreadcrumbList\",\"@id\":\"https:\/\/24ice.com\/de\/produkt\/strawberry-daiquiri-0-0-50-pack\/#breadcrumb\",\"itemListElement\":[{\"@type\":\"ListItem\",\"position\":1,\"name\":\"Home\",\"item\":\"https:\/\/24ice.com\/de\/\"},{\"@type\":\"ListItem\",\"position\":2,\"name\":\"Strawberry Daiquiri ICE 0.0%\"}]},{\"@type\":\"WebSite\",\"@id\":\"https:\/\/24ice.com\/de\/#website\",\"url\":\"https:\/\/24ice.com\/de\/\",\"name\":\"24 ICE\",\"description\":\"Frozen Cocktails\",\"publisher\":{\"@id\":\"https:\/\/24ice.com\/de\/#organization\"},\"potentialAction\":[{\"@type\":\"SearchAction\",\"target\":{\"@type\":\"EntryPoint\",\"urlTemplate\":\"https:\/\/24ice.com\/de\/?s={search_term_string}\"},\"query-input\":{\"@type\":\"PropertyValueSpecification\",\"valueRequired\":true,\"valueName\":\"search_term_string\"}}],\"inLanguage\":\"de\"},{\"@type\":\"Organization\",\"@id\":\"https:\/\/24ice.com\/de\/#organization\",\"name\":\"24 ICE B.V.\",\"url\":\"https:\/\/24ice.com\/de\/\",\"logo\":{\"@type\":\"ImageObject\",\"inLanguage\":\"de\",\"@id\":\"https:\/\/24ice.com\/de\/#\/schema\/logo\/image\/\",\"url\":\"https:\/\/24ice.com\/wp-content\/uploads\/24-ICE-Combi-Logo-Zwart.png\",\"contentUrl\":\"https:\/\/24ice.com\/wp-content\/uploads\/24-ICE-Combi-Logo-Zwart.png\",\"width\":5409,\"height\":1838,\"caption\":\"24 ICE B.V.\"},\"image\":{\"@id\":\"https:\/\/24ice.com\/de\/#\/schema\/logo\/image\/\"},\"sameAs\":[\"https:\/\/www.facebook.com\/24ICEAmsterdam\/\",\"https:\/\/www.instagram.com\/24_ice\/\",\"https:\/\/www.linkedin.com\/company\/24-ice\/\",\"https:\/\/www.youtube.com\/channel\/UCsiRoIO6jQG2JMFYbY1lrdA\"]}]}<\/script>\n<!-- \/ Yoast SEO plugin. -->","yoast_head_json":{"title":"Strawberry Daiquiri ICE 0.0% 50-pack - 24 ICE - DE","description":"Kaufen Sie Strawberry Daiquiri ICE 0.0% 50-pack, einen Frozen Mocktail mit0.0% Alkohol- FREEZE THE FUN mit diesemFrozen Mocktail","robots":{"index":"index","follow":"follow","max-snippet":"max-snippet:-1","max-image-preview":"max-image-preview:large","max-video-preview":"max-video-preview:-1"},"canonical":"https:\/\/24ice.com\/de\/produkt\/strawberry-daiquiri-0-0-50-pack\/","og_locale":"de_DE","og_type":"article","og_title":"Strawberry Daiquiri ICE 0.0% 50-pack - 24 ICE - DE","og_description":"Kaufen Sie Strawberry Daiquiri ICE 0.0% 50-pack, einen Frozen Mocktail mit0.0% Alkohol- FREEZE THE FUN mit diesemFrozen Mocktail","og_url":"https:\/\/24ice.com\/de\/produkt\/strawberry-daiquiri-0-0-50-pack\/","og_site_name":"24 ICE","article_publisher":"https:\/\/www.facebook.com\/24ICEAmsterdam\/","article_modified_time":"2025-03-14T15:47:39+00:00","og_image":[{"width":1116,"height":1080,"url":"https:\/\/24ice.com\/wp-content\/uploads\/0.0_STR50-Stick-Fruit-Shadow-LR-1116x1080.png","type":"image\/png"}],"twitter_card":"summary_large_image","twitter_misc":{"Gesch\u00e4tzte Lesezeit":"2\u00a0Minuten"},"schema":{"@context":"https:\/\/schema.org","@graph":[{"@type":"WebPage","@id":"https:\/\/24ice.com\/de\/produkt\/strawberry-daiquiri-0-0-50-pack\/","url":"https:\/\/24ice.com\/de\/produkt\/strawberry-daiquiri-0-0-50-pack\/","name":"Strawberry Daiquiri ICE 0.0% 50-pack - 24 ICE - DE","isPartOf":{"@id":"https:\/\/24ice.com\/de\/#website"},"primaryImageOfPage":{"@id":"https:\/\/24ice.com\/de\/produkt\/strawberry-daiquiri-0-0-50-pack\/#primaryimage"},"image":{"@id":"https:\/\/24ice.com\/de\/produkt\/strawberry-daiquiri-0-0-50-pack\/#primaryimage"},"thumbnailUrl":"https:\/\/24ice.com\/wp-content\/uploads\/0.0_STR50-Stick-Fruit-Shadow-LR.png","datePublished":"2021-03-12T14:51:14+00:00","dateModified":"2025-03-14T15:47:39+00:00","description":"Kaufen Sie Strawberry Daiquiri ICE 0.0% 50-pack, einen Frozen Mocktail mit0.0% Alkohol- FREEZE THE FUN mit diesemFrozen Mocktail","breadcrumb":{"@id":"https:\/\/24ice.com\/de\/produkt\/strawberry-daiquiri-0-0-50-pack\/#breadcrumb"},"inLanguage":"de","potentialAction":[{"@type":"ReadAction","target":["https:\/\/24ice.com\/de\/produkt\/strawberry-daiquiri-0-0-50-pack\/"]}]},{"@type":"ImageObject","inLanguage":"de","@id":"https:\/\/24ice.com\/de\/produkt\/strawberry-daiquiri-0-0-50-pack\/#primaryimage","url":"https:\/\/24ice.com\/wp-content\/uploads\/0.0_STR50-Stick-Fruit-Shadow-LR.png","contentUrl":"https:\/\/24ice.com\/wp-content\/uploads\/0.0_STR50-Stick-Fruit-Shadow-LR.png","width":2441,"height":2362},{"@type":"BreadcrumbList","@id":"https:\/\/24ice.com\/de\/produkt\/strawberry-daiquiri-0-0-50-pack\/#breadcrumb","itemListElement":[{"@type":"ListItem","position":1,"name":"Home","item":"https:\/\/24ice.com\/de\/"},{"@type":"ListItem","position":2,"name":"Strawberry Daiquiri ICE 0.0%"}]},{"@type":"WebSite","@id":"https:\/\/24ice.com\/de\/#website","url":"https:\/\/24ice.com\/de\/","name":"24 ICE","description":"Frozen Cocktails","publisher":{"@id":"https:\/\/24ice.com\/de\/#organization"},"potentialAction":[{"@type":"SearchAction","target":{"@type":"EntryPoint","urlTemplate":"https:\/\/24ice.com\/de\/?s={search_term_string}"},"query-input":{"@type":"PropertyValueSpecification","valueRequired":true,"valueName":"search_term_string"}}],"inLanguage":"de"},{"@type":"Organization","@id":"https:\/\/24ice.com\/de\/#organization","name":"24 ICE B.V.","url":"https:\/\/24ice.com\/de\/","logo":{"@type":"ImageObject","inLanguage":"de","@id":"https:\/\/24ice.com\/de\/#\/schema\/logo\/image\/","url":"https:\/\/24ice.com\/wp-content\/uploads\/24-ICE-Combi-Logo-Zwart.png","contentUrl":"https:\/\/24ice.com\/wp-content\/uploads\/24-ICE-Combi-Logo-Zwart.png","width":5409,"height":1838,"caption":"24 ICE B.V."},"image":{"@id":"https:\/\/24ice.com\/de\/#\/schema\/logo\/image\/"},"sameAs":["https:\/\/www.facebook.com\/24ICEAmsterdam\/","https:\/\/www.instagram.com\/24_ice\/","https:\/\/www.linkedin.com\/company\/24-ice\/","https:\/\/www.youtube.com\/channel\/UCsiRoIO6jQG2JMFYbY1lrdA"]}]}},"_links":{"self":[{"href":"https:\/\/24ice.com\/de\/wp-json\/wp\/v2\/product\/4772","targetHints":{"allow":["GET"]}}],"collection":[{"href":"https:\/\/24ice.com\/de\/wp-json\/wp\/v2\/product"}],"about":[{"href":"https:\/\/24ice.com\/de\/wp-json\/wp\/v2\/types\/product"}],"wp:featuredmedia":[{"embeddable":true,"href":"https:\/\/24ice.com\/de\/wp-json\/wp\/v2\/media\/5219"}],"wp:attachment":[{"href":"https:\/\/24ice.com\/de\/wp-json\/wp\/v2\/media?parent=4772"}],"wp:term":[{"taxonomy":"product_brand","embeddable":true,"href":"https:\/\/24ice.com\/de\/wp-json\/wp\/v2\/product_brand?post=4772"},{"taxonomy":"product_cat","embeddable":true,"href":"https:\/\/24ice.com\/de\/wp-json\/wp\/v2\/product_cat?post=4772"},{"taxonomy":"product_tag","embeddable":true,"href":"https:\/\/24ice.com\/de\/wp-json\/wp\/v2\/product_tag?post=4772"}],"curies":[{"name":"wp","href":"https:\/\/api.w.org\/{rel}","templated":true}]}}