{"id":7915,"date":"2022-05-25T09:00:49","date_gmt":"2022-05-25T07:00:49","guid":{"rendered":"https:\/\/24ice.com\/product\/pornstar-martini-50-pack\/"},"modified":"2024-10-17T15:13:56","modified_gmt":"2024-10-17T13:13:56","slug":"pornstar-martini-50-pack","status":"publish","type":"product","link":"https:\/\/24ice.com\/de\/produkt\/pornstar-martini-50-pack\/","title":{"rendered":"Pornstar Martini ICE"},"content":{"rendered":"<h1>Ein Cocktail voller Leidenschaft<\/h1>\n<p>Die erfrischenden Frozen Cocktails sind Poptails in allen Farben und Geschmacksrichtungen. Eine dieser neuen Geschmacksrichtungen ist Pornstar Martini.<\/p>\n<p>Der Original Pornstar Martini ist ein bekannter Cocktail mit Passionsfrucht und Vanille-Wodka. Er wurde 1999 von dem Besitzer eines Caf\u00e9s im Londoner Stadtteil Soho kreiert. Inzwischen ist er neben dem Mojito einer der beliebtesten Cocktails!<\/p>\n<p><strong>Wie schmeckt er?<\/strong><\/p>\n<p>Der Frozen Cocktail Pornstar Martini basiert auf Wodka und hat den s\u00fc\u00dfen Geschmack von Passionsfrucht und Vanille.<\/p>\n<p><strong>Wie wird er zubereitet?<\/strong><\/p>\n<p>Frieren Sie die fl\u00fcssigen Sticks bei einer Temperatur von unter -18\u00b0C ein (Standard-Gefrierschrank). Pornstar Martini schmeckt am besten, wenn er vollst\u00e4ndig gefroren ist, enth\u00e4lt 5% Alkohol und nur 56 Kalorien. Auch im 50er-Pack erh\u00e4ltlich.<\/p>\n","protected":false},"excerpt":{"rendered":"<p>Ein Cocktail voller Leidenschaft Die erfrischenden Frozen Cocktails sind Poptails in allen Farben und Geschmacksrichtungen. Eine dieser neuen Geschmacksrichtungen ist Pornstar Martini. Der Original Pornstar Martini ist ein bekannter Cocktail mit Passionsfrucht und Vanille-Wodka. Er wurde 1999 von dem Besitzer eines Caf\u00e9s im Londoner Stadtteil Soho kreiert. Inzwischen ist er neben dem Mojito einer der [&hellip;]<\/p>\n","protected":false},"featured_media":7472,"template":"","meta":{"_acf_changed":false,"content-type":"","_improvement_type_select":"improve_an_existing","_thumb_yes_seoaic":false,"_frame_yes_seoaic":false,"seoaic_generate_description":"","seoaic_improve_instructions_prompt":"","seoaic_rollback_content_improvement":"","seoaic_idea_thumbnail_generator":"","thumbnail_generated":false,"thumbnail_generate_prompt":"","seoaic_article_description":""},"product_brand":[],"product_cat":[116],"product_tag":[],"class_list":{"0":"post-7915","1":"product","2":"type-product","3":"status-publish","4":"has-post-thumbnail","6":"product_cat-frozen-cocktail-de","8":"first","9":"instock","10":"taxable","11":"shipping-taxable","12":"purchasable","13":"product-type-simple"},"acf":[],"yoast_head":"<!-- This site is optimized with the Yoast SEO plugin v27.2 - https:\/\/yoast.com\/product\/yoast-seo-wordpress\/ -->\n<title>Pornstar Martini ICE 50-pack - DE- 24 ICE<\/title>\n<meta name=\"description\" content=\"Kaufen Sie Pornstar Martini ICE 50-pack, einen Frozen Cocktail mit5% Alkohol- FREEZE THE FUN mit diesemFrozen Cocktail\" \/>\n<meta name=\"robots\" content=\"index, follow, max-snippet:-1, max-image-preview:large, max-video-preview:-1\" \/>\n<link rel=\"canonical\" href=\"https:\/\/24ice.com\/de\/produkt\/pornstar-martini-50-pack\/\" \/>\n<meta property=\"og:locale\" content=\"de_DE\" \/>\n<meta property=\"og:type\" content=\"article\" \/>\n<meta property=\"og:title\" content=\"Pornstar Martini ICE 50-pack - DE- 24 ICE\" \/>\n<meta property=\"og:description\" content=\"Kaufen Sie Pornstar Martini ICE 50-pack, einen Frozen Cocktail mit5% Alkohol- FREEZE THE FUN mit diesemFrozen Cocktail\" \/>\n<meta property=\"og:url\" content=\"https:\/\/24ice.com\/de\/produkt\/pornstar-martini-50-pack\/\" \/>\n<meta property=\"og:site_name\" content=\"24 ICE\" \/>\n<meta property=\"article:publisher\" content=\"https:\/\/www.facebook.com\/24ICEAmsterdam\/\" \/>\n<meta property=\"article:modified_time\" content=\"2024-10-17T13:13:56+00:00\" \/>\n<meta property=\"og:image\" content=\"https:\/\/24ice.com\/wp-content\/uploads\/24-ICE_Omdoos_50_PornstarMartini_Comp-1119x1080.png\" \/>\n\t<meta property=\"og:image:width\" content=\"1119\" \/>\n\t<meta property=\"og:image:height\" content=\"1080\" \/>\n\t<meta property=\"og:image:type\" content=\"image\/png\" \/>\n<meta name=\"twitter:card\" content=\"summary_large_image\" \/>\n<meta name=\"twitter:label1\" content=\"Gesch\u00e4tzte Lesezeit\" \/>\n\t<meta name=\"twitter:data1\" content=\"2\u00a0Minuten\" \/>\n<script type=\"application\/ld+json\" class=\"yoast-schema-graph\">{\"@context\":\"https:\/\/schema.org\",\"@graph\":[{\"@type\":\"WebPage\",\"@id\":\"https:\/\/24ice.com\/de\/produkt\/pornstar-martini-50-pack\/\",\"url\":\"https:\/\/24ice.com\/de\/produkt\/pornstar-martini-50-pack\/\",\"name\":\"Pornstar Martini ICE 50-pack - DE- 24 ICE\",\"isPartOf\":{\"@id\":\"https:\/\/24ice.com\/de\/#website\"},\"primaryImageOfPage\":{\"@id\":\"https:\/\/24ice.com\/de\/produkt\/pornstar-martini-50-pack\/#primaryimage\"},\"image\":{\"@id\":\"https:\/\/24ice.com\/de\/produkt\/pornstar-martini-50-pack\/#primaryimage\"},\"thumbnailUrl\":\"https:\/\/24ice.com\/wp-content\/uploads\/24-ICE_Omdoos_50_PornstarMartini_Comp.png\",\"datePublished\":\"2022-05-25T07:00:49+00:00\",\"dateModified\":\"2024-10-17T13:13:56+00:00\",\"description\":\"Kaufen Sie Pornstar Martini ICE 50-pack, einen Frozen Cocktail mit5% Alkohol- FREEZE THE FUN mit diesemFrozen Cocktail\",\"breadcrumb\":{\"@id\":\"https:\/\/24ice.com\/de\/produkt\/pornstar-martini-50-pack\/#breadcrumb\"},\"inLanguage\":\"de\",\"potentialAction\":[{\"@type\":\"ReadAction\",\"target\":[\"https:\/\/24ice.com\/de\/produkt\/pornstar-martini-50-pack\/\"]}]},{\"@type\":\"ImageObject\",\"inLanguage\":\"de\",\"@id\":\"https:\/\/24ice.com\/de\/produkt\/pornstar-martini-50-pack\/#primaryimage\",\"url\":\"https:\/\/24ice.com\/wp-content\/uploads\/24-ICE_Omdoos_50_PornstarMartini_Comp.png\",\"contentUrl\":\"https:\/\/24ice.com\/wp-content\/uploads\/24-ICE_Omdoos_50_PornstarMartini_Comp.png\",\"width\":2560,\"height\":2470},{\"@type\":\"BreadcrumbList\",\"@id\":\"https:\/\/24ice.com\/de\/produkt\/pornstar-martini-50-pack\/#breadcrumb\",\"itemListElement\":[{\"@type\":\"ListItem\",\"position\":1,\"name\":\"Home\",\"item\":\"https:\/\/24ice.com\/de\/\"},{\"@type\":\"ListItem\",\"position\":2,\"name\":\"Pornstar Martini ICE\"}]},{\"@type\":\"WebSite\",\"@id\":\"https:\/\/24ice.com\/de\/#website\",\"url\":\"https:\/\/24ice.com\/de\/\",\"name\":\"24 ICE\",\"description\":\"Frozen Cocktails\",\"publisher\":{\"@id\":\"https:\/\/24ice.com\/de\/#organization\"},\"potentialAction\":[{\"@type\":\"SearchAction\",\"target\":{\"@type\":\"EntryPoint\",\"urlTemplate\":\"https:\/\/24ice.com\/de\/?s={search_term_string}\"},\"query-input\":{\"@type\":\"PropertyValueSpecification\",\"valueRequired\":true,\"valueName\":\"search_term_string\"}}],\"inLanguage\":\"de\"},{\"@type\":\"Organization\",\"@id\":\"https:\/\/24ice.com\/de\/#organization\",\"name\":\"24 ICE B.V.\",\"url\":\"https:\/\/24ice.com\/de\/\",\"logo\":{\"@type\":\"ImageObject\",\"inLanguage\":\"de\",\"@id\":\"https:\/\/24ice.com\/de\/#\/schema\/logo\/image\/\",\"url\":\"https:\/\/24ice.com\/wp-content\/uploads\/24-ICE-Combi-Logo-Zwart.png\",\"contentUrl\":\"https:\/\/24ice.com\/wp-content\/uploads\/24-ICE-Combi-Logo-Zwart.png\",\"width\":5409,\"height\":1838,\"caption\":\"24 ICE B.V.\"},\"image\":{\"@id\":\"https:\/\/24ice.com\/de\/#\/schema\/logo\/image\/\"},\"sameAs\":[\"https:\/\/www.facebook.com\/24ICEAmsterdam\/\",\"https:\/\/www.instagram.com\/24_ice\/\",\"https:\/\/www.linkedin.com\/company\/24-ice\/\",\"https:\/\/www.youtube.com\/channel\/UCsiRoIO6jQG2JMFYbY1lrdA\"]}]}<\/script>\n<!-- \/ Yoast SEO plugin. -->","yoast_head_json":{"title":"Pornstar Martini ICE 50-pack - DE- 24 ICE","description":"Kaufen Sie Pornstar Martini ICE 50-pack, einen Frozen Cocktail mit5% Alkohol- FREEZE THE FUN mit diesemFrozen Cocktail","robots":{"index":"index","follow":"follow","max-snippet":"max-snippet:-1","max-image-preview":"max-image-preview:large","max-video-preview":"max-video-preview:-1"},"canonical":"https:\/\/24ice.com\/de\/produkt\/pornstar-martini-50-pack\/","og_locale":"de_DE","og_type":"article","og_title":"Pornstar Martini ICE 50-pack - DE- 24 ICE","og_description":"Kaufen Sie Pornstar Martini ICE 50-pack, einen Frozen Cocktail mit5% Alkohol- FREEZE THE FUN mit diesemFrozen Cocktail","og_url":"https:\/\/24ice.com\/de\/produkt\/pornstar-martini-50-pack\/","og_site_name":"24 ICE","article_publisher":"https:\/\/www.facebook.com\/24ICEAmsterdam\/","article_modified_time":"2024-10-17T13:13:56+00:00","og_image":[{"width":1119,"height":1080,"url":"https:\/\/24ice.com\/wp-content\/uploads\/24-ICE_Omdoos_50_PornstarMartini_Comp-1119x1080.png","type":"image\/png"}],"twitter_card":"summary_large_image","twitter_misc":{"Gesch\u00e4tzte Lesezeit":"2\u00a0Minuten"},"schema":{"@context":"https:\/\/schema.org","@graph":[{"@type":"WebPage","@id":"https:\/\/24ice.com\/de\/produkt\/pornstar-martini-50-pack\/","url":"https:\/\/24ice.com\/de\/produkt\/pornstar-martini-50-pack\/","name":"Pornstar Martini ICE 50-pack - DE- 24 ICE","isPartOf":{"@id":"https:\/\/24ice.com\/de\/#website"},"primaryImageOfPage":{"@id":"https:\/\/24ice.com\/de\/produkt\/pornstar-martini-50-pack\/#primaryimage"},"image":{"@id":"https:\/\/24ice.com\/de\/produkt\/pornstar-martini-50-pack\/#primaryimage"},"thumbnailUrl":"https:\/\/24ice.com\/wp-content\/uploads\/24-ICE_Omdoos_50_PornstarMartini_Comp.png","datePublished":"2022-05-25T07:00:49+00:00","dateModified":"2024-10-17T13:13:56+00:00","description":"Kaufen Sie Pornstar Martini ICE 50-pack, einen Frozen Cocktail mit5% Alkohol- FREEZE THE FUN mit diesemFrozen Cocktail","breadcrumb":{"@id":"https:\/\/24ice.com\/de\/produkt\/pornstar-martini-50-pack\/#breadcrumb"},"inLanguage":"de","potentialAction":[{"@type":"ReadAction","target":["https:\/\/24ice.com\/de\/produkt\/pornstar-martini-50-pack\/"]}]},{"@type":"ImageObject","inLanguage":"de","@id":"https:\/\/24ice.com\/de\/produkt\/pornstar-martini-50-pack\/#primaryimage","url":"https:\/\/24ice.com\/wp-content\/uploads\/24-ICE_Omdoos_50_PornstarMartini_Comp.png","contentUrl":"https:\/\/24ice.com\/wp-content\/uploads\/24-ICE_Omdoos_50_PornstarMartini_Comp.png","width":2560,"height":2470},{"@type":"BreadcrumbList","@id":"https:\/\/24ice.com\/de\/produkt\/pornstar-martini-50-pack\/#breadcrumb","itemListElement":[{"@type":"ListItem","position":1,"name":"Home","item":"https:\/\/24ice.com\/de\/"},{"@type":"ListItem","position":2,"name":"Pornstar Martini ICE"}]},{"@type":"WebSite","@id":"https:\/\/24ice.com\/de\/#website","url":"https:\/\/24ice.com\/de\/","name":"24 ICE","description":"Frozen Cocktails","publisher":{"@id":"https:\/\/24ice.com\/de\/#organization"},"potentialAction":[{"@type":"SearchAction","target":{"@type":"EntryPoint","urlTemplate":"https:\/\/24ice.com\/de\/?s={search_term_string}"},"query-input":{"@type":"PropertyValueSpecification","valueRequired":true,"valueName":"search_term_string"}}],"inLanguage":"de"},{"@type":"Organization","@id":"https:\/\/24ice.com\/de\/#organization","name":"24 ICE B.V.","url":"https:\/\/24ice.com\/de\/","logo":{"@type":"ImageObject","inLanguage":"de","@id":"https:\/\/24ice.com\/de\/#\/schema\/logo\/image\/","url":"https:\/\/24ice.com\/wp-content\/uploads\/24-ICE-Combi-Logo-Zwart.png","contentUrl":"https:\/\/24ice.com\/wp-content\/uploads\/24-ICE-Combi-Logo-Zwart.png","width":5409,"height":1838,"caption":"24 ICE B.V."},"image":{"@id":"https:\/\/24ice.com\/de\/#\/schema\/logo\/image\/"},"sameAs":["https:\/\/www.facebook.com\/24ICEAmsterdam\/","https:\/\/www.instagram.com\/24_ice\/","https:\/\/www.linkedin.com\/company\/24-ice\/","https:\/\/www.youtube.com\/channel\/UCsiRoIO6jQG2JMFYbY1lrdA"]}]}},"_links":{"self":[{"href":"https:\/\/24ice.com\/de\/wp-json\/wp\/v2\/product\/7915","targetHints":{"allow":["GET"]}}],"collection":[{"href":"https:\/\/24ice.com\/de\/wp-json\/wp\/v2\/product"}],"about":[{"href":"https:\/\/24ice.com\/de\/wp-json\/wp\/v2\/types\/product"}],"wp:featuredmedia":[{"embeddable":true,"href":"https:\/\/24ice.com\/de\/wp-json\/wp\/v2\/media\/7472"}],"wp:attachment":[{"href":"https:\/\/24ice.com\/de\/wp-json\/wp\/v2\/media?parent=7915"}],"wp:term":[{"taxonomy":"product_brand","embeddable":true,"href":"https:\/\/24ice.com\/de\/wp-json\/wp\/v2\/product_brand?post=7915"},{"taxonomy":"product_cat","embeddable":true,"href":"https:\/\/24ice.com\/de\/wp-json\/wp\/v2\/product_cat?post=7915"},{"taxonomy":"product_tag","embeddable":true,"href":"https:\/\/24ice.com\/de\/wp-json\/wp\/v2\/product_tag?post=7915"}],"curies":[{"name":"wp","href":"https:\/\/api.w.org\/{rel}","templated":true}]}}