{"id":239,"date":"2021-03-12T12:12:54","date_gmt":"2021-03-12T11:12:54","guid":{"rendered":"https:\/\/24ice.com\/?post_type=product&#038;p=239"},"modified":"2025-03-17T09:10:25","modified_gmt":"2025-03-17T08:10:25","slug":"flugel-ice-50-pack","status":"publish","type":"product","link":"https:\/\/24ice.com\/en\/product\/flugel-ice-50-pack\/","title":{"rendered":"Fl\u00fcgel ICE"},"content":{"rendered":"<p><b>Fl\u00fcgel, now without the yellow cap!<\/b><\/p>\n<p><span style=\"font-weight: 400;\">The refreshing Frozen Cocktails are poptails in all kinds of colours and flavours. <\/span><span style=\"font-weight: 400;\">One of the colourful flavours is the Frozen Cocktail developed from the Netherlands&#8217; most famous shot, Fl\u00fcgel ICE!<\/span><\/p>\n<p><b>How does it taste?<\/b><\/p>\n<p><span style=\"font-weight: 400;\">The Fl\u00fcgel ICE has the original Fl\u00fcgel flavour, with a pink-red colour and the scent of blueberries and raspberry.<\/span><\/p>\n<p><b>How does it work?<\/b><\/p>\n<p><span style=\"font-weight: 400;\">Place the liquid products in the freezer (-18 \u00b0C) for 24 hours, et voil\u00e0, your Frozen Cocktails are ready to be served.<br \/>\n<\/span><\/p>\n<p><span style=\"font-weight: 400;\">The Frozen Cocktails contain 5% alcohol and only 56 calories each. Available in 5-pack and 50-pack.<\/span><\/p>\n","protected":false},"excerpt":{"rendered":"<p>Fl\u00fcgel, now without the yellow cap! The refreshing Frozen Cocktails are poptails in all kinds of colours and flavours. One of the colourful flavours is the Frozen Cocktail developed from the Netherlands&#8217; most famous shot, Fl\u00fcgel ICE! How does it taste? The Fl\u00fcgel ICE has the original Fl\u00fcgel flavour, with a pink-red colour and the [&hellip;]<\/p>\n","protected":false},"featured_media":11714,"template":"","meta":{"_acf_changed":false,"content-type":"","_improvement_type_select":"improve_an_existing","_thumb_yes_seoaic":false,"_frame_yes_seoaic":false,"seoaic_generate_description":"","seoaic_improve_instructions_prompt":"","seoaic_rollback_content_improvement":"","seoaic_idea_thumbnail_generator":"","thumbnail_generated":false,"thumbnail_generate_prompt":"","seoaic_article_description":""},"product_brand":[],"product_cat":[43],"product_tag":[],"class_list":{"0":"post-239","1":"product","2":"type-product","3":"status-publish","4":"has-post-thumbnail","6":"product_cat-frozen-cocktail-en","8":"first","9":"instock","10":"taxable","11":"shipping-taxable","12":"purchasable","13":"product-type-simple"},"acf":[],"yoast_head":"<!-- This site is optimized with the Yoast SEO plugin v27.2 - https:\/\/yoast.com\/product\/yoast-seo-wordpress\/ -->\n<title>Fl\u00fcgel ICE 50-pack - 24 ICE - EN<\/title>\n<meta name=\"description\" content=\"Buy a Fl\u00fcgel ICE 50-pack, a Frozen Cocktail with 5% alcohol - The 24 ICE Frozen Cocktail is a real summer hit!\" \/>\n<meta name=\"robots\" content=\"index, follow, max-snippet:-1, max-image-preview:large, max-video-preview:-1\" \/>\n<link rel=\"canonical\" href=\"https:\/\/24ice.com\/en\/product\/flugel-ice-50-pack\/\" \/>\n<meta property=\"og:locale\" content=\"en_US\" \/>\n<meta property=\"og:type\" content=\"article\" \/>\n<meta property=\"og:title\" content=\"Fl\u00fcgel ICE 50-pack - 24 ICE - EN\" \/>\n<meta property=\"og:description\" content=\"Buy a Fl\u00fcgel ICE 50-pack, a Frozen Cocktail with 5% alcohol - The 24 ICE Frozen Cocktail is a real summer hit!\" \/>\n<meta property=\"og:url\" content=\"https:\/\/24ice.com\/en\/product\/flugel-ice-50-pack\/\" \/>\n<meta property=\"og:site_name\" content=\"24 ICE\" \/>\n<meta property=\"article:publisher\" content=\"https:\/\/www.facebook.com\/24ICEAmsterdam\/\" \/>\n<meta property=\"article:modified_time\" content=\"2025-03-17T08:10:25+00:00\" \/>\n<meta property=\"og:image\" content=\"https:\/\/24ice.com\/wp-content\/uploads\/24-ICE-50-pack-Flugel-ICE-1166x1080.png\" \/>\n\t<meta property=\"og:image:width\" content=\"1166\" \/>\n\t<meta property=\"og:image:height\" content=\"1080\" \/>\n\t<meta property=\"og:image:type\" content=\"image\/png\" \/>\n<meta name=\"twitter:card\" content=\"summary_large_image\" \/>\n<meta name=\"twitter:label1\" content=\"Est. reading time\" \/>\n\t<meta name=\"twitter:data1\" content=\"1 minute\" \/>\n<script type=\"application\/ld+json\" class=\"yoast-schema-graph\">{\"@context\":\"https:\/\/schema.org\",\"@graph\":[{\"@type\":\"WebPage\",\"@id\":\"https:\/\/24ice.com\/en\/product\/flugel-ice-50-pack\/\",\"url\":\"https:\/\/24ice.com\/en\/product\/flugel-ice-50-pack\/\",\"name\":\"Fl\u00fcgel ICE 50-pack - 24 ICE - EN\",\"isPartOf\":{\"@id\":\"https:\/\/24ice.com\/en\/#website\"},\"primaryImageOfPage\":{\"@id\":\"https:\/\/24ice.com\/en\/product\/flugel-ice-50-pack\/#primaryimage\"},\"image\":{\"@id\":\"https:\/\/24ice.com\/en\/product\/flugel-ice-50-pack\/#primaryimage\"},\"thumbnailUrl\":\"https:\/\/24ice.com\/wp-content\/uploads\/24-ICE-50-pack-Flugel-ICE.png\",\"datePublished\":\"2021-03-12T11:12:54+00:00\",\"dateModified\":\"2025-03-17T08:10:25+00:00\",\"description\":\"Buy a Fl\u00fcgel ICE 50-pack, a Frozen Cocktail with 5% alcohol - The 24 ICE Frozen Cocktail is a real summer hit!\",\"breadcrumb\":{\"@id\":\"https:\/\/24ice.com\/en\/product\/flugel-ice-50-pack\/#breadcrumb\"},\"inLanguage\":\"en-US\",\"potentialAction\":[{\"@type\":\"ReadAction\",\"target\":[\"https:\/\/24ice.com\/en\/product\/flugel-ice-50-pack\/\"]}]},{\"@type\":\"ImageObject\",\"inLanguage\":\"en-US\",\"@id\":\"https:\/\/24ice.com\/en\/product\/flugel-ice-50-pack\/#primaryimage\",\"url\":\"https:\/\/24ice.com\/wp-content\/uploads\/24-ICE-50-pack-Flugel-ICE.png\",\"contentUrl\":\"https:\/\/24ice.com\/wp-content\/uploads\/24-ICE-50-pack-Flugel-ICE.png\",\"width\":3938,\"height\":3646},{\"@type\":\"BreadcrumbList\",\"@id\":\"https:\/\/24ice.com\/en\/product\/flugel-ice-50-pack\/#breadcrumb\",\"itemListElement\":[{\"@type\":\"ListItem\",\"position\":1,\"name\":\"Home\",\"item\":\"https:\/\/24ice.com\/en\/\"},{\"@type\":\"ListItem\",\"position\":2,\"name\":\"Fl\u00fcgel ICE\"}]},{\"@type\":\"WebSite\",\"@id\":\"https:\/\/24ice.com\/en\/#website\",\"url\":\"https:\/\/24ice.com\/en\/\",\"name\":\"24 ICE\",\"description\":\"Frozen Cocktails\",\"publisher\":{\"@id\":\"https:\/\/24ice.com\/en\/#organization\"},\"potentialAction\":[{\"@type\":\"SearchAction\",\"target\":{\"@type\":\"EntryPoint\",\"urlTemplate\":\"https:\/\/24ice.com\/en\/?s={search_term_string}\"},\"query-input\":{\"@type\":\"PropertyValueSpecification\",\"valueRequired\":true,\"valueName\":\"search_term_string\"}}],\"inLanguage\":\"en-US\"},{\"@type\":\"Organization\",\"@id\":\"https:\/\/24ice.com\/en\/#organization\",\"name\":\"24 ICE B.V.\",\"url\":\"https:\/\/24ice.com\/en\/\",\"logo\":{\"@type\":\"ImageObject\",\"inLanguage\":\"en-US\",\"@id\":\"https:\/\/24ice.com\/en\/#\/schema\/logo\/image\/\",\"url\":\"https:\/\/24ice.com\/wp-content\/uploads\/24-ICE-Combi-Logo-Zwart.png\",\"contentUrl\":\"https:\/\/24ice.com\/wp-content\/uploads\/24-ICE-Combi-Logo-Zwart.png\",\"width\":5409,\"height\":1838,\"caption\":\"24 ICE B.V.\"},\"image\":{\"@id\":\"https:\/\/24ice.com\/en\/#\/schema\/logo\/image\/\"},\"sameAs\":[\"https:\/\/www.facebook.com\/24ICEAmsterdam\/\",\"https:\/\/www.instagram.com\/24_ice\/\",\"https:\/\/www.linkedin.com\/company\/24-ice\/\",\"https:\/\/www.youtube.com\/channel\/UCsiRoIO6jQG2JMFYbY1lrdA\"]}]}<\/script>\n<!-- \/ Yoast SEO plugin. -->","yoast_head_json":{"title":"Fl\u00fcgel ICE 50-pack - 24 ICE - EN","description":"Buy a Fl\u00fcgel ICE 50-pack, a Frozen Cocktail with 5% alcohol - The 24 ICE Frozen Cocktail is a real summer hit!","robots":{"index":"index","follow":"follow","max-snippet":"max-snippet:-1","max-image-preview":"max-image-preview:large","max-video-preview":"max-video-preview:-1"},"canonical":"https:\/\/24ice.com\/en\/product\/flugel-ice-50-pack\/","og_locale":"en_US","og_type":"article","og_title":"Fl\u00fcgel ICE 50-pack - 24 ICE - EN","og_description":"Buy a Fl\u00fcgel ICE 50-pack, a Frozen Cocktail with 5% alcohol - The 24 ICE Frozen Cocktail is a real summer hit!","og_url":"https:\/\/24ice.com\/en\/product\/flugel-ice-50-pack\/","og_site_name":"24 ICE","article_publisher":"https:\/\/www.facebook.com\/24ICEAmsterdam\/","article_modified_time":"2025-03-17T08:10:25+00:00","og_image":[{"width":1166,"height":1080,"url":"https:\/\/24ice.com\/wp-content\/uploads\/24-ICE-50-pack-Flugel-ICE-1166x1080.png","type":"image\/png"}],"twitter_card":"summary_large_image","twitter_misc":{"Est. reading time":"1 minute"},"schema":{"@context":"https:\/\/schema.org","@graph":[{"@type":"WebPage","@id":"https:\/\/24ice.com\/en\/product\/flugel-ice-50-pack\/","url":"https:\/\/24ice.com\/en\/product\/flugel-ice-50-pack\/","name":"Fl\u00fcgel ICE 50-pack - 24 ICE - EN","isPartOf":{"@id":"https:\/\/24ice.com\/en\/#website"},"primaryImageOfPage":{"@id":"https:\/\/24ice.com\/en\/product\/flugel-ice-50-pack\/#primaryimage"},"image":{"@id":"https:\/\/24ice.com\/en\/product\/flugel-ice-50-pack\/#primaryimage"},"thumbnailUrl":"https:\/\/24ice.com\/wp-content\/uploads\/24-ICE-50-pack-Flugel-ICE.png","datePublished":"2021-03-12T11:12:54+00:00","dateModified":"2025-03-17T08:10:25+00:00","description":"Buy a Fl\u00fcgel ICE 50-pack, a Frozen Cocktail with 5% alcohol - The 24 ICE Frozen Cocktail is a real summer hit!","breadcrumb":{"@id":"https:\/\/24ice.com\/en\/product\/flugel-ice-50-pack\/#breadcrumb"},"inLanguage":"en-US","potentialAction":[{"@type":"ReadAction","target":["https:\/\/24ice.com\/en\/product\/flugel-ice-50-pack\/"]}]},{"@type":"ImageObject","inLanguage":"en-US","@id":"https:\/\/24ice.com\/en\/product\/flugel-ice-50-pack\/#primaryimage","url":"https:\/\/24ice.com\/wp-content\/uploads\/24-ICE-50-pack-Flugel-ICE.png","contentUrl":"https:\/\/24ice.com\/wp-content\/uploads\/24-ICE-50-pack-Flugel-ICE.png","width":3938,"height":3646},{"@type":"BreadcrumbList","@id":"https:\/\/24ice.com\/en\/product\/flugel-ice-50-pack\/#breadcrumb","itemListElement":[{"@type":"ListItem","position":1,"name":"Home","item":"https:\/\/24ice.com\/en\/"},{"@type":"ListItem","position":2,"name":"Fl\u00fcgel ICE"}]},{"@type":"WebSite","@id":"https:\/\/24ice.com\/en\/#website","url":"https:\/\/24ice.com\/en\/","name":"24 ICE","description":"Frozen Cocktails","publisher":{"@id":"https:\/\/24ice.com\/en\/#organization"},"potentialAction":[{"@type":"SearchAction","target":{"@type":"EntryPoint","urlTemplate":"https:\/\/24ice.com\/en\/?s={search_term_string}"},"query-input":{"@type":"PropertyValueSpecification","valueRequired":true,"valueName":"search_term_string"}}],"inLanguage":"en-US"},{"@type":"Organization","@id":"https:\/\/24ice.com\/en\/#organization","name":"24 ICE B.V.","url":"https:\/\/24ice.com\/en\/","logo":{"@type":"ImageObject","inLanguage":"en-US","@id":"https:\/\/24ice.com\/en\/#\/schema\/logo\/image\/","url":"https:\/\/24ice.com\/wp-content\/uploads\/24-ICE-Combi-Logo-Zwart.png","contentUrl":"https:\/\/24ice.com\/wp-content\/uploads\/24-ICE-Combi-Logo-Zwart.png","width":5409,"height":1838,"caption":"24 ICE B.V."},"image":{"@id":"https:\/\/24ice.com\/en\/#\/schema\/logo\/image\/"},"sameAs":["https:\/\/www.facebook.com\/24ICEAmsterdam\/","https:\/\/www.instagram.com\/24_ice\/","https:\/\/www.linkedin.com\/company\/24-ice\/","https:\/\/www.youtube.com\/channel\/UCsiRoIO6jQG2JMFYbY1lrdA"]}]}},"_links":{"self":[{"href":"https:\/\/24ice.com\/en\/wp-json\/wp\/v2\/product\/239","targetHints":{"allow":["GET"]}}],"collection":[{"href":"https:\/\/24ice.com\/en\/wp-json\/wp\/v2\/product"}],"about":[{"href":"https:\/\/24ice.com\/en\/wp-json\/wp\/v2\/types\/product"}],"wp:featuredmedia":[{"embeddable":true,"href":"https:\/\/24ice.com\/en\/wp-json\/wp\/v2\/media\/11714"}],"wp:attachment":[{"href":"https:\/\/24ice.com\/en\/wp-json\/wp\/v2\/media?parent=239"}],"wp:term":[{"taxonomy":"product_brand","embeddable":true,"href":"https:\/\/24ice.com\/en\/wp-json\/wp\/v2\/product_brand?post=239"},{"taxonomy":"product_cat","embeddable":true,"href":"https:\/\/24ice.com\/en\/wp-json\/wp\/v2\/product_cat?post=239"},{"taxonomy":"product_tag","embeddable":true,"href":"https:\/\/24ice.com\/en\/wp-json\/wp\/v2\/product_tag?post=239"}],"curies":[{"name":"wp","href":"https:\/\/api.w.org\/{rel}","templated":true}]}}