{"id":10964,"date":"2024-02-20T09:47:31","date_gmt":"2024-02-20T08:47:31","guid":{"rendered":"https:\/\/24ice.com\/?post_type=product&#038;p=10964"},"modified":"2025-03-17T09:39:20","modified_gmt":"2025-03-17T08:39:20","slug":"flugel-partybox","status":"publish","type":"product","link":"https:\/\/24ice.com\/fr\/produit\/flugel-partybox\/","title":{"rendered":"Fl\u00fcgel Partybox"},"content":{"rendered":"","protected":false},"excerpt":{"rendered":"","protected":false},"featured_media":10958,"template":"","meta":{"_acf_changed":false,"content-type":"","_improvement_type_select":"improve_an_existing","_thumb_yes_seoaic":false,"_frame_yes_seoaic":false,"seoaic_generate_description":"","seoaic_improve_instructions_prompt":"","seoaic_rollback_content_improvement":"","seoaic_idea_thumbnail_generator":"","thumbnail_generated":false,"thumbnail_generate_prompt":"","seoaic_article_description":""},"product_brand":[],"product_cat":[106],"product_tag":[],"class_list":{"0":"post-10964","1":"product","2":"type-product","3":"status-publish","4":"has-post-thumbnail","6":"product_cat-frozen-cocktail-fr","8":"first","9":"outofstock","10":"taxable","11":"shipping-taxable","12":"purchasable","13":"product-type-simple"},"acf":[],"yoast_head":"<!-- This site is optimized with the Yoast SEO plugin v27.2 - https:\/\/yoast.com\/product\/yoast-seo-wordpress\/ -->\n<title>Fl\u00fcgel Partybox - FR - 24 ICE<\/title>\n<meta name=\"description\" content=\"Koop nu Fl\u00fcgel Partybox 10-pack, 5-pack, een Frozen cocktail met 5% alcohol - De 24 ICE Frozen cocktail is d\u00e9 hit van de zomer!\" \/>\n<meta name=\"robots\" content=\"index, follow, max-snippet:-1, max-image-preview:large, max-video-preview:-1\" \/>\n<link rel=\"canonical\" href=\"https:\/\/24ice.com\/fr\/produit\/flugel-partybox\/\" \/>\n<meta property=\"og:locale\" content=\"fr_FR\" \/>\n<meta property=\"og:type\" content=\"article\" \/>\n<meta property=\"og:title\" content=\"Fl\u00fcgel Partybox - FR - 24 ICE\" \/>\n<meta property=\"og:description\" content=\"Koop nu Fl\u00fcgel Partybox 10-pack, 5-pack, een Frozen cocktail met 5% alcohol - De 24 ICE Frozen cocktail is d\u00e9 hit van de zomer!\" \/>\n<meta property=\"og:url\" content=\"https:\/\/24ice.com\/fr\/produit\/flugel-partybox\/\" \/>\n<meta property=\"og:site_name\" content=\"24 ICE\" \/>\n<meta property=\"article:publisher\" content=\"https:\/\/www.facebook.com\/24ICEAmsterdam\/\" \/>\n<meta property=\"article:modified_time\" content=\"2025-03-17T08:39:20+00:00\" \/>\n<meta property=\"og:image\" content=\"https:\/\/24ice.com\/wp-content\/uploads\/Flugel-doos-aangepast-810x1080.png\" \/>\n\t<meta property=\"og:image:width\" content=\"810\" \/>\n\t<meta property=\"og:image:height\" content=\"1080\" \/>\n\t<meta property=\"og:image:type\" content=\"image\/png\" \/>\n<meta name=\"twitter:card\" content=\"summary_large_image\" \/>\n<meta name=\"twitter:label1\" content=\"Dur\u00e9e de lecture estim\u00e9e\" \/>\n\t<meta name=\"twitter:data1\" content=\"1 minute\" \/>\n<script type=\"application\/ld+json\" class=\"yoast-schema-graph\">{\"@context\":\"https:\/\/schema.org\",\"@graph\":[{\"@type\":\"WebPage\",\"@id\":\"https:\/\/24ice.com\/fr\/produit\/flugel-partybox\/\",\"url\":\"https:\/\/24ice.com\/fr\/produit\/flugel-partybox\/\",\"name\":\"Fl\u00fcgel Partybox - FR - 24 ICE\",\"isPartOf\":{\"@id\":\"https:\/\/24ice.com\/fr\/#website\"},\"primaryImageOfPage\":{\"@id\":\"https:\/\/24ice.com\/fr\/produit\/flugel-partybox\/#primaryimage\"},\"image\":{\"@id\":\"https:\/\/24ice.com\/fr\/produit\/flugel-partybox\/#primaryimage\"},\"thumbnailUrl\":\"https:\/\/24ice.com\/wp-content\/uploads\/Flugel-doos-aangepast.png\",\"datePublished\":\"2024-02-20T08:47:31+00:00\",\"dateModified\":\"2025-03-17T08:39:20+00:00\",\"description\":\"Koop nu Fl\u00fcgel Partybox 10-pack, 5-pack, een Frozen cocktail met 5% alcohol - De 24 ICE Frozen cocktail is d\u00e9 hit van de zomer!\",\"breadcrumb\":{\"@id\":\"https:\/\/24ice.com\/fr\/produit\/flugel-partybox\/#breadcrumb\"},\"inLanguage\":\"fr-FR\",\"potentialAction\":[{\"@type\":\"ReadAction\",\"target\":[\"https:\/\/24ice.com\/fr\/produit\/flugel-partybox\/\"]}]},{\"@type\":\"ImageObject\",\"inLanguage\":\"fr-FR\",\"@id\":\"https:\/\/24ice.com\/fr\/produit\/flugel-partybox\/#primaryimage\",\"url\":\"https:\/\/24ice.com\/wp-content\/uploads\/Flugel-doos-aangepast.png\",\"contentUrl\":\"https:\/\/24ice.com\/wp-content\/uploads\/Flugel-doos-aangepast.png\",\"width\":5315,\"height\":7087},{\"@type\":\"BreadcrumbList\",\"@id\":\"https:\/\/24ice.com\/fr\/produit\/flugel-partybox\/#breadcrumb\",\"itemListElement\":[{\"@type\":\"ListItem\",\"position\":1,\"name\":\"Home\",\"item\":\"https:\/\/24ice.com\/fr\/\"},{\"@type\":\"ListItem\",\"position\":2,\"name\":\"Fl\u00fcgel Partybox\"}]},{\"@type\":\"WebSite\",\"@id\":\"https:\/\/24ice.com\/fr\/#website\",\"url\":\"https:\/\/24ice.com\/fr\/\",\"name\":\"24 ICE\",\"description\":\"Frozen Cocktails\",\"publisher\":{\"@id\":\"https:\/\/24ice.com\/fr\/#organization\"},\"potentialAction\":[{\"@type\":\"SearchAction\",\"target\":{\"@type\":\"EntryPoint\",\"urlTemplate\":\"https:\/\/24ice.com\/fr\/?s={search_term_string}\"},\"query-input\":{\"@type\":\"PropertyValueSpecification\",\"valueRequired\":true,\"valueName\":\"search_term_string\"}}],\"inLanguage\":\"fr-FR\"},{\"@type\":\"Organization\",\"@id\":\"https:\/\/24ice.com\/fr\/#organization\",\"name\":\"24 ICE B.V.\",\"url\":\"https:\/\/24ice.com\/fr\/\",\"logo\":{\"@type\":\"ImageObject\",\"inLanguage\":\"fr-FR\",\"@id\":\"https:\/\/24ice.com\/fr\/#\/schema\/logo\/image\/\",\"url\":\"https:\/\/24ice.com\/wp-content\/uploads\/24-ICE-Combi-Logo-Zwart.png\",\"contentUrl\":\"https:\/\/24ice.com\/wp-content\/uploads\/24-ICE-Combi-Logo-Zwart.png\",\"width\":5409,\"height\":1838,\"caption\":\"24 ICE B.V.\"},\"image\":{\"@id\":\"https:\/\/24ice.com\/fr\/#\/schema\/logo\/image\/\"},\"sameAs\":[\"https:\/\/www.facebook.com\/24ICEAmsterdam\/\",\"https:\/\/www.instagram.com\/24_ice\/\",\"https:\/\/www.linkedin.com\/company\/24-ice\/\",\"https:\/\/www.youtube.com\/channel\/UCsiRoIO6jQG2JMFYbY1lrdA\"]}]}<\/script>\n<!-- \/ Yoast SEO plugin. -->","yoast_head_json":{"title":"Fl\u00fcgel Partybox - FR - 24 ICE","description":"Koop nu Fl\u00fcgel Partybox 10-pack, 5-pack, een Frozen cocktail met 5% alcohol - De 24 ICE Frozen cocktail is d\u00e9 hit van de zomer!","robots":{"index":"index","follow":"follow","max-snippet":"max-snippet:-1","max-image-preview":"max-image-preview:large","max-video-preview":"max-video-preview:-1"},"canonical":"https:\/\/24ice.com\/fr\/produit\/flugel-partybox\/","og_locale":"fr_FR","og_type":"article","og_title":"Fl\u00fcgel Partybox - FR - 24 ICE","og_description":"Koop nu Fl\u00fcgel Partybox 10-pack, 5-pack, een Frozen cocktail met 5% alcohol - De 24 ICE Frozen cocktail is d\u00e9 hit van de zomer!","og_url":"https:\/\/24ice.com\/fr\/produit\/flugel-partybox\/","og_site_name":"24 ICE","article_publisher":"https:\/\/www.facebook.com\/24ICEAmsterdam\/","article_modified_time":"2025-03-17T08:39:20+00:00","og_image":[{"width":810,"height":1080,"url":"https:\/\/24ice.com\/wp-content\/uploads\/Flugel-doos-aangepast-810x1080.png","type":"image\/png"}],"twitter_card":"summary_large_image","twitter_misc":{"Dur\u00e9e de lecture estim\u00e9e":"1 minute"},"schema":{"@context":"https:\/\/schema.org","@graph":[{"@type":"WebPage","@id":"https:\/\/24ice.com\/fr\/produit\/flugel-partybox\/","url":"https:\/\/24ice.com\/fr\/produit\/flugel-partybox\/","name":"Fl\u00fcgel Partybox - FR - 24 ICE","isPartOf":{"@id":"https:\/\/24ice.com\/fr\/#website"},"primaryImageOfPage":{"@id":"https:\/\/24ice.com\/fr\/produit\/flugel-partybox\/#primaryimage"},"image":{"@id":"https:\/\/24ice.com\/fr\/produit\/flugel-partybox\/#primaryimage"},"thumbnailUrl":"https:\/\/24ice.com\/wp-content\/uploads\/Flugel-doos-aangepast.png","datePublished":"2024-02-20T08:47:31+00:00","dateModified":"2025-03-17T08:39:20+00:00","description":"Koop nu Fl\u00fcgel Partybox 10-pack, 5-pack, een Frozen cocktail met 5% alcohol - De 24 ICE Frozen cocktail is d\u00e9 hit van de zomer!","breadcrumb":{"@id":"https:\/\/24ice.com\/fr\/produit\/flugel-partybox\/#breadcrumb"},"inLanguage":"fr-FR","potentialAction":[{"@type":"ReadAction","target":["https:\/\/24ice.com\/fr\/produit\/flugel-partybox\/"]}]},{"@type":"ImageObject","inLanguage":"fr-FR","@id":"https:\/\/24ice.com\/fr\/produit\/flugel-partybox\/#primaryimage","url":"https:\/\/24ice.com\/wp-content\/uploads\/Flugel-doos-aangepast.png","contentUrl":"https:\/\/24ice.com\/wp-content\/uploads\/Flugel-doos-aangepast.png","width":5315,"height":7087},{"@type":"BreadcrumbList","@id":"https:\/\/24ice.com\/fr\/produit\/flugel-partybox\/#breadcrumb","itemListElement":[{"@type":"ListItem","position":1,"name":"Home","item":"https:\/\/24ice.com\/fr\/"},{"@type":"ListItem","position":2,"name":"Fl\u00fcgel Partybox"}]},{"@type":"WebSite","@id":"https:\/\/24ice.com\/fr\/#website","url":"https:\/\/24ice.com\/fr\/","name":"24 ICE","description":"Frozen Cocktails","publisher":{"@id":"https:\/\/24ice.com\/fr\/#organization"},"potentialAction":[{"@type":"SearchAction","target":{"@type":"EntryPoint","urlTemplate":"https:\/\/24ice.com\/fr\/?s={search_term_string}"},"query-input":{"@type":"PropertyValueSpecification","valueRequired":true,"valueName":"search_term_string"}}],"inLanguage":"fr-FR"},{"@type":"Organization","@id":"https:\/\/24ice.com\/fr\/#organization","name":"24 ICE B.V.","url":"https:\/\/24ice.com\/fr\/","logo":{"@type":"ImageObject","inLanguage":"fr-FR","@id":"https:\/\/24ice.com\/fr\/#\/schema\/logo\/image\/","url":"https:\/\/24ice.com\/wp-content\/uploads\/24-ICE-Combi-Logo-Zwart.png","contentUrl":"https:\/\/24ice.com\/wp-content\/uploads\/24-ICE-Combi-Logo-Zwart.png","width":5409,"height":1838,"caption":"24 ICE B.V."},"image":{"@id":"https:\/\/24ice.com\/fr\/#\/schema\/logo\/image\/"},"sameAs":["https:\/\/www.facebook.com\/24ICEAmsterdam\/","https:\/\/www.instagram.com\/24_ice\/","https:\/\/www.linkedin.com\/company\/24-ice\/","https:\/\/www.youtube.com\/channel\/UCsiRoIO6jQG2JMFYbY1lrdA"]}]}},"_links":{"self":[{"href":"https:\/\/24ice.com\/fr\/wp-json\/wp\/v2\/product\/10964","targetHints":{"allow":["GET"]}}],"collection":[{"href":"https:\/\/24ice.com\/fr\/wp-json\/wp\/v2\/product"}],"about":[{"href":"https:\/\/24ice.com\/fr\/wp-json\/wp\/v2\/types\/product"}],"wp:featuredmedia":[{"embeddable":true,"href":"https:\/\/24ice.com\/fr\/wp-json\/wp\/v2\/media\/10958"}],"wp:attachment":[{"href":"https:\/\/24ice.com\/fr\/wp-json\/wp\/v2\/media?parent=10964"}],"wp:term":[{"taxonomy":"product_brand","embeddable":true,"href":"https:\/\/24ice.com\/fr\/wp-json\/wp\/v2\/product_brand?post=10964"},{"taxonomy":"product_cat","embeddable":true,"href":"https:\/\/24ice.com\/fr\/wp-json\/wp\/v2\/product_cat?post=10964"},{"taxonomy":"product_tag","embeddable":true,"href":"https:\/\/24ice.com\/fr\/wp-json\/wp\/v2\/product_tag?post=10964"}],"curies":[{"name":"wp","href":"https:\/\/api.w.org\/{rel}","templated":true}]}}