{"id":11364,"date":"2024-04-04T15:42:59","date_gmt":"2024-04-04T13:42:59","guid":{"rendered":"https:\/\/24ice.com\/?post_type=product&#038;p=11364"},"modified":"2025-04-30T09:40:22","modified_gmt":"2025-04-30T07:40:22","slug":"margarita-5-pack","status":"publish","type":"product","link":"https:\/\/24ice.com\/fr\/produit\/margarita-5-pack\/","title":{"rendered":"Margarita &#8211; 5 pack"},"content":{"rendered":"<h2>Margarita classique<\/h2>\n<p>Vivez la magie de l&rsquo;\u00e9t\u00e9 avec notre cocktail glac\u00e9 Margarita, le m\u00e9lange parfait d&rsquo;un rafra\u00eechissement p\u00e9tillant et d&rsquo;une saveur irr\u00e9sistible.<\/p>\n<p><strong>Quel est son go\u00fbt ?<\/strong><\/p>\n<p>La Margarita associe la saveur riche et onctueuse de la tequila \u00e0 la fra\u00eecheur et \u00e0 l&rsquo;\u00e9clat du citron vert.<\/p>\n<p><strong>Comment \u00e7a marche ?<\/strong><\/p>\n<p>Congelez les b\u00e2tonnets liquides \u00e0 une temp\u00e9rature inf\u00e9rieure \u00e0 -18 \u00b0C (cong\u00e9lateur standard). La Margarita congel\u00e9e est meilleure lorsqu&rsquo;elle est enti\u00e8rement congel\u00e9e.<br \/>\nLe cocktail Margarita glac\u00e9 contient 5 % d&rsquo;alcool et seulement 56 calories. \u00c9galement disponible en paquet de 50.<\/p>\n","protected":false},"excerpt":{"rendered":"<p>Margarita classique Vivez la magie de l&rsquo;\u00e9t\u00e9 avec notre cocktail glac\u00e9 Margarita, le m\u00e9lange parfait d&rsquo;un rafra\u00eechissement p\u00e9tillant et d&rsquo;une saveur irr\u00e9sistible. Quel est son go\u00fbt ? La Margarita associe la saveur riche et onctueuse de la tequila \u00e0 la fra\u00eecheur et \u00e0 l&rsquo;\u00e9clat du citron vert. Comment \u00e7a marche ? Congelez les b\u00e2tonnets liquides [&hellip;]<\/p>\n","protected":false},"featured_media":11383,"template":"","meta":{"_acf_changed":false,"content-type":"","_improvement_type_select":"improve_an_existing","_thumb_yes_seoaic":false,"_frame_yes_seoaic":false,"seoaic_generate_description":"","seoaic_improve_instructions_prompt":"","seoaic_rollback_content_improvement":"","seoaic_idea_thumbnail_generator":"","thumbnail_generated":false,"thumbnail_generate_prompt":"","seoaic_article_description":""},"product_brand":[],"product_cat":[106],"product_tag":[],"class_list":{"0":"post-11364","1":"product","2":"type-product","3":"status-publish","4":"has-post-thumbnail","6":"product_cat-frozen-cocktail-fr","8":"first","9":"instock","10":"taxable","11":"shipping-taxable","12":"purchasable","13":"product-type-simple"},"acf":[],"yoast_head":"<!-- This site is optimized with the Yoast SEO plugin v27.2 - https:\/\/yoast.com\/product\/yoast-seo-wordpress\/ -->\n<title>Margarita - 5 pack 5-pack - FR - 24 ICE<\/title>\n<meta name=\"description\" content=\"Acheter maintenant Margarita - 5 pack 5-pack, un Frozen cocktail avec 5% alcohol - Le 24 ICE Frozen cocktail est le hit de l&#039;\u00e9t\u00e9!\" \/>\n<meta name=\"robots\" content=\"index, follow, max-snippet:-1, max-image-preview:large, max-video-preview:-1\" \/>\n<link rel=\"canonical\" href=\"https:\/\/24ice.com\/fr\/produit\/margarita-5-pack\/\" \/>\n<meta property=\"og:locale\" content=\"fr_FR\" \/>\n<meta property=\"og:type\" content=\"article\" \/>\n<meta property=\"og:title\" content=\"Margarita - 5 pack 5-pack - FR - 24 ICE\" \/>\n<meta property=\"og:description\" content=\"Acheter maintenant Margarita - 5 pack 5-pack, un Frozen cocktail avec 5% alcohol - Le 24 ICE Frozen cocktail est le hit de l&#039;\u00e9t\u00e9!\" \/>\n<meta property=\"og:url\" content=\"https:\/\/24ice.com\/fr\/produit\/margarita-5-pack\/\" \/>\n<meta property=\"og:site_name\" content=\"24 ICE\" \/>\n<meta property=\"article:publisher\" content=\"https:\/\/www.facebook.com\/24ICEAmsterdam\/\" \/>\n<meta property=\"article:modified_time\" content=\"2025-04-30T07:40:22+00:00\" \/>\n<meta property=\"og:image\" content=\"https:\/\/24ice.com\/wp-content\/uploads\/24-ICE-MAR5-917x1080.png\" \/>\n\t<meta property=\"og:image:width\" content=\"917\" \/>\n\t<meta property=\"og:image:height\" content=\"1080\" \/>\n\t<meta property=\"og:image:type\" content=\"image\/png\" \/>\n<meta name=\"twitter:card\" content=\"summary_large_image\" \/>\n<meta name=\"twitter:label1\" content=\"Dur\u00e9e de lecture estim\u00e9e\" \/>\n\t<meta name=\"twitter:data1\" content=\"2 minutes\" \/>\n<script type=\"application\/ld+json\" class=\"yoast-schema-graph\">{\"@context\":\"https:\/\/schema.org\",\"@graph\":[{\"@type\":\"WebPage\",\"@id\":\"https:\/\/24ice.com\/fr\/produit\/margarita-5-pack\/\",\"url\":\"https:\/\/24ice.com\/fr\/produit\/margarita-5-pack\/\",\"name\":\"Margarita - 5 pack 5-pack - FR - 24 ICE\",\"isPartOf\":{\"@id\":\"https:\/\/24ice.com\/fr\/#website\"},\"primaryImageOfPage\":{\"@id\":\"https:\/\/24ice.com\/fr\/produit\/margarita-5-pack\/#primaryimage\"},\"image\":{\"@id\":\"https:\/\/24ice.com\/fr\/produit\/margarita-5-pack\/#primaryimage\"},\"thumbnailUrl\":\"https:\/\/24ice.com\/wp-content\/uploads\/24-ICE-MAR5.png\",\"datePublished\":\"2024-04-04T13:42:59+00:00\",\"dateModified\":\"2025-04-30T07:40:22+00:00\",\"description\":\"Acheter maintenant Margarita - 5 pack 5-pack, un Frozen cocktail avec 5% alcohol - Le 24 ICE Frozen cocktail est le hit de l'\u00e9t\u00e9!\",\"breadcrumb\":{\"@id\":\"https:\/\/24ice.com\/fr\/produit\/margarita-5-pack\/#breadcrumb\"},\"inLanguage\":\"fr-FR\",\"potentialAction\":[{\"@type\":\"ReadAction\",\"target\":[\"https:\/\/24ice.com\/fr\/produit\/margarita-5-pack\/\"]}]},{\"@type\":\"ImageObject\",\"inLanguage\":\"fr-FR\",\"@id\":\"https:\/\/24ice.com\/fr\/produit\/margarita-5-pack\/#primaryimage\",\"url\":\"https:\/\/24ice.com\/wp-content\/uploads\/24-ICE-MAR5.png\",\"contentUrl\":\"https:\/\/24ice.com\/wp-content\/uploads\/24-ICE-MAR5.png\",\"width\":3096,\"height\":3646},{\"@type\":\"BreadcrumbList\",\"@id\":\"https:\/\/24ice.com\/fr\/produit\/margarita-5-pack\/#breadcrumb\",\"itemListElement\":[{\"@type\":\"ListItem\",\"position\":1,\"name\":\"Home\",\"item\":\"https:\/\/24ice.com\/fr\/\"},{\"@type\":\"ListItem\",\"position\":2,\"name\":\"Margarita &#8211; 5 pack\"}]},{\"@type\":\"WebSite\",\"@id\":\"https:\/\/24ice.com\/fr\/#website\",\"url\":\"https:\/\/24ice.com\/fr\/\",\"name\":\"24 ICE\",\"description\":\"Frozen Cocktails\",\"publisher\":{\"@id\":\"https:\/\/24ice.com\/fr\/#organization\"},\"potentialAction\":[{\"@type\":\"SearchAction\",\"target\":{\"@type\":\"EntryPoint\",\"urlTemplate\":\"https:\/\/24ice.com\/fr\/?s={search_term_string}\"},\"query-input\":{\"@type\":\"PropertyValueSpecification\",\"valueRequired\":true,\"valueName\":\"search_term_string\"}}],\"inLanguage\":\"fr-FR\"},{\"@type\":\"Organization\",\"@id\":\"https:\/\/24ice.com\/fr\/#organization\",\"name\":\"24 ICE B.V.\",\"url\":\"https:\/\/24ice.com\/fr\/\",\"logo\":{\"@type\":\"ImageObject\",\"inLanguage\":\"fr-FR\",\"@id\":\"https:\/\/24ice.com\/fr\/#\/schema\/logo\/image\/\",\"url\":\"https:\/\/24ice.com\/wp-content\/uploads\/24-ICE-Combi-Logo-Zwart.png\",\"contentUrl\":\"https:\/\/24ice.com\/wp-content\/uploads\/24-ICE-Combi-Logo-Zwart.png\",\"width\":5409,\"height\":1838,\"caption\":\"24 ICE B.V.\"},\"image\":{\"@id\":\"https:\/\/24ice.com\/fr\/#\/schema\/logo\/image\/\"},\"sameAs\":[\"https:\/\/www.facebook.com\/24ICEAmsterdam\/\",\"https:\/\/www.instagram.com\/24_ice\/\",\"https:\/\/www.linkedin.com\/company\/24-ice\/\",\"https:\/\/www.youtube.com\/channel\/UCsiRoIO6jQG2JMFYbY1lrdA\"]}]}<\/script>\n<!-- \/ Yoast SEO plugin. -->","yoast_head_json":{"title":"Margarita - 5 pack 5-pack - FR - 24 ICE","description":"Acheter maintenant Margarita - 5 pack 5-pack, un Frozen cocktail avec 5% alcohol - Le 24 ICE Frozen cocktail est le hit de l'\u00e9t\u00e9!","robots":{"index":"index","follow":"follow","max-snippet":"max-snippet:-1","max-image-preview":"max-image-preview:large","max-video-preview":"max-video-preview:-1"},"canonical":"https:\/\/24ice.com\/fr\/produit\/margarita-5-pack\/","og_locale":"fr_FR","og_type":"article","og_title":"Margarita - 5 pack 5-pack - FR - 24 ICE","og_description":"Acheter maintenant Margarita - 5 pack 5-pack, un Frozen cocktail avec 5% alcohol - Le 24 ICE Frozen cocktail est le hit de l'\u00e9t\u00e9!","og_url":"https:\/\/24ice.com\/fr\/produit\/margarita-5-pack\/","og_site_name":"24 ICE","article_publisher":"https:\/\/www.facebook.com\/24ICEAmsterdam\/","article_modified_time":"2025-04-30T07:40:22+00:00","og_image":[{"width":917,"height":1080,"url":"https:\/\/24ice.com\/wp-content\/uploads\/24-ICE-MAR5-917x1080.png","type":"image\/png"}],"twitter_card":"summary_large_image","twitter_misc":{"Dur\u00e9e de lecture estim\u00e9e":"2 minutes"},"schema":{"@context":"https:\/\/schema.org","@graph":[{"@type":"WebPage","@id":"https:\/\/24ice.com\/fr\/produit\/margarita-5-pack\/","url":"https:\/\/24ice.com\/fr\/produit\/margarita-5-pack\/","name":"Margarita - 5 pack 5-pack - FR - 24 ICE","isPartOf":{"@id":"https:\/\/24ice.com\/fr\/#website"},"primaryImageOfPage":{"@id":"https:\/\/24ice.com\/fr\/produit\/margarita-5-pack\/#primaryimage"},"image":{"@id":"https:\/\/24ice.com\/fr\/produit\/margarita-5-pack\/#primaryimage"},"thumbnailUrl":"https:\/\/24ice.com\/wp-content\/uploads\/24-ICE-MAR5.png","datePublished":"2024-04-04T13:42:59+00:00","dateModified":"2025-04-30T07:40:22+00:00","description":"Acheter maintenant Margarita - 5 pack 5-pack, un Frozen cocktail avec 5% alcohol - Le 24 ICE Frozen cocktail est le hit de l'\u00e9t\u00e9!","breadcrumb":{"@id":"https:\/\/24ice.com\/fr\/produit\/margarita-5-pack\/#breadcrumb"},"inLanguage":"fr-FR","potentialAction":[{"@type":"ReadAction","target":["https:\/\/24ice.com\/fr\/produit\/margarita-5-pack\/"]}]},{"@type":"ImageObject","inLanguage":"fr-FR","@id":"https:\/\/24ice.com\/fr\/produit\/margarita-5-pack\/#primaryimage","url":"https:\/\/24ice.com\/wp-content\/uploads\/24-ICE-MAR5.png","contentUrl":"https:\/\/24ice.com\/wp-content\/uploads\/24-ICE-MAR5.png","width":3096,"height":3646},{"@type":"BreadcrumbList","@id":"https:\/\/24ice.com\/fr\/produit\/margarita-5-pack\/#breadcrumb","itemListElement":[{"@type":"ListItem","position":1,"name":"Home","item":"https:\/\/24ice.com\/fr\/"},{"@type":"ListItem","position":2,"name":"Margarita &#8211; 5 pack"}]},{"@type":"WebSite","@id":"https:\/\/24ice.com\/fr\/#website","url":"https:\/\/24ice.com\/fr\/","name":"24 ICE","description":"Frozen Cocktails","publisher":{"@id":"https:\/\/24ice.com\/fr\/#organization"},"potentialAction":[{"@type":"SearchAction","target":{"@type":"EntryPoint","urlTemplate":"https:\/\/24ice.com\/fr\/?s={search_term_string}"},"query-input":{"@type":"PropertyValueSpecification","valueRequired":true,"valueName":"search_term_string"}}],"inLanguage":"fr-FR"},{"@type":"Organization","@id":"https:\/\/24ice.com\/fr\/#organization","name":"24 ICE B.V.","url":"https:\/\/24ice.com\/fr\/","logo":{"@type":"ImageObject","inLanguage":"fr-FR","@id":"https:\/\/24ice.com\/fr\/#\/schema\/logo\/image\/","url":"https:\/\/24ice.com\/wp-content\/uploads\/24-ICE-Combi-Logo-Zwart.png","contentUrl":"https:\/\/24ice.com\/wp-content\/uploads\/24-ICE-Combi-Logo-Zwart.png","width":5409,"height":1838,"caption":"24 ICE B.V."},"image":{"@id":"https:\/\/24ice.com\/fr\/#\/schema\/logo\/image\/"},"sameAs":["https:\/\/www.facebook.com\/24ICEAmsterdam\/","https:\/\/www.instagram.com\/24_ice\/","https:\/\/www.linkedin.com\/company\/24-ice\/","https:\/\/www.youtube.com\/channel\/UCsiRoIO6jQG2JMFYbY1lrdA"]}]}},"_links":{"self":[{"href":"https:\/\/24ice.com\/fr\/wp-json\/wp\/v2\/product\/11364","targetHints":{"allow":["GET"]}}],"collection":[{"href":"https:\/\/24ice.com\/fr\/wp-json\/wp\/v2\/product"}],"about":[{"href":"https:\/\/24ice.com\/fr\/wp-json\/wp\/v2\/types\/product"}],"wp:featuredmedia":[{"embeddable":true,"href":"https:\/\/24ice.com\/fr\/wp-json\/wp\/v2\/media\/11383"}],"wp:attachment":[{"href":"https:\/\/24ice.com\/fr\/wp-json\/wp\/v2\/media?parent=11364"}],"wp:term":[{"taxonomy":"product_brand","embeddable":true,"href":"https:\/\/24ice.com\/fr\/wp-json\/wp\/v2\/product_brand?post=11364"},{"taxonomy":"product_cat","embeddable":true,"href":"https:\/\/24ice.com\/fr\/wp-json\/wp\/v2\/product_cat?post=11364"},{"taxonomy":"product_tag","embeddable":true,"href":"https:\/\/24ice.com\/fr\/wp-json\/wp\/v2\/product_tag?post=11364"}],"curies":[{"name":"wp","href":"https:\/\/api.w.org\/{rel}","templated":true}]}}