{"id":11448,"date":"2024-04-08T09:07:14","date_gmt":"2024-04-08T07:07:14","guid":{"rendered":"https:\/\/24ice.com\/?post_type=product&#038;p=11448"},"modified":"2025-03-17T09:40:42","modified_gmt":"2025-03-17T08:40:42","slug":"mojito-ice-0-0-kopie-2","status":"publish","type":"product","link":"https:\/\/24ice.com\/fr\/produit\/mojito-ice-0-0-kopie-2\/","title":{"rendered":"Passion Fruit Martini 0.0%"},"content":{"rendered":"<h2>Un cocktail d\u00e9bordant de passion<\/h2>\n<p>Les rafra\u00eechissants Frozen Mocktails sont des cr\u00e8mes glac\u00e9es aux couleurs et aux saveurs vari\u00e9es. L&rsquo;un de ces nouveaux parfums est le Martini au fruit de la passion.<\/p>\n<p>Outre le populaire Martini au fruit de la passion, saveur \u00e0 5 %, nous avons \u00e9galement d\u00e9velopp\u00e9 la variante mocktail (0,0 %).<\/p>\n<p><strong>Quel est son go\u00fbt ?<\/strong><\/p>\n<p>Le mocktail glac\u00e9 Martini au fruit de la passion a un go\u00fbt sucr\u00e9 de vanille et de fruit de la passion.<\/p>\n<p><strong>Comment cela fonctionne-t-il ?<\/strong><\/p>\n<p>Congelez les b\u00e2tonnets liquides \u00e0 une temp\u00e9rature inf\u00e9rieure \u00e0 -18 \u00b0C (cong\u00e9lateur standard). La cr\u00e8me glac\u00e9e est meilleure lorsqu&rsquo;elle est enti\u00e8rement congel\u00e9e.<br \/>\nLe cocktail cocktail glac\u00e9 Martini au fruit de la passion contient 0 % d&rsquo;alcool et seulement 42 calories. Disponible en paquet de 5 et de 50<\/p>\n","protected":false},"excerpt":{"rendered":"<p>Un cocktail d\u00e9bordant de passion Les rafra\u00eechissants Frozen Mocktails sont des cr\u00e8mes glac\u00e9es aux couleurs et aux saveurs vari\u00e9es. L&rsquo;un de ces nouveaux parfums est le Martini au fruit de la passion. Outre le populaire Martini au fruit de la passion, saveur \u00e0 5 %, nous avons \u00e9galement d\u00e9velopp\u00e9 la variante mocktail (0,0 %). Quel [&hellip;]<\/p>\n","protected":false},"featured_media":11460,"template":"","meta":{"_acf_changed":false,"content-type":"","_improvement_type_select":"improve_an_existing","_thumb_yes_seoaic":false,"_frame_yes_seoaic":false,"seoaic_generate_description":"","seoaic_improve_instructions_prompt":"","seoaic_rollback_content_improvement":"","seoaic_idea_thumbnail_generator":"","thumbnail_generated":false,"thumbnail_generate_prompt":"","seoaic_article_description":""},"product_brand":[],"product_cat":[107],"product_tag":[],"class_list":{"0":"post-11448","1":"product","2":"type-product","3":"status-publish","4":"has-post-thumbnail","6":"product_cat-frozen-mocktail-fr","8":"first","9":"instock","10":"taxable","11":"shipping-taxable","12":"purchasable","13":"product-type-simple"},"acf":[],"yoast_head":"<!-- This site is optimized with the Yoast SEO plugin v27.2 - https:\/\/yoast.com\/product\/yoast-seo-wordpress\/ -->\n<title>Passion Fruit Martini 0.0% 5-pack - 24 ICE - FR<\/title>\n<meta name=\"description\" content=\"Acheter maintenant Passion Fruit Martini 0.0% 5-pack, un Frozen Mocktail avec alcohol - Le 24 ICE Frozen Mocktail est le hit de l&#039;\u00e9t\u00e9!\" \/>\n<meta name=\"robots\" content=\"index, follow, max-snippet:-1, max-image-preview:large, max-video-preview:-1\" \/>\n<link rel=\"canonical\" href=\"https:\/\/24ice.com\/fr\/produit\/mojito-ice-0-0-kopie-2\/\" \/>\n<meta property=\"og:locale\" content=\"fr_FR\" \/>\n<meta property=\"og:type\" content=\"article\" \/>\n<meta property=\"og:title\" content=\"Passion Fruit Martini 0.0% 5-pack - 24 ICE - FR\" \/>\n<meta property=\"og:description\" content=\"Acheter maintenant Passion Fruit Martini 0.0% 5-pack, un Frozen Mocktail avec alcohol - Le 24 ICE Frozen Mocktail est le hit de l&#039;\u00e9t\u00e9!\" \/>\n<meta property=\"og:url\" content=\"https:\/\/24ice.com\/fr\/produit\/mojito-ice-0-0-kopie-2\/\" \/>\n<meta property=\"og:site_name\" content=\"24 ICE\" \/>\n<meta property=\"article:publisher\" content=\"https:\/\/www.facebook.com\/24ICEAmsterdam\/\" \/>\n<meta property=\"article:modified_time\" content=\"2025-03-17T08:40:42+00:00\" \/>\n<meta property=\"og:image\" content=\"https:\/\/24ice.com\/wp-content\/uploads\/24-ICE-verpakkingen-renders-0.0PAS5-1-917x1080.png\" \/>\n\t<meta property=\"og:image:width\" content=\"917\" \/>\n\t<meta property=\"og:image:height\" content=\"1080\" \/>\n\t<meta property=\"og:image:type\" content=\"image\/png\" \/>\n<meta name=\"twitter:card\" content=\"summary_large_image\" \/>\n<meta name=\"twitter:label1\" content=\"Dur\u00e9e de lecture estim\u00e9e\" \/>\n\t<meta name=\"twitter:data1\" content=\"2 minutes\" \/>\n<script type=\"application\/ld+json\" class=\"yoast-schema-graph\">{\"@context\":\"https:\/\/schema.org\",\"@graph\":[{\"@type\":\"WebPage\",\"@id\":\"https:\/\/24ice.com\/fr\/produit\/mojito-ice-0-0-kopie-2\/\",\"url\":\"https:\/\/24ice.com\/fr\/produit\/mojito-ice-0-0-kopie-2\/\",\"name\":\"Passion Fruit Martini 0.0% 5-pack - 24 ICE - FR\",\"isPartOf\":{\"@id\":\"https:\/\/24ice.com\/fr\/#website\"},\"primaryImageOfPage\":{\"@id\":\"https:\/\/24ice.com\/fr\/produit\/mojito-ice-0-0-kopie-2\/#primaryimage\"},\"image\":{\"@id\":\"https:\/\/24ice.com\/fr\/produit\/mojito-ice-0-0-kopie-2\/#primaryimage\"},\"thumbnailUrl\":\"https:\/\/24ice.com\/wp-content\/uploads\/24-ICE-verpakkingen-renders-0.0PAS5-1.png\",\"datePublished\":\"2024-04-08T07:07:14+00:00\",\"dateModified\":\"2025-03-17T08:40:42+00:00\",\"description\":\"Acheter maintenant Passion Fruit Martini 0.0% 5-pack, un Frozen Mocktail avec alcohol - Le 24 ICE Frozen Mocktail est le hit de l'\u00e9t\u00e9!\",\"breadcrumb\":{\"@id\":\"https:\/\/24ice.com\/fr\/produit\/mojito-ice-0-0-kopie-2\/#breadcrumb\"},\"inLanguage\":\"fr-FR\",\"potentialAction\":[{\"@type\":\"ReadAction\",\"target\":[\"https:\/\/24ice.com\/fr\/produit\/mojito-ice-0-0-kopie-2\/\"]}]},{\"@type\":\"ImageObject\",\"inLanguage\":\"fr-FR\",\"@id\":\"https:\/\/24ice.com\/fr\/produit\/mojito-ice-0-0-kopie-2\/#primaryimage\",\"url\":\"https:\/\/24ice.com\/wp-content\/uploads\/24-ICE-verpakkingen-renders-0.0PAS5-1.png\",\"contentUrl\":\"https:\/\/24ice.com\/wp-content\/uploads\/24-ICE-verpakkingen-renders-0.0PAS5-1.png\",\"width\":3096,\"height\":3646},{\"@type\":\"BreadcrumbList\",\"@id\":\"https:\/\/24ice.com\/fr\/produit\/mojito-ice-0-0-kopie-2\/#breadcrumb\",\"itemListElement\":[{\"@type\":\"ListItem\",\"position\":1,\"name\":\"Home\",\"item\":\"https:\/\/24ice.com\/fr\/\"},{\"@type\":\"ListItem\",\"position\":2,\"name\":\"Passion Fruit Martini 0.0%\"}]},{\"@type\":\"WebSite\",\"@id\":\"https:\/\/24ice.com\/fr\/#website\",\"url\":\"https:\/\/24ice.com\/fr\/\",\"name\":\"24 ICE\",\"description\":\"Frozen Cocktails\",\"publisher\":{\"@id\":\"https:\/\/24ice.com\/fr\/#organization\"},\"potentialAction\":[{\"@type\":\"SearchAction\",\"target\":{\"@type\":\"EntryPoint\",\"urlTemplate\":\"https:\/\/24ice.com\/fr\/?s={search_term_string}\"},\"query-input\":{\"@type\":\"PropertyValueSpecification\",\"valueRequired\":true,\"valueName\":\"search_term_string\"}}],\"inLanguage\":\"fr-FR\"},{\"@type\":\"Organization\",\"@id\":\"https:\/\/24ice.com\/fr\/#organization\",\"name\":\"24 ICE B.V.\",\"url\":\"https:\/\/24ice.com\/fr\/\",\"logo\":{\"@type\":\"ImageObject\",\"inLanguage\":\"fr-FR\",\"@id\":\"https:\/\/24ice.com\/fr\/#\/schema\/logo\/image\/\",\"url\":\"https:\/\/24ice.com\/wp-content\/uploads\/24-ICE-Combi-Logo-Zwart.png\",\"contentUrl\":\"https:\/\/24ice.com\/wp-content\/uploads\/24-ICE-Combi-Logo-Zwart.png\",\"width\":5409,\"height\":1838,\"caption\":\"24 ICE B.V.\"},\"image\":{\"@id\":\"https:\/\/24ice.com\/fr\/#\/schema\/logo\/image\/\"},\"sameAs\":[\"https:\/\/www.facebook.com\/24ICEAmsterdam\/\",\"https:\/\/www.instagram.com\/24_ice\/\",\"https:\/\/www.linkedin.com\/company\/24-ice\/\",\"https:\/\/www.youtube.com\/channel\/UCsiRoIO6jQG2JMFYbY1lrdA\"]}]}<\/script>\n<!-- \/ Yoast SEO plugin. -->","yoast_head_json":{"title":"Passion Fruit Martini 0.0% 5-pack - 24 ICE - FR","description":"Acheter maintenant Passion Fruit Martini 0.0% 5-pack, un Frozen Mocktail avec alcohol - Le 24 ICE Frozen Mocktail est le hit de l'\u00e9t\u00e9!","robots":{"index":"index","follow":"follow","max-snippet":"max-snippet:-1","max-image-preview":"max-image-preview:large","max-video-preview":"max-video-preview:-1"},"canonical":"https:\/\/24ice.com\/fr\/produit\/mojito-ice-0-0-kopie-2\/","og_locale":"fr_FR","og_type":"article","og_title":"Passion Fruit Martini 0.0% 5-pack - 24 ICE - FR","og_description":"Acheter maintenant Passion Fruit Martini 0.0% 5-pack, un Frozen Mocktail avec alcohol - Le 24 ICE Frozen Mocktail est le hit de l'\u00e9t\u00e9!","og_url":"https:\/\/24ice.com\/fr\/produit\/mojito-ice-0-0-kopie-2\/","og_site_name":"24 ICE","article_publisher":"https:\/\/www.facebook.com\/24ICEAmsterdam\/","article_modified_time":"2025-03-17T08:40:42+00:00","og_image":[{"width":917,"height":1080,"url":"https:\/\/24ice.com\/wp-content\/uploads\/24-ICE-verpakkingen-renders-0.0PAS5-1-917x1080.png","type":"image\/png"}],"twitter_card":"summary_large_image","twitter_misc":{"Dur\u00e9e de lecture estim\u00e9e":"2 minutes"},"schema":{"@context":"https:\/\/schema.org","@graph":[{"@type":"WebPage","@id":"https:\/\/24ice.com\/fr\/produit\/mojito-ice-0-0-kopie-2\/","url":"https:\/\/24ice.com\/fr\/produit\/mojito-ice-0-0-kopie-2\/","name":"Passion Fruit Martini 0.0% 5-pack - 24 ICE - FR","isPartOf":{"@id":"https:\/\/24ice.com\/fr\/#website"},"primaryImageOfPage":{"@id":"https:\/\/24ice.com\/fr\/produit\/mojito-ice-0-0-kopie-2\/#primaryimage"},"image":{"@id":"https:\/\/24ice.com\/fr\/produit\/mojito-ice-0-0-kopie-2\/#primaryimage"},"thumbnailUrl":"https:\/\/24ice.com\/wp-content\/uploads\/24-ICE-verpakkingen-renders-0.0PAS5-1.png","datePublished":"2024-04-08T07:07:14+00:00","dateModified":"2025-03-17T08:40:42+00:00","description":"Acheter maintenant Passion Fruit Martini 0.0% 5-pack, un Frozen Mocktail avec alcohol - Le 24 ICE Frozen Mocktail est le hit de l'\u00e9t\u00e9!","breadcrumb":{"@id":"https:\/\/24ice.com\/fr\/produit\/mojito-ice-0-0-kopie-2\/#breadcrumb"},"inLanguage":"fr-FR","potentialAction":[{"@type":"ReadAction","target":["https:\/\/24ice.com\/fr\/produit\/mojito-ice-0-0-kopie-2\/"]}]},{"@type":"ImageObject","inLanguage":"fr-FR","@id":"https:\/\/24ice.com\/fr\/produit\/mojito-ice-0-0-kopie-2\/#primaryimage","url":"https:\/\/24ice.com\/wp-content\/uploads\/24-ICE-verpakkingen-renders-0.0PAS5-1.png","contentUrl":"https:\/\/24ice.com\/wp-content\/uploads\/24-ICE-verpakkingen-renders-0.0PAS5-1.png","width":3096,"height":3646},{"@type":"BreadcrumbList","@id":"https:\/\/24ice.com\/fr\/produit\/mojito-ice-0-0-kopie-2\/#breadcrumb","itemListElement":[{"@type":"ListItem","position":1,"name":"Home","item":"https:\/\/24ice.com\/fr\/"},{"@type":"ListItem","position":2,"name":"Passion Fruit Martini 0.0%"}]},{"@type":"WebSite","@id":"https:\/\/24ice.com\/fr\/#website","url":"https:\/\/24ice.com\/fr\/","name":"24 ICE","description":"Frozen Cocktails","publisher":{"@id":"https:\/\/24ice.com\/fr\/#organization"},"potentialAction":[{"@type":"SearchAction","target":{"@type":"EntryPoint","urlTemplate":"https:\/\/24ice.com\/fr\/?s={search_term_string}"},"query-input":{"@type":"PropertyValueSpecification","valueRequired":true,"valueName":"search_term_string"}}],"inLanguage":"fr-FR"},{"@type":"Organization","@id":"https:\/\/24ice.com\/fr\/#organization","name":"24 ICE B.V.","url":"https:\/\/24ice.com\/fr\/","logo":{"@type":"ImageObject","inLanguage":"fr-FR","@id":"https:\/\/24ice.com\/fr\/#\/schema\/logo\/image\/","url":"https:\/\/24ice.com\/wp-content\/uploads\/24-ICE-Combi-Logo-Zwart.png","contentUrl":"https:\/\/24ice.com\/wp-content\/uploads\/24-ICE-Combi-Logo-Zwart.png","width":5409,"height":1838,"caption":"24 ICE B.V."},"image":{"@id":"https:\/\/24ice.com\/fr\/#\/schema\/logo\/image\/"},"sameAs":["https:\/\/www.facebook.com\/24ICEAmsterdam\/","https:\/\/www.instagram.com\/24_ice\/","https:\/\/www.linkedin.com\/company\/24-ice\/","https:\/\/www.youtube.com\/channel\/UCsiRoIO6jQG2JMFYbY1lrdA"]}]}},"_links":{"self":[{"href":"https:\/\/24ice.com\/fr\/wp-json\/wp\/v2\/product\/11448","targetHints":{"allow":["GET"]}}],"collection":[{"href":"https:\/\/24ice.com\/fr\/wp-json\/wp\/v2\/product"}],"about":[{"href":"https:\/\/24ice.com\/fr\/wp-json\/wp\/v2\/types\/product"}],"wp:featuredmedia":[{"embeddable":true,"href":"https:\/\/24ice.com\/fr\/wp-json\/wp\/v2\/media\/11460"}],"wp:attachment":[{"href":"https:\/\/24ice.com\/fr\/wp-json\/wp\/v2\/media?parent=11448"}],"wp:term":[{"taxonomy":"product_brand","embeddable":true,"href":"https:\/\/24ice.com\/fr\/wp-json\/wp\/v2\/product_brand?post=11448"},{"taxonomy":"product_cat","embeddable":true,"href":"https:\/\/24ice.com\/fr\/wp-json\/wp\/v2\/product_cat?post=11448"},{"taxonomy":"product_tag","embeddable":true,"href":"https:\/\/24ice.com\/fr\/wp-json\/wp\/v2\/product_tag?post=11448"}],"curies":[{"name":"wp","href":"https:\/\/api.w.org\/{rel}","templated":true}]}}