{"id":11584,"date":"2024-04-09T11:12:14","date_gmt":"2024-04-09T09:12:14","guid":{"rendered":"https:\/\/24ice.com\/?post_type=product&#038;p=11584"},"modified":"2025-04-30T09:26:35","modified_gmt":"2025-04-30T07:26:35","slug":"mix-package-new-2","status":"publish","type":"product","link":"https:\/\/24ice.com\/fr\/produit\/mix-package-new-2\/","title":{"rendered":"Mix Package NEW"},"content":{"rendered":"<h2><b>Des nouvelles saveurs dans un unique coffret !<\/b><\/h2>\n<p>Les rafra\u00eechissants cocktails glac\u00e9s sont des glaces aux couleurs et aux saveurs vari\u00e9es. Pas facile de choisir parmi tous les parfums de 24 ICE. Bien \u00e9videmment, vous souhaitez tous les go\u00fbter ! Rien de plus simple gr\u00e2ce \u00e0 notre coffret Mix, compos\u00e9 de nos cinq nouveaux parfums.<\/p>\n<p><b>Les saveurs<br \/>\n<\/b><br \/>\nMojito past\u00e8que, Margarita, Martini fruit de la passion, Daiquiri fraise et Mojito.<\/p>\n<p><b>Comment \u00e7a marche ?<br \/>\n<\/b><br \/>\nCongeler les b\u00e2tonnets liquides \u00e0 une temp\u00e9rature inf\u00e9rieure \u00e0 -18 \u00b0C (cong\u00e9lateur standard). La glace est meilleure lorsqu&rsquo;elle est enti\u00e8rement congel\u00e9e. Elle contient 5 % d&rsquo;alcool et seulement 56 calories par b\u00e2tonnet. Disponible en coffret de 5, 10 et 50 unit\u00e9s.<\/p>\n","protected":false},"excerpt":{"rendered":"<p>Des nouvelles saveurs dans un unique coffret ! Les rafra\u00eechissants cocktails glac\u00e9s sont des glaces aux couleurs et aux saveurs vari\u00e9es. Pas facile de choisir parmi tous les parfums de 24 ICE. Bien \u00e9videmment, vous souhaitez tous les go\u00fbter ! Rien de plus simple gr\u00e2ce \u00e0 notre coffret Mix, compos\u00e9 de nos cinq nouveaux parfums. [&hellip;]<\/p>\n","protected":false},"featured_media":11548,"template":"","meta":{"_acf_changed":false,"content-type":"","_improvement_type_select":"improve_an_existing","_thumb_yes_seoaic":false,"_frame_yes_seoaic":false,"seoaic_generate_description":"","seoaic_improve_instructions_prompt":"","seoaic_rollback_content_improvement":"","seoaic_idea_thumbnail_generator":"","thumbnail_generated":false,"thumbnail_generate_prompt":"","seoaic_article_description":""},"product_brand":[],"product_cat":[106],"product_tag":[110],"class_list":{"0":"post-11584","1":"product","2":"type-product","3":"status-publish","4":"has-post-thumbnail","6":"product_cat-frozen-cocktail-fr","7":"product_tag-mix-fr","9":"first","10":"instock","11":"taxable","12":"shipping-taxable","13":"purchasable","14":"product-type-simple"},"acf":[],"yoast_head":"<!-- This site is optimized with the Yoast SEO plugin v27.2 - https:\/\/yoast.com\/product\/yoast-seo-wordpress\/ -->\n<title>Mix Package NEW 50-pack - 24 ICE - FR<\/title>\n<meta name=\"description\" content=\"Acheter maintenant Mix Package NEW 50-pack, un Frozen cocktail avec 5% alcohol - Le 24 ICE Frozen cocktail est le hit de l&#039;\u00e9t\u00e9!\" \/>\n<meta name=\"robots\" content=\"index, follow, max-snippet:-1, max-image-preview:large, max-video-preview:-1\" \/>\n<link rel=\"canonical\" href=\"https:\/\/24ice.com\/fr\/produit\/mix-package-new-2\/\" \/>\n<meta property=\"og:locale\" content=\"fr_FR\" \/>\n<meta property=\"og:type\" content=\"article\" \/>\n<meta property=\"og:title\" content=\"Mix Package NEW 50-pack - 24 ICE - FR\" \/>\n<meta property=\"og:description\" content=\"Acheter maintenant Mix Package NEW 50-pack, un Frozen cocktail avec 5% alcohol - Le 24 ICE Frozen cocktail est le hit de l&#039;\u00e9t\u00e9!\" \/>\n<meta property=\"og:url\" content=\"https:\/\/24ice.com\/fr\/produit\/mix-package-new-2\/\" \/>\n<meta property=\"og:site_name\" content=\"24 ICE\" \/>\n<meta property=\"article:publisher\" content=\"https:\/\/www.facebook.com\/24ICEAmsterdam\/\" \/>\n<meta property=\"article:modified_time\" content=\"2025-04-30T07:26:35+00:00\" \/>\n<meta property=\"og:image\" content=\"https:\/\/24ice.com\/wp-content\/uploads\/24-ICE-50-pack-Mix-Package-Nieuwe-smaken-1374x1080.png\" \/>\n\t<meta property=\"og:image:width\" content=\"1374\" \/>\n\t<meta property=\"og:image:height\" content=\"1080\" \/>\n\t<meta property=\"og:image:type\" content=\"image\/png\" \/>\n<meta name=\"twitter:card\" content=\"summary_large_image\" \/>\n<meta name=\"twitter:label1\" content=\"Dur\u00e9e de lecture estim\u00e9e\" \/>\n\t<meta name=\"twitter:data1\" content=\"2 minutes\" \/>\n<script type=\"application\/ld+json\" class=\"yoast-schema-graph\">{\"@context\":\"https:\/\/schema.org\",\"@graph\":[{\"@type\":\"WebPage\",\"@id\":\"https:\/\/24ice.com\/fr\/produit\/mix-package-new-2\/\",\"url\":\"https:\/\/24ice.com\/fr\/produit\/mix-package-new-2\/\",\"name\":\"Mix Package NEW 50-pack - 24 ICE - FR\",\"isPartOf\":{\"@id\":\"https:\/\/24ice.com\/fr\/#website\"},\"primaryImageOfPage\":{\"@id\":\"https:\/\/24ice.com\/fr\/produit\/mix-package-new-2\/#primaryimage\"},\"image\":{\"@id\":\"https:\/\/24ice.com\/fr\/produit\/mix-package-new-2\/#primaryimage\"},\"thumbnailUrl\":\"https:\/\/24ice.com\/wp-content\/uploads\/24-ICE-50-pack-Mix-Package-Nieuwe-smaken.png\",\"datePublished\":\"2024-04-09T09:12:14+00:00\",\"dateModified\":\"2025-04-30T07:26:35+00:00\",\"description\":\"Acheter maintenant Mix Package NEW 50-pack, un Frozen cocktail avec 5% alcohol - Le 24 ICE Frozen cocktail est le hit de l'\u00e9t\u00e9!\",\"breadcrumb\":{\"@id\":\"https:\/\/24ice.com\/fr\/produit\/mix-package-new-2\/#breadcrumb\"},\"inLanguage\":\"fr-FR\",\"potentialAction\":[{\"@type\":\"ReadAction\",\"target\":[\"https:\/\/24ice.com\/fr\/produit\/mix-package-new-2\/\"]}]},{\"@type\":\"ImageObject\",\"inLanguage\":\"fr-FR\",\"@id\":\"https:\/\/24ice.com\/fr\/produit\/mix-package-new-2\/#primaryimage\",\"url\":\"https:\/\/24ice.com\/wp-content\/uploads\/24-ICE-50-pack-Mix-Package-Nieuwe-smaken.png\",\"contentUrl\":\"https:\/\/24ice.com\/wp-content\/uploads\/24-ICE-50-pack-Mix-Package-Nieuwe-smaken.png\",\"width\":4637,\"height\":3646},{\"@type\":\"BreadcrumbList\",\"@id\":\"https:\/\/24ice.com\/fr\/produit\/mix-package-new-2\/#breadcrumb\",\"itemListElement\":[{\"@type\":\"ListItem\",\"position\":1,\"name\":\"Home\",\"item\":\"https:\/\/24ice.com\/fr\/\"},{\"@type\":\"ListItem\",\"position\":2,\"name\":\"Mix Package NEW\"}]},{\"@type\":\"WebSite\",\"@id\":\"https:\/\/24ice.com\/fr\/#website\",\"url\":\"https:\/\/24ice.com\/fr\/\",\"name\":\"24 ICE\",\"description\":\"Frozen Cocktails\",\"publisher\":{\"@id\":\"https:\/\/24ice.com\/fr\/#organization\"},\"potentialAction\":[{\"@type\":\"SearchAction\",\"target\":{\"@type\":\"EntryPoint\",\"urlTemplate\":\"https:\/\/24ice.com\/fr\/?s={search_term_string}\"},\"query-input\":{\"@type\":\"PropertyValueSpecification\",\"valueRequired\":true,\"valueName\":\"search_term_string\"}}],\"inLanguage\":\"fr-FR\"},{\"@type\":\"Organization\",\"@id\":\"https:\/\/24ice.com\/fr\/#organization\",\"name\":\"24 ICE B.V.\",\"url\":\"https:\/\/24ice.com\/fr\/\",\"logo\":{\"@type\":\"ImageObject\",\"inLanguage\":\"fr-FR\",\"@id\":\"https:\/\/24ice.com\/fr\/#\/schema\/logo\/image\/\",\"url\":\"https:\/\/24ice.com\/wp-content\/uploads\/24-ICE-Combi-Logo-Zwart.png\",\"contentUrl\":\"https:\/\/24ice.com\/wp-content\/uploads\/24-ICE-Combi-Logo-Zwart.png\",\"width\":5409,\"height\":1838,\"caption\":\"24 ICE B.V.\"},\"image\":{\"@id\":\"https:\/\/24ice.com\/fr\/#\/schema\/logo\/image\/\"},\"sameAs\":[\"https:\/\/www.facebook.com\/24ICEAmsterdam\/\",\"https:\/\/www.instagram.com\/24_ice\/\",\"https:\/\/www.linkedin.com\/company\/24-ice\/\",\"https:\/\/www.youtube.com\/channel\/UCsiRoIO6jQG2JMFYbY1lrdA\"]}]}<\/script>\n<!-- \/ Yoast SEO plugin. -->","yoast_head_json":{"title":"Mix Package NEW 50-pack - 24 ICE - FR","description":"Acheter maintenant Mix Package NEW 50-pack, un Frozen cocktail avec 5% alcohol - Le 24 ICE Frozen cocktail est le hit de l'\u00e9t\u00e9!","robots":{"index":"index","follow":"follow","max-snippet":"max-snippet:-1","max-image-preview":"max-image-preview:large","max-video-preview":"max-video-preview:-1"},"canonical":"https:\/\/24ice.com\/fr\/produit\/mix-package-new-2\/","og_locale":"fr_FR","og_type":"article","og_title":"Mix Package NEW 50-pack - 24 ICE - FR","og_description":"Acheter maintenant Mix Package NEW 50-pack, un Frozen cocktail avec 5% alcohol - Le 24 ICE Frozen cocktail est le hit de l'\u00e9t\u00e9!","og_url":"https:\/\/24ice.com\/fr\/produit\/mix-package-new-2\/","og_site_name":"24 ICE","article_publisher":"https:\/\/www.facebook.com\/24ICEAmsterdam\/","article_modified_time":"2025-04-30T07:26:35+00:00","og_image":[{"width":1374,"height":1080,"url":"https:\/\/24ice.com\/wp-content\/uploads\/24-ICE-50-pack-Mix-Package-Nieuwe-smaken-1374x1080.png","type":"image\/png"}],"twitter_card":"summary_large_image","twitter_misc":{"Dur\u00e9e de lecture estim\u00e9e":"2 minutes"},"schema":{"@context":"https:\/\/schema.org","@graph":[{"@type":"WebPage","@id":"https:\/\/24ice.com\/fr\/produit\/mix-package-new-2\/","url":"https:\/\/24ice.com\/fr\/produit\/mix-package-new-2\/","name":"Mix Package NEW 50-pack - 24 ICE - FR","isPartOf":{"@id":"https:\/\/24ice.com\/fr\/#website"},"primaryImageOfPage":{"@id":"https:\/\/24ice.com\/fr\/produit\/mix-package-new-2\/#primaryimage"},"image":{"@id":"https:\/\/24ice.com\/fr\/produit\/mix-package-new-2\/#primaryimage"},"thumbnailUrl":"https:\/\/24ice.com\/wp-content\/uploads\/24-ICE-50-pack-Mix-Package-Nieuwe-smaken.png","datePublished":"2024-04-09T09:12:14+00:00","dateModified":"2025-04-30T07:26:35+00:00","description":"Acheter maintenant Mix Package NEW 50-pack, un Frozen cocktail avec 5% alcohol - Le 24 ICE Frozen cocktail est le hit de l'\u00e9t\u00e9!","breadcrumb":{"@id":"https:\/\/24ice.com\/fr\/produit\/mix-package-new-2\/#breadcrumb"},"inLanguage":"fr-FR","potentialAction":[{"@type":"ReadAction","target":["https:\/\/24ice.com\/fr\/produit\/mix-package-new-2\/"]}]},{"@type":"ImageObject","inLanguage":"fr-FR","@id":"https:\/\/24ice.com\/fr\/produit\/mix-package-new-2\/#primaryimage","url":"https:\/\/24ice.com\/wp-content\/uploads\/24-ICE-50-pack-Mix-Package-Nieuwe-smaken.png","contentUrl":"https:\/\/24ice.com\/wp-content\/uploads\/24-ICE-50-pack-Mix-Package-Nieuwe-smaken.png","width":4637,"height":3646},{"@type":"BreadcrumbList","@id":"https:\/\/24ice.com\/fr\/produit\/mix-package-new-2\/#breadcrumb","itemListElement":[{"@type":"ListItem","position":1,"name":"Home","item":"https:\/\/24ice.com\/fr\/"},{"@type":"ListItem","position":2,"name":"Mix Package NEW"}]},{"@type":"WebSite","@id":"https:\/\/24ice.com\/fr\/#website","url":"https:\/\/24ice.com\/fr\/","name":"24 ICE","description":"Frozen Cocktails","publisher":{"@id":"https:\/\/24ice.com\/fr\/#organization"},"potentialAction":[{"@type":"SearchAction","target":{"@type":"EntryPoint","urlTemplate":"https:\/\/24ice.com\/fr\/?s={search_term_string}"},"query-input":{"@type":"PropertyValueSpecification","valueRequired":true,"valueName":"search_term_string"}}],"inLanguage":"fr-FR"},{"@type":"Organization","@id":"https:\/\/24ice.com\/fr\/#organization","name":"24 ICE B.V.","url":"https:\/\/24ice.com\/fr\/","logo":{"@type":"ImageObject","inLanguage":"fr-FR","@id":"https:\/\/24ice.com\/fr\/#\/schema\/logo\/image\/","url":"https:\/\/24ice.com\/wp-content\/uploads\/24-ICE-Combi-Logo-Zwart.png","contentUrl":"https:\/\/24ice.com\/wp-content\/uploads\/24-ICE-Combi-Logo-Zwart.png","width":5409,"height":1838,"caption":"24 ICE B.V."},"image":{"@id":"https:\/\/24ice.com\/fr\/#\/schema\/logo\/image\/"},"sameAs":["https:\/\/www.facebook.com\/24ICEAmsterdam\/","https:\/\/www.instagram.com\/24_ice\/","https:\/\/www.linkedin.com\/company\/24-ice\/","https:\/\/www.youtube.com\/channel\/UCsiRoIO6jQG2JMFYbY1lrdA"]}]}},"_links":{"self":[{"href":"https:\/\/24ice.com\/fr\/wp-json\/wp\/v2\/product\/11584","targetHints":{"allow":["GET"]}}],"collection":[{"href":"https:\/\/24ice.com\/fr\/wp-json\/wp\/v2\/product"}],"about":[{"href":"https:\/\/24ice.com\/fr\/wp-json\/wp\/v2\/types\/product"}],"wp:featuredmedia":[{"embeddable":true,"href":"https:\/\/24ice.com\/fr\/wp-json\/wp\/v2\/media\/11548"}],"wp:attachment":[{"href":"https:\/\/24ice.com\/fr\/wp-json\/wp\/v2\/media?parent=11584"}],"wp:term":[{"taxonomy":"product_brand","embeddable":true,"href":"https:\/\/24ice.com\/fr\/wp-json\/wp\/v2\/product_brand?post=11584"},{"taxonomy":"product_cat","embeddable":true,"href":"https:\/\/24ice.com\/fr\/wp-json\/wp\/v2\/product_cat?post=11584"},{"taxonomy":"product_tag","embeddable":true,"href":"https:\/\/24ice.com\/fr\/wp-json\/wp\/v2\/product_tag?post=11584"}],"curies":[{"name":"wp","href":"https:\/\/api.w.org\/{rel}","templated":true}]}}