{"id":14090,"date":"2024-09-02T11:52:48","date_gmt":"2024-09-02T09:52:48","guid":{"rendered":"https:\/\/24ice.com\/?post_type=product&#038;p=14090"},"modified":"2025-12-19T14:43:36","modified_gmt":"2025-12-19T13:43:36","slug":"totebag-purple","status":"publish","type":"product","link":"https:\/\/24ice.com\/fr\/produit\/totebag-purple\/","title":{"rendered":"Totebag purple"},"content":{"rendered":"<p>Sac fourre-tout robuste, parfait pour une journ\u00e9e \u00e0 la plage ou pour faire du shopping.<\/p>\n<ul>\n<li>100% coton<\/li>\n<li>Poign\u00e9es courtes et longues<\/li>\n<li>Comprend une poche int\u00e9rieure<\/li>\n<li>Disponible en 3 couleurs (noir, violet et rose)<\/li>\n<\/ul>\n<p><img decoding=\"async\" class=\"img-fluid alignnone wp-image-14076 size-medium\" src=\"https:\/\/24ice.com\/wp-content\/uploads\/\/Veerplas-Max-34_HR-576x720.jpg\" alt=\"24ICE Totebag purple\" width=\"576\" height=\"720\" srcset=\"https:\/\/24ice.com\/wp-content\/uploads\/Veerplas-Max-34_HR-576x720.jpg 576w, https:\/\/24ice.com\/wp-content\/uploads\/Veerplas-Max-34_HR-864x1080.jpg 864w, https:\/\/24ice.com\/wp-content\/uploads\/Veerplas-Max-34_HR-768x960.jpg 768w, https:\/\/24ice.com\/wp-content\/uploads\/Veerplas-Max-34_HR-1229x1536.jpg 1229w, https:\/\/24ice.com\/wp-content\/uploads\/Veerplas-Max-34_HR-1638x2048.jpg 1638w, https:\/\/24ice.com\/wp-content\/uploads\/Veerplas-Max-34_HR-432x540.jpg 432w, https:\/\/24ice.com\/wp-content\/uploads\/Veerplas-Max-34_HR-84x105.jpg 84w, https:\/\/24ice.com\/wp-content\/uploads\/Veerplas-Max-34_HR-336x420.jpg 336w, https:\/\/24ice.com\/wp-content\/uploads\/Veerplas-Max-34_HR-450x563.jpg 450w, https:\/\/24ice.com\/wp-content\/uploads\/Veerplas-Max-34_HR-200x250.jpg 200w, https:\/\/24ice.com\/wp-content\/uploads\/Veerplas-Max-34_HR-120x150.jpg 120w, https:\/\/24ice.com\/wp-content\/uploads\/Veerplas-Max-34_HR-20x25.jpg 20w, https:\/\/24ice.com\/wp-content\/uploads\/Veerplas-Max-34_HR-600x750.jpg 600w, https:\/\/24ice.com\/wp-content\/uploads\/Veerplas-Max-34_HR.jpg 1920w\" sizes=\"(max-width: 576px) 100vw, 576px\" \/><\/p>\n","protected":false},"excerpt":{"rendered":"<p>Sac fourre-tout robuste, parfait pour une journ\u00e9e \u00e0 la plage ou pour faire du shopping. 100% coton Poign\u00e9es courtes et longues Comprend une poche int\u00e9rieure Disponible en 3 couleurs (noir, violet et rose)<\/p>\n","protected":false},"featured_media":14059,"template":"","meta":{"_acf_changed":false,"content-type":"","_improvement_type_select":"improve_an_existing","_thumb_yes_seoaic":false,"_frame_yes_seoaic":false,"seoaic_generate_description":"","seoaic_improve_instructions_prompt":"","seoaic_rollback_content_improvement":"","seoaic_idea_thumbnail_generator":"","thumbnail_generated":false,"thumbnail_generate_prompt":"","seoaic_article_description":""},"product_brand":[],"product_cat":[162],"product_tag":[],"class_list":{"0":"post-14090","1":"product","2":"type-product","3":"status-publish","4":"has-post-thumbnail","6":"product_cat-merch-fr","8":"first","9":"instock","10":"taxable","11":"shipping-taxable","12":"purchasable","13":"product-type-simple"},"acf":[],"yoast_head":"<!-- This site is optimized with the Yoast SEO plugin v27.2 - https:\/\/yoast.com\/product\/yoast-seo-wordpress\/ -->\n<title>Totebag purple - 24 ICE - FR<\/title>\n<meta name=\"description\" content=\"Achetez maintenant Totebag purple , un Merchandise pour transporter votre alcool et vos objets quotidiens - Ce 24 ICE Merchandise est le hit de l&#039;\u00e9t\u00e9 !\" \/>\n<meta name=\"robots\" content=\"index, follow, max-snippet:-1, max-image-preview:large, max-video-preview:-1\" \/>\n<link rel=\"canonical\" href=\"https:\/\/24ice.com\/fr\/produit\/totebag-purple\/\" \/>\n<meta property=\"og:locale\" content=\"fr_FR\" \/>\n<meta property=\"og:type\" content=\"article\" \/>\n<meta property=\"og:title\" content=\"Totebag purple - 24 ICE - FR\" \/>\n<meta property=\"og:description\" content=\"Achetez maintenant Totebag purple , un Merchandise pour transporter votre alcool et vos objets quotidiens - Ce 24 ICE Merchandise est le hit de l&#039;\u00e9t\u00e9 !\" \/>\n<meta property=\"og:url\" content=\"https:\/\/24ice.com\/fr\/produit\/totebag-purple\/\" \/>\n<meta property=\"og:site_name\" content=\"24 ICE\" \/>\n<meta property=\"article:publisher\" content=\"https:\/\/www.facebook.com\/24ICEAmsterdam\/\" \/>\n<meta property=\"article:modified_time\" content=\"2025-12-19T13:43:36+00:00\" \/>\n<meta property=\"og:image\" content=\"https:\/\/24ice.com\/wp-content\/uploads\/24-ICE-Merc-Linen-Tas-Paars.png\" \/>\n\t<meta property=\"og:image:width\" content=\"1000\" \/>\n\t<meta property=\"og:image:height\" content=\"1192\" \/>\n\t<meta property=\"og:image:type\" content=\"image\/png\" \/>\n<meta name=\"twitter:card\" content=\"summary_large_image\" \/>\n<meta name=\"twitter:label1\" content=\"Dur\u00e9e de lecture estim\u00e9e\" \/>\n\t<meta name=\"twitter:data1\" content=\"1 minute\" \/>\n<script type=\"application\/ld+json\" class=\"yoast-schema-graph\">{\"@context\":\"https:\/\/schema.org\",\"@graph\":[{\"@type\":\"WebPage\",\"@id\":\"https:\/\/24ice.com\/fr\/produit\/totebag-purple\/\",\"url\":\"https:\/\/24ice.com\/fr\/produit\/totebag-purple\/\",\"name\":\"Totebag purple - 24 ICE - FR\",\"isPartOf\":{\"@id\":\"https:\/\/24ice.com\/fr\/#website\"},\"primaryImageOfPage\":{\"@id\":\"https:\/\/24ice.com\/fr\/produit\/totebag-purple\/#primaryimage\"},\"image\":{\"@id\":\"https:\/\/24ice.com\/fr\/produit\/totebag-purple\/#primaryimage\"},\"thumbnailUrl\":\"https:\/\/24ice.com\/wp-content\/uploads\/24-ICE-Merc-Linen-Tas-Paars.png\",\"datePublished\":\"2024-09-02T09:52:48+00:00\",\"dateModified\":\"2025-12-19T13:43:36+00:00\",\"description\":\"Achetez maintenant Totebag purple , un Merchandise pour transporter votre alcool et vos objets quotidiens - Ce 24 ICE Merchandise est le hit de l'\u00e9t\u00e9 !\",\"breadcrumb\":{\"@id\":\"https:\/\/24ice.com\/fr\/produit\/totebag-purple\/#breadcrumb\"},\"inLanguage\":\"fr-FR\",\"potentialAction\":[{\"@type\":\"ReadAction\",\"target\":[\"https:\/\/24ice.com\/fr\/produit\/totebag-purple\/\"]}]},{\"@type\":\"ImageObject\",\"inLanguage\":\"fr-FR\",\"@id\":\"https:\/\/24ice.com\/fr\/produit\/totebag-purple\/#primaryimage\",\"url\":\"https:\/\/24ice.com\/wp-content\/uploads\/24-ICE-Merc-Linen-Tas-Paars.png\",\"contentUrl\":\"https:\/\/24ice.com\/wp-content\/uploads\/24-ICE-Merc-Linen-Tas-Paars.png\",\"width\":1000,\"height\":1192},{\"@type\":\"BreadcrumbList\",\"@id\":\"https:\/\/24ice.com\/fr\/produit\/totebag-purple\/#breadcrumb\",\"itemListElement\":[{\"@type\":\"ListItem\",\"position\":1,\"name\":\"Home\",\"item\":\"https:\/\/24ice.com\/fr\/\"},{\"@type\":\"ListItem\",\"position\":2,\"name\":\"Totebag purple\"}]},{\"@type\":\"WebSite\",\"@id\":\"https:\/\/24ice.com\/fr\/#website\",\"url\":\"https:\/\/24ice.com\/fr\/\",\"name\":\"24 ICE\",\"description\":\"Frozen Cocktails\",\"publisher\":{\"@id\":\"https:\/\/24ice.com\/fr\/#organization\"},\"potentialAction\":[{\"@type\":\"SearchAction\",\"target\":{\"@type\":\"EntryPoint\",\"urlTemplate\":\"https:\/\/24ice.com\/fr\/?s={search_term_string}\"},\"query-input\":{\"@type\":\"PropertyValueSpecification\",\"valueRequired\":true,\"valueName\":\"search_term_string\"}}],\"inLanguage\":\"fr-FR\"},{\"@type\":\"Organization\",\"@id\":\"https:\/\/24ice.com\/fr\/#organization\",\"name\":\"24 ICE B.V.\",\"url\":\"https:\/\/24ice.com\/fr\/\",\"logo\":{\"@type\":\"ImageObject\",\"inLanguage\":\"fr-FR\",\"@id\":\"https:\/\/24ice.com\/fr\/#\/schema\/logo\/image\/\",\"url\":\"https:\/\/24ice.com\/wp-content\/uploads\/24-ICE-Combi-Logo-Zwart.png\",\"contentUrl\":\"https:\/\/24ice.com\/wp-content\/uploads\/24-ICE-Combi-Logo-Zwart.png\",\"width\":5409,\"height\":1838,\"caption\":\"24 ICE B.V.\"},\"image\":{\"@id\":\"https:\/\/24ice.com\/fr\/#\/schema\/logo\/image\/\"},\"sameAs\":[\"https:\/\/www.facebook.com\/24ICEAmsterdam\/\",\"https:\/\/www.instagram.com\/24_ice\/\",\"https:\/\/www.linkedin.com\/company\/24-ice\/\",\"https:\/\/www.youtube.com\/channel\/UCsiRoIO6jQG2JMFYbY1lrdA\"]}]}<\/script>\n<!-- \/ Yoast SEO plugin. -->","yoast_head_json":{"title":"Totebag purple - 24 ICE - FR","description":"Achetez maintenant Totebag purple , un Merchandise pour transporter votre alcool et vos objets quotidiens - Ce 24 ICE Merchandise est le hit de l'\u00e9t\u00e9 !","robots":{"index":"index","follow":"follow","max-snippet":"max-snippet:-1","max-image-preview":"max-image-preview:large","max-video-preview":"max-video-preview:-1"},"canonical":"https:\/\/24ice.com\/fr\/produit\/totebag-purple\/","og_locale":"fr_FR","og_type":"article","og_title":"Totebag purple - 24 ICE - FR","og_description":"Achetez maintenant Totebag purple , un Merchandise pour transporter votre alcool et vos objets quotidiens - Ce 24 ICE Merchandise est le hit de l'\u00e9t\u00e9 !","og_url":"https:\/\/24ice.com\/fr\/produit\/totebag-purple\/","og_site_name":"24 ICE","article_publisher":"https:\/\/www.facebook.com\/24ICEAmsterdam\/","article_modified_time":"2025-12-19T13:43:36+00:00","og_image":[{"width":1000,"height":1192,"url":"https:\/\/24ice.com\/wp-content\/uploads\/24-ICE-Merc-Linen-Tas-Paars.png","type":"image\/png"}],"twitter_card":"summary_large_image","twitter_misc":{"Dur\u00e9e de lecture estim\u00e9e":"1 minute"},"schema":{"@context":"https:\/\/schema.org","@graph":[{"@type":"WebPage","@id":"https:\/\/24ice.com\/fr\/produit\/totebag-purple\/","url":"https:\/\/24ice.com\/fr\/produit\/totebag-purple\/","name":"Totebag purple - 24 ICE - FR","isPartOf":{"@id":"https:\/\/24ice.com\/fr\/#website"},"primaryImageOfPage":{"@id":"https:\/\/24ice.com\/fr\/produit\/totebag-purple\/#primaryimage"},"image":{"@id":"https:\/\/24ice.com\/fr\/produit\/totebag-purple\/#primaryimage"},"thumbnailUrl":"https:\/\/24ice.com\/wp-content\/uploads\/24-ICE-Merc-Linen-Tas-Paars.png","datePublished":"2024-09-02T09:52:48+00:00","dateModified":"2025-12-19T13:43:36+00:00","description":"Achetez maintenant Totebag purple , un Merchandise pour transporter votre alcool et vos objets quotidiens - Ce 24 ICE Merchandise est le hit de l'\u00e9t\u00e9 !","breadcrumb":{"@id":"https:\/\/24ice.com\/fr\/produit\/totebag-purple\/#breadcrumb"},"inLanguage":"fr-FR","potentialAction":[{"@type":"ReadAction","target":["https:\/\/24ice.com\/fr\/produit\/totebag-purple\/"]}]},{"@type":"ImageObject","inLanguage":"fr-FR","@id":"https:\/\/24ice.com\/fr\/produit\/totebag-purple\/#primaryimage","url":"https:\/\/24ice.com\/wp-content\/uploads\/24-ICE-Merc-Linen-Tas-Paars.png","contentUrl":"https:\/\/24ice.com\/wp-content\/uploads\/24-ICE-Merc-Linen-Tas-Paars.png","width":1000,"height":1192},{"@type":"BreadcrumbList","@id":"https:\/\/24ice.com\/fr\/produit\/totebag-purple\/#breadcrumb","itemListElement":[{"@type":"ListItem","position":1,"name":"Home","item":"https:\/\/24ice.com\/fr\/"},{"@type":"ListItem","position":2,"name":"Totebag purple"}]},{"@type":"WebSite","@id":"https:\/\/24ice.com\/fr\/#website","url":"https:\/\/24ice.com\/fr\/","name":"24 ICE","description":"Frozen Cocktails","publisher":{"@id":"https:\/\/24ice.com\/fr\/#organization"},"potentialAction":[{"@type":"SearchAction","target":{"@type":"EntryPoint","urlTemplate":"https:\/\/24ice.com\/fr\/?s={search_term_string}"},"query-input":{"@type":"PropertyValueSpecification","valueRequired":true,"valueName":"search_term_string"}}],"inLanguage":"fr-FR"},{"@type":"Organization","@id":"https:\/\/24ice.com\/fr\/#organization","name":"24 ICE B.V.","url":"https:\/\/24ice.com\/fr\/","logo":{"@type":"ImageObject","inLanguage":"fr-FR","@id":"https:\/\/24ice.com\/fr\/#\/schema\/logo\/image\/","url":"https:\/\/24ice.com\/wp-content\/uploads\/24-ICE-Combi-Logo-Zwart.png","contentUrl":"https:\/\/24ice.com\/wp-content\/uploads\/24-ICE-Combi-Logo-Zwart.png","width":5409,"height":1838,"caption":"24 ICE B.V."},"image":{"@id":"https:\/\/24ice.com\/fr\/#\/schema\/logo\/image\/"},"sameAs":["https:\/\/www.facebook.com\/24ICEAmsterdam\/","https:\/\/www.instagram.com\/24_ice\/","https:\/\/www.linkedin.com\/company\/24-ice\/","https:\/\/www.youtube.com\/channel\/UCsiRoIO6jQG2JMFYbY1lrdA"]}]}},"_links":{"self":[{"href":"https:\/\/24ice.com\/fr\/wp-json\/wp\/v2\/product\/14090","targetHints":{"allow":["GET"]}}],"collection":[{"href":"https:\/\/24ice.com\/fr\/wp-json\/wp\/v2\/product"}],"about":[{"href":"https:\/\/24ice.com\/fr\/wp-json\/wp\/v2\/types\/product"}],"wp:featuredmedia":[{"embeddable":true,"href":"https:\/\/24ice.com\/fr\/wp-json\/wp\/v2\/media\/14059"}],"wp:attachment":[{"href":"https:\/\/24ice.com\/fr\/wp-json\/wp\/v2\/media?parent=14090"}],"wp:term":[{"taxonomy":"product_brand","embeddable":true,"href":"https:\/\/24ice.com\/fr\/wp-json\/wp\/v2\/product_brand?post=14090"},{"taxonomy":"product_cat","embeddable":true,"href":"https:\/\/24ice.com\/fr\/wp-json\/wp\/v2\/product_cat?post=14090"},{"taxonomy":"product_tag","embeddable":true,"href":"https:\/\/24ice.com\/fr\/wp-json\/wp\/v2\/product_tag?post=14090"}],"curies":[{"name":"wp","href":"https:\/\/api.w.org\/{rel}","templated":true}]}}