{"id":4102,"date":"2021-03-12T15:20:04","date_gmt":"2021-06-14T15:16:23","guid":{"rendered":"https:\/\/24ice.com\/?post_type=product&#038;p=4102"},"modified":"2025-03-17T09:33:37","modified_gmt":"2025-03-17T08:33:37","slug":"strawberry-daiquiri-50-pack","status":"publish","type":"product","link":"https:\/\/24ice.com\/fr\/produit\/strawberry-daiquiri-50-pack\/","title":{"rendered":"Strawberry Daiquiri ICE"},"content":{"rendered":"<h2><strong>Fraises glac\u00e9es\u2026<\/strong><\/h2>\n<p><span style=\"font-weight: 400;\">Les cocktails glac\u00e9s rafra\u00eechissants sont des poptails de toutes sortes de couleurs et de saveurs. L&rsquo;une de ces saveurs color\u00e9es est le Strawberry Daiquiri ICE. Le cocktail glac\u00e9 Strawberry Daiquiri doit son \u00e9norme popularit\u00e9 \u00e0 la combinaison glac\u00e9e de citron vert et de fraises. Ce poptail est tr\u00e8s pris\u00e9 par les f\u00eatards et les festivaliers. Un cocktail de base Strawberry Daiquiri contient les ingr\u00e9dients suivants\u00a0: fraises, rhum blanc, jus de citron vert frais et sirop de sucre.<\/span><\/p>\n<p><strong>Quel go\u00fbt a-t-il\u00a0?<\/strong><\/p>\n<p><span style=\"font-weight: 400;\">Le Strawberry Daiquiri ICE est un cocktail rafra\u00eechissant au go\u00fbt sucr\u00e9 de fraises et un soup\u00e7on de rhum et de citron vert.<\/span><\/p>\n<p><strong>Comment \u00e7a marche\u00a0?<\/strong><\/p>\n<p><span style=\"font-weight: 400;\">Mettez les produits liquides au cong\u00e9lateur (-18\u00a0\u00b0C) pendant 24 heures, et voil\u00e0, vos cocktails glac\u00e9s sont pr\u00eats \u00e0 \u00eatre servis.<\/span><\/p>\n<p><span style=\"font-weight: 400;\">Les cocktails glac\u00e9s contiennent 5\u00a0% d&rsquo;alcool et seulement 56 calories chacun. Disponible en packs de 5 et en packs de 50.<\/span><\/p>\n","protected":false},"excerpt":{"rendered":"<p>Fraises glac\u00e9es\u2026 Les cocktails glac\u00e9s rafra\u00eechissants sont des poptails de toutes sortes de couleurs et de saveurs. L&rsquo;une de ces saveurs color\u00e9es est le Strawberry Daiquiri ICE. Le cocktail glac\u00e9 Strawberry Daiquiri doit son \u00e9norme popularit\u00e9 \u00e0 la combinaison glac\u00e9e de citron vert et de fraises. Ce poptail est tr\u00e8s pris\u00e9 par les f\u00eatards et [&hellip;]<\/p>\n","protected":false},"featured_media":11563,"template":"","meta":{"_acf_changed":false,"content-type":"","_improvement_type_select":"improve_an_existing","_thumb_yes_seoaic":false,"_frame_yes_seoaic":false,"seoaic_generate_description":"","seoaic_improve_instructions_prompt":"","seoaic_rollback_content_improvement":"","seoaic_idea_thumbnail_generator":"","thumbnail_generated":false,"thumbnail_generate_prompt":"","seoaic_article_description":""},"product_brand":[],"product_cat":[106],"product_tag":[],"class_list":{"0":"post-4102","1":"product","2":"type-product","3":"status-publish","4":"has-post-thumbnail","6":"product_cat-frozen-cocktail-fr","8":"first","9":"instock","10":"taxable","11":"shipping-taxable","12":"purchasable","13":"product-type-simple"},"acf":[],"yoast_head":"<!-- This site is optimized with the Yoast SEO plugin v27.2 - https:\/\/yoast.com\/product\/yoast-seo-wordpress\/ -->\n<title>Strawberry Daiquiri ICE 50-pack - 24 ICE - FR<\/title>\n<meta name=\"description\" content=\"Acheter maintenant Strawberry Daiquiri ICE 50-pack, un Frozen cocktail avec 5% alcohol - Le 24 ICE Frozen cocktail est le hit de l&#039;\u00e9t\u00e9!\" \/>\n<meta name=\"robots\" content=\"index, follow, max-snippet:-1, max-image-preview:large, max-video-preview:-1\" \/>\n<link rel=\"canonical\" href=\"https:\/\/24ice.com\/fr\/produit\/strawberry-daiquiri-50-pack\/\" \/>\n<meta property=\"og:locale\" content=\"fr_FR\" \/>\n<meta property=\"og:type\" content=\"article\" \/>\n<meta property=\"og:title\" content=\"Strawberry Daiquiri ICE 50-pack - 24 ICE - FR\" \/>\n<meta property=\"og:description\" content=\"Acheter maintenant Strawberry Daiquiri ICE 50-pack, un Frozen cocktail avec 5% alcohol - Le 24 ICE Frozen cocktail est le hit de l&#039;\u00e9t\u00e9!\" \/>\n<meta property=\"og:url\" content=\"https:\/\/24ice.com\/fr\/produit\/strawberry-daiquiri-50-pack\/\" \/>\n<meta property=\"og:site_name\" content=\"24 ICE\" \/>\n<meta property=\"article:publisher\" content=\"https:\/\/www.facebook.com\/24ICEAmsterdam\/\" \/>\n<meta property=\"article:modified_time\" content=\"2025-03-17T08:33:37+00:00\" \/>\n<meta property=\"og:image\" content=\"https:\/\/24ice.com\/wp-content\/uploads\/24-ICE-50-pack-Strawberry-Daiquiri-1116x1080.png\" \/>\n\t<meta property=\"og:image:width\" content=\"1116\" \/>\n\t<meta property=\"og:image:height\" content=\"1080\" \/>\n\t<meta property=\"og:image:type\" content=\"image\/png\" \/>\n<meta name=\"twitter:card\" content=\"summary_large_image\" \/>\n<meta name=\"twitter:label1\" content=\"Dur\u00e9e de lecture estim\u00e9e\" \/>\n\t<meta name=\"twitter:data1\" content=\"2 minutes\" \/>\n<script type=\"application\/ld+json\" class=\"yoast-schema-graph\">{\"@context\":\"https:\/\/schema.org\",\"@graph\":[{\"@type\":\"WebPage\",\"@id\":\"https:\/\/24ice.com\/fr\/produit\/strawberry-daiquiri-50-pack\/\",\"url\":\"https:\/\/24ice.com\/fr\/produit\/strawberry-daiquiri-50-pack\/\",\"name\":\"Strawberry Daiquiri ICE 50-pack - 24 ICE - FR\",\"isPartOf\":{\"@id\":\"https:\/\/24ice.com\/fr\/#website\"},\"primaryImageOfPage\":{\"@id\":\"https:\/\/24ice.com\/fr\/produit\/strawberry-daiquiri-50-pack\/#primaryimage\"},\"image\":{\"@id\":\"https:\/\/24ice.com\/fr\/produit\/strawberry-daiquiri-50-pack\/#primaryimage\"},\"thumbnailUrl\":\"https:\/\/24ice.com\/wp-content\/uploads\/24-ICE-50-pack-Strawberry-Daiquiri.png\",\"datePublished\":\"2021-06-14T15:16:23+00:00\",\"dateModified\":\"2025-03-17T08:33:37+00:00\",\"description\":\"Acheter maintenant Strawberry Daiquiri ICE 50-pack, un Frozen cocktail avec 5% alcohol - Le 24 ICE Frozen cocktail est le hit de l'\u00e9t\u00e9!\",\"breadcrumb\":{\"@id\":\"https:\/\/24ice.com\/fr\/produit\/strawberry-daiquiri-50-pack\/#breadcrumb\"},\"inLanguage\":\"fr-FR\",\"potentialAction\":[{\"@type\":\"ReadAction\",\"target\":[\"https:\/\/24ice.com\/fr\/produit\/strawberry-daiquiri-50-pack\/\"]}]},{\"@type\":\"ImageObject\",\"inLanguage\":\"fr-FR\",\"@id\":\"https:\/\/24ice.com\/fr\/produit\/strawberry-daiquiri-50-pack\/#primaryimage\",\"url\":\"https:\/\/24ice.com\/wp-content\/uploads\/24-ICE-50-pack-Strawberry-Daiquiri.png\",\"contentUrl\":\"https:\/\/24ice.com\/wp-content\/uploads\/24-ICE-50-pack-Strawberry-Daiquiri.png\",\"width\":7323,\"height\":7087},{\"@type\":\"BreadcrumbList\",\"@id\":\"https:\/\/24ice.com\/fr\/produit\/strawberry-daiquiri-50-pack\/#breadcrumb\",\"itemListElement\":[{\"@type\":\"ListItem\",\"position\":1,\"name\":\"Home\",\"item\":\"https:\/\/24ice.com\/fr\/\"},{\"@type\":\"ListItem\",\"position\":2,\"name\":\"Strawberry Daiquiri ICE\"}]},{\"@type\":\"WebSite\",\"@id\":\"https:\/\/24ice.com\/fr\/#website\",\"url\":\"https:\/\/24ice.com\/fr\/\",\"name\":\"24 ICE\",\"description\":\"Frozen Cocktails\",\"publisher\":{\"@id\":\"https:\/\/24ice.com\/fr\/#organization\"},\"potentialAction\":[{\"@type\":\"SearchAction\",\"target\":{\"@type\":\"EntryPoint\",\"urlTemplate\":\"https:\/\/24ice.com\/fr\/?s={search_term_string}\"},\"query-input\":{\"@type\":\"PropertyValueSpecification\",\"valueRequired\":true,\"valueName\":\"search_term_string\"}}],\"inLanguage\":\"fr-FR\"},{\"@type\":\"Organization\",\"@id\":\"https:\/\/24ice.com\/fr\/#organization\",\"name\":\"24 ICE B.V.\",\"url\":\"https:\/\/24ice.com\/fr\/\",\"logo\":{\"@type\":\"ImageObject\",\"inLanguage\":\"fr-FR\",\"@id\":\"https:\/\/24ice.com\/fr\/#\/schema\/logo\/image\/\",\"url\":\"https:\/\/24ice.com\/wp-content\/uploads\/24-ICE-Combi-Logo-Zwart.png\",\"contentUrl\":\"https:\/\/24ice.com\/wp-content\/uploads\/24-ICE-Combi-Logo-Zwart.png\",\"width\":5409,\"height\":1838,\"caption\":\"24 ICE B.V.\"},\"image\":{\"@id\":\"https:\/\/24ice.com\/fr\/#\/schema\/logo\/image\/\"},\"sameAs\":[\"https:\/\/www.facebook.com\/24ICEAmsterdam\/\",\"https:\/\/www.instagram.com\/24_ice\/\",\"https:\/\/www.linkedin.com\/company\/24-ice\/\",\"https:\/\/www.youtube.com\/channel\/UCsiRoIO6jQG2JMFYbY1lrdA\"]}]}<\/script>\n<!-- \/ Yoast SEO plugin. -->","yoast_head_json":{"title":"Strawberry Daiquiri ICE 50-pack - 24 ICE - FR","description":"Acheter maintenant Strawberry Daiquiri ICE 50-pack, un Frozen cocktail avec 5% alcohol - Le 24 ICE Frozen cocktail est le hit de l'\u00e9t\u00e9!","robots":{"index":"index","follow":"follow","max-snippet":"max-snippet:-1","max-image-preview":"max-image-preview:large","max-video-preview":"max-video-preview:-1"},"canonical":"https:\/\/24ice.com\/fr\/produit\/strawberry-daiquiri-50-pack\/","og_locale":"fr_FR","og_type":"article","og_title":"Strawberry Daiquiri ICE 50-pack - 24 ICE - FR","og_description":"Acheter maintenant Strawberry Daiquiri ICE 50-pack, un Frozen cocktail avec 5% alcohol - Le 24 ICE Frozen cocktail est le hit de l'\u00e9t\u00e9!","og_url":"https:\/\/24ice.com\/fr\/produit\/strawberry-daiquiri-50-pack\/","og_site_name":"24 ICE","article_publisher":"https:\/\/www.facebook.com\/24ICEAmsterdam\/","article_modified_time":"2025-03-17T08:33:37+00:00","og_image":[{"width":1116,"height":1080,"url":"https:\/\/24ice.com\/wp-content\/uploads\/24-ICE-50-pack-Strawberry-Daiquiri-1116x1080.png","type":"image\/png"}],"twitter_card":"summary_large_image","twitter_misc":{"Dur\u00e9e de lecture estim\u00e9e":"2 minutes"},"schema":{"@context":"https:\/\/schema.org","@graph":[{"@type":"WebPage","@id":"https:\/\/24ice.com\/fr\/produit\/strawberry-daiquiri-50-pack\/","url":"https:\/\/24ice.com\/fr\/produit\/strawberry-daiquiri-50-pack\/","name":"Strawberry Daiquiri ICE 50-pack - 24 ICE - FR","isPartOf":{"@id":"https:\/\/24ice.com\/fr\/#website"},"primaryImageOfPage":{"@id":"https:\/\/24ice.com\/fr\/produit\/strawberry-daiquiri-50-pack\/#primaryimage"},"image":{"@id":"https:\/\/24ice.com\/fr\/produit\/strawberry-daiquiri-50-pack\/#primaryimage"},"thumbnailUrl":"https:\/\/24ice.com\/wp-content\/uploads\/24-ICE-50-pack-Strawberry-Daiquiri.png","datePublished":"2021-06-14T15:16:23+00:00","dateModified":"2025-03-17T08:33:37+00:00","description":"Acheter maintenant Strawberry Daiquiri ICE 50-pack, un Frozen cocktail avec 5% alcohol - Le 24 ICE Frozen cocktail est le hit de l'\u00e9t\u00e9!","breadcrumb":{"@id":"https:\/\/24ice.com\/fr\/produit\/strawberry-daiquiri-50-pack\/#breadcrumb"},"inLanguage":"fr-FR","potentialAction":[{"@type":"ReadAction","target":["https:\/\/24ice.com\/fr\/produit\/strawberry-daiquiri-50-pack\/"]}]},{"@type":"ImageObject","inLanguage":"fr-FR","@id":"https:\/\/24ice.com\/fr\/produit\/strawberry-daiquiri-50-pack\/#primaryimage","url":"https:\/\/24ice.com\/wp-content\/uploads\/24-ICE-50-pack-Strawberry-Daiquiri.png","contentUrl":"https:\/\/24ice.com\/wp-content\/uploads\/24-ICE-50-pack-Strawberry-Daiquiri.png","width":7323,"height":7087},{"@type":"BreadcrumbList","@id":"https:\/\/24ice.com\/fr\/produit\/strawberry-daiquiri-50-pack\/#breadcrumb","itemListElement":[{"@type":"ListItem","position":1,"name":"Home","item":"https:\/\/24ice.com\/fr\/"},{"@type":"ListItem","position":2,"name":"Strawberry Daiquiri ICE"}]},{"@type":"WebSite","@id":"https:\/\/24ice.com\/fr\/#website","url":"https:\/\/24ice.com\/fr\/","name":"24 ICE","description":"Frozen Cocktails","publisher":{"@id":"https:\/\/24ice.com\/fr\/#organization"},"potentialAction":[{"@type":"SearchAction","target":{"@type":"EntryPoint","urlTemplate":"https:\/\/24ice.com\/fr\/?s={search_term_string}"},"query-input":{"@type":"PropertyValueSpecification","valueRequired":true,"valueName":"search_term_string"}}],"inLanguage":"fr-FR"},{"@type":"Organization","@id":"https:\/\/24ice.com\/fr\/#organization","name":"24 ICE B.V.","url":"https:\/\/24ice.com\/fr\/","logo":{"@type":"ImageObject","inLanguage":"fr-FR","@id":"https:\/\/24ice.com\/fr\/#\/schema\/logo\/image\/","url":"https:\/\/24ice.com\/wp-content\/uploads\/24-ICE-Combi-Logo-Zwart.png","contentUrl":"https:\/\/24ice.com\/wp-content\/uploads\/24-ICE-Combi-Logo-Zwart.png","width":5409,"height":1838,"caption":"24 ICE B.V."},"image":{"@id":"https:\/\/24ice.com\/fr\/#\/schema\/logo\/image\/"},"sameAs":["https:\/\/www.facebook.com\/24ICEAmsterdam\/","https:\/\/www.instagram.com\/24_ice\/","https:\/\/www.linkedin.com\/company\/24-ice\/","https:\/\/www.youtube.com\/channel\/UCsiRoIO6jQG2JMFYbY1lrdA"]}]}},"_links":{"self":[{"href":"https:\/\/24ice.com\/fr\/wp-json\/wp\/v2\/product\/4102","targetHints":{"allow":["GET"]}}],"collection":[{"href":"https:\/\/24ice.com\/fr\/wp-json\/wp\/v2\/product"}],"about":[{"href":"https:\/\/24ice.com\/fr\/wp-json\/wp\/v2\/types\/product"}],"wp:featuredmedia":[{"embeddable":true,"href":"https:\/\/24ice.com\/fr\/wp-json\/wp\/v2\/media\/11563"}],"wp:attachment":[{"href":"https:\/\/24ice.com\/fr\/wp-json\/wp\/v2\/media?parent=4102"}],"wp:term":[{"taxonomy":"product_brand","embeddable":true,"href":"https:\/\/24ice.com\/fr\/wp-json\/wp\/v2\/product_brand?post=4102"},{"taxonomy":"product_cat","embeddable":true,"href":"https:\/\/24ice.com\/fr\/wp-json\/wp\/v2\/product_cat?post=4102"},{"taxonomy":"product_tag","embeddable":true,"href":"https:\/\/24ice.com\/fr\/wp-json\/wp\/v2\/product_tag?post=4102"}],"curies":[{"name":"wp","href":"https:\/\/api.w.org\/{rel}","templated":true}]}}