{"id":7917,"date":"2022-05-25T09:00:49","date_gmt":"2022-05-25T07:00:49","guid":{"rendered":"https:\/\/24ice.com\/product\/pornstar-martini-50-pack\/"},"modified":"2024-12-27T09:43:31","modified_gmt":"2024-12-27T08:43:31","slug":"passion-fruit-martini-50-pack","status":"publish","type":"product","link":"https:\/\/24ice.com\/fr\/produit\/passion-fruit-martini-50-pack\/","title":{"rendered":"Pornstar Martini ICE"},"content":{"rendered":"<h2>Un cocktail plein de passion<\/h2>\n<p>Les rafra\u00eechissants Frozen Cocktails sont des poptails de toutes les couleurs et de toutes les saveurs. L&rsquo;un de ces nouveaux parfums est Pornstar Martini.<\/p>\n<p>Le cocktail original Pornstar Martini est un cocktail bien connu \u00e0 base de fruits de la passion et de vodka \u00e0 la vanille. Il a \u00e9t\u00e9 cr\u00e9\u00e9 en 1999 par le propri\u00e9taire d&rsquo;un caf\u00e9 dans le quartier londonien de Soho. Entre-temps, il est devenu l&rsquo;un des cocktails les plus populaires aux c\u00f4t\u00e9s du Mojito !<\/p>\n<p><strong>Quel est son go\u00fbt ?<\/strong><\/p>\n<p>Le Frozen Cocktail Pornstar Martini est \u00e0 base de vodka et a le go\u00fbt sucr\u00e9 du fruit de la passion et de la vanille.<\/p>\n<p><strong>Comment \u00e7a marche\u00a0?<\/strong><\/p>\n<p>Congelez les b\u00e2tonnets liquides \u00e0 une temp\u00e9rature inf\u00e9rieure \u00e0 -18\u00b0C (cong\u00e9lateur standard). Pornstar Martini est plus savoureux lorsqu&rsquo;il est compl\u00e8tement congel\u00e9, contient 5% d&rsquo;alcool et seulement 56 calories. Disponible \u00e9galement en paquet de 50.<\/p>\n","protected":false},"excerpt":{"rendered":"<p>Un cocktail plein de passion Les rafra\u00eechissants Frozen Cocktails sont des poptails de toutes les couleurs et de toutes les saveurs. L&rsquo;un de ces nouveaux parfums est Pornstar Martini. Le cocktail original Pornstar Martini est un cocktail bien connu \u00e0 base de fruits de la passion et de vodka \u00e0 la vanille. Il a \u00e9t\u00e9 [&hellip;]<\/p>\n","protected":false},"featured_media":7471,"template":"","meta":{"_acf_changed":false,"content-type":"","_improvement_type_select":"improve_an_existing","_thumb_yes_seoaic":false,"_frame_yes_seoaic":false,"seoaic_generate_description":"","seoaic_improve_instructions_prompt":"","seoaic_rollback_content_improvement":"","seoaic_idea_thumbnail_generator":"","thumbnail_generated":false,"thumbnail_generate_prompt":"","seoaic_article_description":""},"product_brand":[],"product_cat":[106],"product_tag":[],"class_list":{"0":"post-7917","1":"product","2":"type-product","3":"status-publish","4":"has-post-thumbnail","6":"product_cat-frozen-cocktail-fr","8":"first","9":"instock","10":"taxable","11":"shipping-taxable","12":"purchasable","13":"product-type-simple"},"acf":[],"yoast_head":"<!-- This site is optimized with the Yoast SEO plugin v27.2 - https:\/\/yoast.com\/product\/yoast-seo-wordpress\/ -->\n<title>Pornstar Martini ICE 50-pack - FR - 24 ICE<\/title>\n<meta name=\"description\" content=\"Acheter maintenant Pornstar Martini ICE 50-pack, un Frozen cocktail avec 5% alcohol - Le 24 ICE Frozen cocktail est le hit de l&#039;\u00e9t\u00e9!\" \/>\n<meta name=\"robots\" content=\"index, follow, max-snippet:-1, max-image-preview:large, max-video-preview:-1\" \/>\n<link rel=\"canonical\" href=\"https:\/\/24ice.com\/fr\/produit\/passion-fruit-martini-50-pack\/\" \/>\n<meta property=\"og:locale\" content=\"fr_FR\" \/>\n<meta property=\"og:type\" content=\"article\" \/>\n<meta property=\"og:title\" content=\"Pornstar Martini ICE 50-pack - FR - 24 ICE\" \/>\n<meta property=\"og:description\" content=\"Acheter maintenant Pornstar Martini ICE 50-pack, un Frozen cocktail avec 5% alcohol - Le 24 ICE Frozen cocktail est le hit de l&#039;\u00e9t\u00e9!\" \/>\n<meta property=\"og:url\" content=\"https:\/\/24ice.com\/fr\/produit\/passion-fruit-martini-50-pack\/\" \/>\n<meta property=\"og:site_name\" content=\"24 ICE\" \/>\n<meta property=\"article:publisher\" content=\"https:\/\/www.facebook.com\/24ICEAmsterdam\/\" \/>\n<meta property=\"article:modified_time\" content=\"2024-12-27T08:43:31+00:00\" \/>\n<meta property=\"og:image\" content=\"https:\/\/24ice.com\/wp-content\/uploads\/24-ICE_Omdoos_50_PornstarMartini_Comp-1119x1080.png\" \/>\n\t<meta property=\"og:image:width\" content=\"1119\" \/>\n\t<meta property=\"og:image:height\" content=\"1080\" \/>\n\t<meta property=\"og:image:type\" content=\"image\/png\" \/>\n<meta name=\"twitter:card\" content=\"summary_large_image\" \/>\n<meta name=\"twitter:label1\" content=\"Dur\u00e9e de lecture estim\u00e9e\" \/>\n\t<meta name=\"twitter:data1\" content=\"2 minutes\" \/>\n<script type=\"application\/ld+json\" class=\"yoast-schema-graph\">{\"@context\":\"https:\/\/schema.org\",\"@graph\":[{\"@type\":\"WebPage\",\"@id\":\"https:\/\/24ice.com\/fr\/produit\/passion-fruit-martini-50-pack\/\",\"url\":\"https:\/\/24ice.com\/fr\/produit\/passion-fruit-martini-50-pack\/\",\"name\":\"Pornstar Martini ICE 50-pack - FR - 24 ICE\",\"isPartOf\":{\"@id\":\"https:\/\/24ice.com\/fr\/#website\"},\"primaryImageOfPage\":{\"@id\":\"https:\/\/24ice.com\/fr\/produit\/passion-fruit-martini-50-pack\/#primaryimage\"},\"image\":{\"@id\":\"https:\/\/24ice.com\/fr\/produit\/passion-fruit-martini-50-pack\/#primaryimage\"},\"thumbnailUrl\":\"https:\/\/24ice.com\/wp-content\/uploads\/24-ICE_Omdoos_50_PornstarMartini_Comp.png\",\"datePublished\":\"2022-05-25T07:00:49+00:00\",\"dateModified\":\"2024-12-27T08:43:31+00:00\",\"description\":\"Acheter maintenant Pornstar Martini ICE 50-pack, un Frozen cocktail avec 5% alcohol - Le 24 ICE Frozen cocktail est le hit de l'\u00e9t\u00e9!\",\"breadcrumb\":{\"@id\":\"https:\/\/24ice.com\/fr\/produit\/passion-fruit-martini-50-pack\/#breadcrumb\"},\"inLanguage\":\"fr-FR\",\"potentialAction\":[{\"@type\":\"ReadAction\",\"target\":[\"https:\/\/24ice.com\/fr\/produit\/passion-fruit-martini-50-pack\/\"]}]},{\"@type\":\"ImageObject\",\"inLanguage\":\"fr-FR\",\"@id\":\"https:\/\/24ice.com\/fr\/produit\/passion-fruit-martini-50-pack\/#primaryimage\",\"url\":\"https:\/\/24ice.com\/wp-content\/uploads\/24-ICE_Omdoos_50_PornstarMartini_Comp.png\",\"contentUrl\":\"https:\/\/24ice.com\/wp-content\/uploads\/24-ICE_Omdoos_50_PornstarMartini_Comp.png\",\"width\":7345,\"height\":7087},{\"@type\":\"BreadcrumbList\",\"@id\":\"https:\/\/24ice.com\/fr\/produit\/passion-fruit-martini-50-pack\/#breadcrumb\",\"itemListElement\":[{\"@type\":\"ListItem\",\"position\":1,\"name\":\"Home\",\"item\":\"https:\/\/24ice.com\/fr\/\"},{\"@type\":\"ListItem\",\"position\":2,\"name\":\"Pornstar Martini ICE\"}]},{\"@type\":\"WebSite\",\"@id\":\"https:\/\/24ice.com\/fr\/#website\",\"url\":\"https:\/\/24ice.com\/fr\/\",\"name\":\"24 ICE\",\"description\":\"Frozen Cocktails\",\"publisher\":{\"@id\":\"https:\/\/24ice.com\/fr\/#organization\"},\"potentialAction\":[{\"@type\":\"SearchAction\",\"target\":{\"@type\":\"EntryPoint\",\"urlTemplate\":\"https:\/\/24ice.com\/fr\/?s={search_term_string}\"},\"query-input\":{\"@type\":\"PropertyValueSpecification\",\"valueRequired\":true,\"valueName\":\"search_term_string\"}}],\"inLanguage\":\"fr-FR\"},{\"@type\":\"Organization\",\"@id\":\"https:\/\/24ice.com\/fr\/#organization\",\"name\":\"24 ICE B.V.\",\"url\":\"https:\/\/24ice.com\/fr\/\",\"logo\":{\"@type\":\"ImageObject\",\"inLanguage\":\"fr-FR\",\"@id\":\"https:\/\/24ice.com\/fr\/#\/schema\/logo\/image\/\",\"url\":\"https:\/\/24ice.com\/wp-content\/uploads\/24-ICE-Combi-Logo-Zwart.png\",\"contentUrl\":\"https:\/\/24ice.com\/wp-content\/uploads\/24-ICE-Combi-Logo-Zwart.png\",\"width\":5409,\"height\":1838,\"caption\":\"24 ICE B.V.\"},\"image\":{\"@id\":\"https:\/\/24ice.com\/fr\/#\/schema\/logo\/image\/\"},\"sameAs\":[\"https:\/\/www.facebook.com\/24ICEAmsterdam\/\",\"https:\/\/www.instagram.com\/24_ice\/\",\"https:\/\/www.linkedin.com\/company\/24-ice\/\",\"https:\/\/www.youtube.com\/channel\/UCsiRoIO6jQG2JMFYbY1lrdA\"]}]}<\/script>\n<!-- \/ Yoast SEO plugin. -->","yoast_head_json":{"title":"Pornstar Martini ICE 50-pack - FR - 24 ICE","description":"Acheter maintenant Pornstar Martini ICE 50-pack, un Frozen cocktail avec 5% alcohol - Le 24 ICE Frozen cocktail est le hit de l'\u00e9t\u00e9!","robots":{"index":"index","follow":"follow","max-snippet":"max-snippet:-1","max-image-preview":"max-image-preview:large","max-video-preview":"max-video-preview:-1"},"canonical":"https:\/\/24ice.com\/fr\/produit\/passion-fruit-martini-50-pack\/","og_locale":"fr_FR","og_type":"article","og_title":"Pornstar Martini ICE 50-pack - FR - 24 ICE","og_description":"Acheter maintenant Pornstar Martini ICE 50-pack, un Frozen cocktail avec 5% alcohol - Le 24 ICE Frozen cocktail est le hit de l'\u00e9t\u00e9!","og_url":"https:\/\/24ice.com\/fr\/produit\/passion-fruit-martini-50-pack\/","og_site_name":"24 ICE","article_publisher":"https:\/\/www.facebook.com\/24ICEAmsterdam\/","article_modified_time":"2024-12-27T08:43:31+00:00","og_image":[{"width":1119,"height":1080,"url":"https:\/\/24ice.com\/wp-content\/uploads\/24-ICE_Omdoos_50_PornstarMartini_Comp-1119x1080.png","type":"image\/png"}],"twitter_card":"summary_large_image","twitter_misc":{"Dur\u00e9e de lecture estim\u00e9e":"2 minutes"},"schema":{"@context":"https:\/\/schema.org","@graph":[{"@type":"WebPage","@id":"https:\/\/24ice.com\/fr\/produit\/passion-fruit-martini-50-pack\/","url":"https:\/\/24ice.com\/fr\/produit\/passion-fruit-martini-50-pack\/","name":"Pornstar Martini ICE 50-pack - FR - 24 ICE","isPartOf":{"@id":"https:\/\/24ice.com\/fr\/#website"},"primaryImageOfPage":{"@id":"https:\/\/24ice.com\/fr\/produit\/passion-fruit-martini-50-pack\/#primaryimage"},"image":{"@id":"https:\/\/24ice.com\/fr\/produit\/passion-fruit-martini-50-pack\/#primaryimage"},"thumbnailUrl":"https:\/\/24ice.com\/wp-content\/uploads\/24-ICE_Omdoos_50_PornstarMartini_Comp.png","datePublished":"2022-05-25T07:00:49+00:00","dateModified":"2024-12-27T08:43:31+00:00","description":"Acheter maintenant Pornstar Martini ICE 50-pack, un Frozen cocktail avec 5% alcohol - Le 24 ICE Frozen cocktail est le hit de l'\u00e9t\u00e9!","breadcrumb":{"@id":"https:\/\/24ice.com\/fr\/produit\/passion-fruit-martini-50-pack\/#breadcrumb"},"inLanguage":"fr-FR","potentialAction":[{"@type":"ReadAction","target":["https:\/\/24ice.com\/fr\/produit\/passion-fruit-martini-50-pack\/"]}]},{"@type":"ImageObject","inLanguage":"fr-FR","@id":"https:\/\/24ice.com\/fr\/produit\/passion-fruit-martini-50-pack\/#primaryimage","url":"https:\/\/24ice.com\/wp-content\/uploads\/24-ICE_Omdoos_50_PornstarMartini_Comp.png","contentUrl":"https:\/\/24ice.com\/wp-content\/uploads\/24-ICE_Omdoos_50_PornstarMartini_Comp.png","width":7345,"height":7087},{"@type":"BreadcrumbList","@id":"https:\/\/24ice.com\/fr\/produit\/passion-fruit-martini-50-pack\/#breadcrumb","itemListElement":[{"@type":"ListItem","position":1,"name":"Home","item":"https:\/\/24ice.com\/fr\/"},{"@type":"ListItem","position":2,"name":"Pornstar Martini ICE"}]},{"@type":"WebSite","@id":"https:\/\/24ice.com\/fr\/#website","url":"https:\/\/24ice.com\/fr\/","name":"24 ICE","description":"Frozen Cocktails","publisher":{"@id":"https:\/\/24ice.com\/fr\/#organization"},"potentialAction":[{"@type":"SearchAction","target":{"@type":"EntryPoint","urlTemplate":"https:\/\/24ice.com\/fr\/?s={search_term_string}"},"query-input":{"@type":"PropertyValueSpecification","valueRequired":true,"valueName":"search_term_string"}}],"inLanguage":"fr-FR"},{"@type":"Organization","@id":"https:\/\/24ice.com\/fr\/#organization","name":"24 ICE B.V.","url":"https:\/\/24ice.com\/fr\/","logo":{"@type":"ImageObject","inLanguage":"fr-FR","@id":"https:\/\/24ice.com\/fr\/#\/schema\/logo\/image\/","url":"https:\/\/24ice.com\/wp-content\/uploads\/24-ICE-Combi-Logo-Zwart.png","contentUrl":"https:\/\/24ice.com\/wp-content\/uploads\/24-ICE-Combi-Logo-Zwart.png","width":5409,"height":1838,"caption":"24 ICE B.V."},"image":{"@id":"https:\/\/24ice.com\/fr\/#\/schema\/logo\/image\/"},"sameAs":["https:\/\/www.facebook.com\/24ICEAmsterdam\/","https:\/\/www.instagram.com\/24_ice\/","https:\/\/www.linkedin.com\/company\/24-ice\/","https:\/\/www.youtube.com\/channel\/UCsiRoIO6jQG2JMFYbY1lrdA"]}]}},"_links":{"self":[{"href":"https:\/\/24ice.com\/fr\/wp-json\/wp\/v2\/product\/7917","targetHints":{"allow":["GET"]}}],"collection":[{"href":"https:\/\/24ice.com\/fr\/wp-json\/wp\/v2\/product"}],"about":[{"href":"https:\/\/24ice.com\/fr\/wp-json\/wp\/v2\/types\/product"}],"wp:featuredmedia":[{"embeddable":true,"href":"https:\/\/24ice.com\/fr\/wp-json\/wp\/v2\/media\/7471"}],"wp:attachment":[{"href":"https:\/\/24ice.com\/fr\/wp-json\/wp\/v2\/media?parent=7917"}],"wp:term":[{"taxonomy":"product_brand","embeddable":true,"href":"https:\/\/24ice.com\/fr\/wp-json\/wp\/v2\/product_brand?post=7917"},{"taxonomy":"product_cat","embeddable":true,"href":"https:\/\/24ice.com\/fr\/wp-json\/wp\/v2\/product_cat?post=7917"},{"taxonomy":"product_tag","embeddable":true,"href":"https:\/\/24ice.com\/fr\/wp-json\/wp\/v2\/product_tag?post=7917"}],"curies":[{"name":"wp","href":"https:\/\/api.w.org\/{rel}","templated":true}]}}